{"id":19013,"date":"2024-12-30T12:40:40","date_gmt":"2024-12-30T11:40:40","guid":{"rendered":"https:\/\/www.wannme.com\/impressum\/"},"modified":"2026-04-14T16:09:39","modified_gmt":"2026-04-14T14:09:39","slug":"impressum","status":"publish","type":"page","link":"https:\/\/www.wannme.com\/de\/impressum\/","title":{"rendered":"Impressum"},"content":{"rendered":"\t\t<div data-elementor-type=\"wp-page\" data-elementor-id=\"19013\" class=\"elementor elementor-19013 elementor-2922\" data-elementor-post-type=\"page\">\n\t\t\t\t\t\t<section class=\"elementor-section elementor-top-section elementor-element elementor-element-93e6a62 elementor-section-height-min-height elementor-section-boxed elementor-section-height-default elementor-section-items-middle\" data-id=\"93e6a62\" data-element_type=\"section\" data-e-type=\"section\" data-settings=\"{&quot;background_background&quot;:&quot;classic&quot;}\">\n\t\t\t\t\t\t\t<div class=\"elementor-background-overlay\"><\/div>\n\t\t\t\t\t\t\t<div class=\"elementor-container elementor-column-gap-default\">\n\t\t\t\t\t<div class=\"elementor-column elementor-col-100 elementor-top-column elementor-element elementor-element-cbc70cb\" data-id=\"cbc70cb\" data-element_type=\"column\" data-e-type=\"column\">\n\t\t\t<div class=\"elementor-widget-wrap elementor-element-populated\">\n\t\t\t\t\t\t<div class=\"elementor-element elementor-element-3abeb03 elementor-hidden-mobile elementor-widget elementor-widget-spacer\" data-id=\"3abeb03\" data-element_type=\"widget\" data-e-type=\"widget\" data-widget_type=\"spacer.default\">\n\t\t\t\t<div class=\"elementor-widget-container\">\n\t\t\t\t\t\t\t<div class=\"elementor-spacer\">\n\t\t\t<div class=\"elementor-spacer-inner\"><\/div>\n\t\t<\/div>\n\t\t\t\t\t\t<\/div>\n\t\t\t\t<\/div>\n\t\t\t\t<div class=\"elementor-element elementor-element-89daa02 elementor-widget__width-initial elementor-invisible elementor-widget elementor-widget-heading\" data-id=\"89daa02\" data-element_type=\"widget\" data-e-type=\"widget\" data-settings=\"{&quot;_animation&quot;:&quot;fadeIn&quot;,&quot;_animation_delay&quot;:100}\" data-widget_type=\"heading.default\">\n\t\t\t\t<div class=\"elementor-widget-container\">\n\t\t\t\t\t<h1 class=\"elementor-heading-title elementor-size-default\">Rechtlicher Hinweis<\/h1>\t\t\t\t<\/div>\n\t\t\t\t<\/div>\n\t\t\t\t<div class=\"elementor-element elementor-element-2a8f16a elementor-hidden-mobile elementor-widget elementor-widget-spacer\" data-id=\"2a8f16a\" data-element_type=\"widget\" data-e-type=\"widget\" data-widget_type=\"spacer.default\">\n\t\t\t\t<div class=\"elementor-widget-container\">\n\t\t\t\t\t\t\t<div class=\"elementor-spacer\">\n\t\t\t<div class=\"elementor-spacer-inner\"><\/div>\n\t\t<\/div>\n\t\t\t\t\t\t<\/div>\n\t\t\t\t<\/div>\n\t\t\t\t\t<\/div>\n\t\t<\/div>\n\t\t\t\t\t<\/div>\n\t\t<\/section>\n\t\t\t\t<section class=\"elementor-section elementor-top-section elementor-element elementor-element-ecfa858 elementor-section-boxed elementor-section-height-default elementor-section-height-default\" data-id=\"ecfa858\" data-element_type=\"section\" data-e-type=\"section\">\n\t\t\t\t\t\t<div class=\"elementor-container elementor-column-gap-default\">\n\t\t\t\t\t<div class=\"elementor-column elementor-col-100 elementor-top-column elementor-element elementor-element-b1d8656\" data-id=\"b1d8656\" data-element_type=\"column\" data-e-type=\"column\">\n\t\t\t<div class=\"elementor-widget-wrap elementor-element-populated\">\n\t\t\t\t\t\t<div class=\"elementor-element elementor-element-fe3ed52 elementor-widget elementor-widget-text-editor\" data-id=\"fe3ed52\" data-element_type=\"widget\" data-e-type=\"widget\" data-widget_type=\"text-editor.default\">\n\t\t\t\t<div class=\"elementor-widget-container\">\n\t\t\t\t\t\t\t\t\t<div class=\"et_pb_section et_pb_section_2 et_section_regular\"><div class=\"et_pb_row et_pb_row_1\"><div class=\"et_pb_column et_pb_column_4_4 et_pb_column_3 et_pb_css_mix_blend_mode_passthrough et-last-child\"><div class=\"et_pb_module et_pb_text et_pb_text_2 et_pb_text_align_justified et_pb_bg_layout_light\"><div class=\"et_pb_text_inner\"><h2>1.- INHABER DER WEBSITE UND DER KONTAKTDATEN<\/h2><div>Im Sinne des spanischen Gesetzes 34\/2002 vom 11. Juli \u00fcber Dienstleistungen der Informationsgesellschaft und des elektronischen Gesch\u00e4ftsverkehrs (LSSICE) werden die Nutzer (die \u201eNutzer\u201c) der Website www.wannme.com (im Folgenden, die \u201eWebsite\u201c) dar\u00fcber informiert, dass WANNME MARKETPLACE S.L.U. (im Folgenden, die \u201eGesellschaft\u201c oder \u201eWANNME\u201c) Eigent\u00fcmerin der oben genannten Website ist. Es gelten die folgenden Angaben:<\/div><div>\u00a0<\/div><ul><li>Firma: WANNME MARKETPLACE S.L.U.<\/li><li>Steuernummer (CIF): B87935540<\/li><li>Verkehrsname: Wannme<\/li><li>Anschrift: Avenida Manoteras n\u00ba 38, Madrid (Spanien).<\/li><li>Eingetragen im Handelsregister Madrid: Band 36429, Buch 0, Registerblatt 153, 8. Abteilung, Seite M-654496.<\/li><li>Telefon und Kontakt-E-Mail: 910390250 und hola@wannme.com<\/li><\/ul><h2>2.- ALLGEMEINE NUTZUNGSBEDINGUNGEN<\/h2><div><p>\u2013 Der Nutzer greift freiwillig auf diese Website zu, was bedeutet, dass er sie in \u00dcbereinstimmung mit dem vorliegenden rechtlichen Hinweis, dem Gesetz, der Moral, Treu und Glauben und den guten Sitten nutzt.<br \/>\u2013 Mit der Nutzung dieser Website wird das Einverst\u00e4ndnis mit diesem rechtlichen Hinweis erkl\u00e4rt.<br \/>\u2013 Einige Seiten dieser Website sind f\u00fcr die Nutzer frei zug\u00e4nglich.<br \/>\u2013 F\u00fcr den Zugriff auf die Seiten der Website, die die kostenlose Demoversion enthalten, und f\u00fcr die Nutzung der Dienste von WANNME ist die Anlage eines Kontos und die Registrierung als Nutzer erforderlich. Die Registrierung setzt die Annahme der entsprechenden Gesch\u00e4ftsbedingungen voraus.<\/p><h2>3.- GEISTIGES EIGENTUM UND GEWERBLICHE SCHUTZRECHTE<\/h2><\/div><div><p>Alle Inhalte und Elemente der Website, insbesondere unter anderem Texte, Zeichnungen, Marken, Domainnamen, Logos, Grafiken, Animationen, Quellcodes, Anwendungen oder andere Elemente, sind Eigentum der Gesellschaft oder ihrer Lizenzgeber. Ihre Vervielf\u00e4ltigung, Bearbeitung, Verbreitung, \u00f6ffentliche Weitergabe und sonstige Art der Verwertung sind ohne vorherige schriftliche Zustimmung der Gesellschaft strengstens untersagt. Die Nutzer haben nur ein rein privates Nutzungsrecht, das ausschlie\u00dflich dem Zweck der Nutzung der Website dient.<br \/>Die Gesellschaft gew\u00e4hrt dem Nutzer in Bezug auf jedes Computerprogramm oder jede IT-Anwendung (\u201eSoftware\u201c) und deren Inhalte, auf die \u00fcber die Website zugegriffen werden kann, eine pers\u00f6nliche und nicht \u00fcbertragbare Lizenz zur Nutzung der Software und der Inhalte zum ausschlie\u00dflichen Zweck der Nutzung der Website. In jedem Fall ist das Kopieren, die Umwandlung, der Vertrieb, die \u00f6ffentliche Verbreitung oder jede andere Art der Verwertung oder Ver\u00e4nderung der Software und des Inhalts ohne die entsprechende Erlaubnis der Gesellschaft oder des jeweiligen Inhabers strengstens untersagt.<br \/>Der Nutzer verpflichtet sich, die Inhalte und Elemente, auf die er \u00fcber die Website zugreift, nur f\u00fcr seinen eigenen Gebrauch und Bedarf zu nutzen und sie unter keinen Umst\u00e4nden direkt oder indirekt gewerblich zu verwerten. Es ist ausdr\u00fccklich verboten, Daten oder Zeichen zu l\u00f6schen, zu umgehen oder zu manipulieren, die auf die Rechte des Website-Inhabers oder der Inhaber der in ihr vorhandenen Inhalte hinweisen. Der Zugriff auf Inhalte der Website stellt keine Erlaubnis seitens der Gesellschaft dar, die \u00fcber die in dieser Klausel ausdr\u00fccklich erteilte Erlaubnis hinausgeht.<\/p><h2>4. GEW\u00c4HRLEISTUNGS- UND HAFTUNGSAUSSCHLUSS<\/h2><h3>4.1 \u2013 Ausschluss von Gew\u00e4hrleistung und Haftung der Website<\/h3><p>Die Website wird dem Nutzer \u201ewie besehen\u201c zur Verf\u00fcgung gestellt. Der Zugriff auf die Website und ihre Nutzung sowie die Anforderung von Informationen erfolgen daher stets auf eigene Verantwortung des Nutzers und in \u00dcbereinstimmung mit den von der Gesellschaft zum jeweiligen Zeitpunkt festgelegten Bedingungen. Der Nutzer stellt die Gesellschaft von allen Sch\u00e4den frei, die der Gesellschaft durch eine missbr\u00e4uchliche Nutzung der Website durch den Nutzer entstehen.<\/p><p>Die auf der Website enthaltenen Informationen wurden aus Quellen zusammengestellt oder erhalten, die als zuverl\u00e4ssig gelten. Die Gesellschaft kann jedoch keine Gew\u00e4hr f\u00fcr die Zuverl\u00e4ssigkeit und Richtigkeit der von Dritten bereitgestellten Informationen \u00fcbernehmen, da sie keinen Einfluss auf diese Informationen hat.<\/p><p>Soweit gesetzlich zul\u00e4ssig, \u00fcbernimmt die Gesellschaft unter anderem keine Haftung f\u00fcr Verluste oder Sch\u00e4den (insbesondere auch nicht f\u00fcr direkte, indirekte oder Folgesch\u00e4den, entgangene Gesch\u00e4fte, Datenverluste (einschlie\u00dflich Benutzerdaten), entgangene Vertragsabschl\u00fcsse oder Gewinne, Verluste oder Sch\u00e4den im Zusammenhang mit Computerprogrammen oder IT-Ausr\u00fcstung), die sich aus dem Zugriff auf die Website oder aus ihrer Nutzung oder der Unm\u00f6glichkeit des Zugriffs auf die Website oder Unm\u00f6glichkeit ihrer Nutzung oder eines Teils davon ergeben k\u00f6nnen, unabh\u00e4ngig von der Ursache, einschlie\u00dflich der Unrichtigkeit der auf der Website enthaltenen Informationen, Sch\u00e4den, die der Zugriff des Nutzers auf die Website verursacht, einschlie\u00dflich Verbindungsproblemen.<br \/>Ebenso wenig \u00fcbernimmt die Gesellschaft eine Haftung f\u00fcr Handlungen oder Inhalte Dritter, auf die \u00fcber die Website zugegriffen werden kann. Dar\u00fcber hinaus \u00fcbernimmt die Gesellschaft keine Haftung f\u00fcr die mangelnde Wahrhaftigkeit, Richtigkeit oder Genauigkeit der Informationen oder anderen Informationen, die von Dritten (einschlie\u00dflich Drittanbietern, anderen Teilnehmern oder Nutzern, Mitarbeitenden der Gesellschaft und anderen) \u00fcber die Website zur Verf\u00fcgung gestellt werden.<\/p><h3>4.2 \u2013 Ausschluss von Gew\u00e4hrleistung und Haftung wegen Wartung der Website<\/h3><p>Wenngleich alle erforderlichen Sicherheitsvorkehrungen getroffen werden, \u00fcbernimmt die Gesellschaft keine Gew\u00e4hr daf\u00fcr, dass die Software oder andere Elemente, Dateien oder Inhalte der Website fehlerfrei sind, dass der Zugriff oder die Nutzung ununterbrochen m\u00f6glich ist oder dass sie frei von Viren oder anderen Elementen mit zerst\u00f6rerischen oder sch\u00e4dlichen Eigenschaften sind, und die Gesellschaft \u00fcbernimmt diesbez\u00fcglich keine Haftung. Im Falle von Wartungs-, Reparatur-, Update- oder Verbesserungsarbeiten an der Website oder einem ihrer Elemente beh\u00e4lt sich die Gesellschaft vor, den Zugriff auf diese Website ohne vorherige Ank\u00fcndigung vor\u00fcbergehend zu unterbrechen. Die Gesellschaft wird sich jedoch nach besten Kr\u00e4ften bem\u00fchen, die Nutzung der Website durch solche Vorg\u00e4nge so wenig wie m\u00f6glich zu beeintr\u00e4chtigen.<\/p><h3>4.3 \u2013 Ausschluss von Gew\u00e4hrleistung und Haftung wegen Zugriffs auf Websites Dritter<\/h3><p>Die Website kann den Nutzern Links zu Websites Dritter zur Verf\u00fcgung stellen, um die Suche nach und den Zugriff auf im Internet verf\u00fcgbaren Informationen zu erm\u00f6glichen. Die Gesellschaft kontrolliert nicht im Voraus, billigt oder bef\u00fcrwortet keine Handlungen, Leistungen, Dienste, Informationen, Daten, Dateien, Produkte oder andere Materialien, die auf Websites Dritter verf\u00fcgbar sind. Der Nutzer muss daher bei der Bewertung und Nutzung von Diensten, Leistungen, Informationen, Daten, Dateien, Produkten und sonstigen Materialien, die sich auf Websites Dritter befinden, \u00e4u\u00dferste Vorsicht walten lassen.<\/p><p>Die Gesellschaft \u00fcbernimmt keine Gew\u00e4hr oder Haftung f\u00fcr die Nutzung, den Zugang oder Sch\u00e4den jeglicher Art, die dem Nutzer durch die Nutzung von Websites oder Leistungen Dritter entstehen, und empfiehlt, die Nutzungsbedingungen und Datenschutzerkl\u00e4rungen aller Websites, deren Links sich auf dieser Website befinden, zu lesen und zu \u00fcberpr\u00fcfen, bevor eine Anfrage gestellt oder die Leistungen in Anspruch genommen werden.<\/p><h3>4.4 \u2013 Nutzung der Inhalte durch Dritte<\/h3><p>Die Gesellschaft \u00fcbernimmt keine Gew\u00e4hr daf\u00fcr, dass andere Nutzer oder Dritte die Website und ihre Inhalte ordnungsgem\u00e4\u00df und in \u00dcbereinstimmung mit den Bestimmungen der vorliegenden rechtlichen Hinweise, dem Gesetz, den allgemein anerkannten Sitten und der \u00f6ffentlichen Ordnung nutzen, noch daf\u00fcr, dass sie dies in einer sorgf\u00e4ltigen und umsichtigen Art und Weise tun.<\/p><p>Sie \u00fcbernimmt daher keine Haftung f\u00fcr das Verhalten von Nutzern oder Anbietern oder deren Nutzung der Informationen oder Inhalte der Website.<\/p><h3>4.5 \u2013 Meinungen der Nutzer<\/h3><p>Die Gesellschaft \u00fcbernimmt keine Haftung f\u00fcr die von ihren Nutzern eingestellten Meinungen.<\/p><h2>5. WERBUNG<\/h2><p>Teile der Website k\u00f6nnen Werbeinhalte enthalten oder gesponsert sein. Inserenten und Sponsoren tragen die alleinige Verantwortung daf\u00fcr, dass das zur Einstellung in die Website eingereichte Material den jeweils ma\u00dfgeblichen Gesetzen entspricht. Die Gesellschaft haftet nicht f\u00fcr Fehler, Unrichtigkeiten oder Unregelm\u00e4\u00dfigkeiten, die in der Werbung oder den gesponserten Inhalten vorhanden sein k\u00f6nnen.<\/p><p>In jedem Fall k\u00f6nnen Sie sich bei Beschwerden im Zusammenhang mit Werbeinhalten auf dieser Website an die in diesem rechtlichen Hinweis genannte Kontaktperson wenden.<\/p><h2>6. ALLGEMEIN<\/h2><p>Die Gesellschaft beh\u00e4lt sich vor, jederzeit und ohne Vorank\u00fcndigung einseitig die Aufmachung und Konfiguration der Website zu \u00e4ndern und die auf der Website enthaltenen Informationen und die f\u00fcr den Zugriff auf die Website sowie f\u00fcr deren Nutzung erforderlichen Voraussetzungen zu aktualisieren, zu \u00e4ndern oder zu l\u00f6schen. Mit der Nutzung der Website oder dem Zugriff auf sie werden die neuen Bedingungen ab dem Zeitpunkt ihrer Einf\u00fchrung anerkannt.<\/p><p>Die Gesellschaft beh\u00e4lt sich vor, jederzeit und ohne Vorank\u00fcndigung aus eigener Initiative oder auf die Bitte Dritter die von den Nutzern \u00fcbermittelten, verbreiteten oder Dritten zur Verf\u00fcgung gestellten Inhalte zu \u00fcberpr\u00fcfen und deren \u00dcbermittlung, Verbreitung oder Zurverf\u00fcgungstellung an Dritte zu verhindern, wenn sie nach Ansicht der Gesellschaft unangemessen sind.<\/p><h2>7. ANZUWENDENDES RECHT UND STREITBEILEGUNG<\/h2><p>F\u00fcr die Bedingungen dieser Website und die Beziehung zwischen dem Nutzer und WANNME gilt spanisches Recht und sie unterliegen der spanischen Gerichtsbarkeit. F\u00fcr den Fall eines Rechtsstreits zwischen dem Nutzer und WANNME vereinbaren beide Parteien als Gerichtsstand die Stadt Madrid (Spanien), es sei denn, der Gerichtsstand des Nutzers ist ma\u00dfgeblich.<\/p><\/div><\/div><\/div><\/div><\/div><\/div><div class=\"et_pb_section et_pb_section_4 et_pb_with_background et_section_regular et_pb_section--with-menu\"><div id=\"texto-footer\" class=\"et_pb_row et_pb_row_2 et_pb_row--with-menu et_pb_row_1-2_1-4_1-4\">\u00a0<\/div><\/div>\t\t\t\t\t\t\t\t<\/div>\n\t\t\t\t<\/div>\n\t\t\t\t\t<\/div>\n\t\t<\/div>\n\t\t\t\t\t<\/div>\n\t\t<\/section>\n\t\t\t\t<\/div>\n\t\t","protected":false},"excerpt":{"rendered":"<p>Rechtlicher Hinweis 1.- INHABER DER WEBSITE UND DER KONTAKTDATEN Im Sinne des spanischen Gesetzes 34\/2002 vom 11. Juli \u00fcber Dienstleistungen der Informationsgesellschaft und des elektronischen Gesch\u00e4ftsverkehrs (LSSICE) werden die Nutzer (die \u201eNutzer\u201c) der Website www.wannme.com (im Folgenden, die \u201eWebsite\u201c) dar\u00fcber &hellip; <a href=\"https:\/\/www.wannme.com\/de\/impressum\/\">Read More<\/a><\/p>\n","protected":false},"author":1,"featured_media":0,"parent":0,"menu_order":0,"comment_status":"closed","ping_status":"closed","template":"","meta":{"footnotes":""},"class_list":["post-19013","page","type-page","status-publish","hentry"],"yoast_head":"<!-- This site is optimized with the Yoast SEO plugin v27.5 - https:\/\/yoast.com\/product\/yoast-seo-wordpress\/ -->\n<title>Impressum - WANNME<\/title>\n<meta name=\"robots\" content=\"index, follow, max-snippet:-1, max-image-preview:large, max-video-preview:-1\" \/>\n<link rel=\"canonical\" href=\"https:\/\/www.wannme.com\/de\/impressum\/\" \/>\n<meta property=\"og:locale\" content=\"de_DE\" \/>\n<meta property=\"og:type\" content=\"article\" \/>\n<meta property=\"og:title\" content=\"Impressum - WANNME\" \/>\n<meta property=\"og:description\" content=\"Rechtlicher Hinweis 1.- INHABER DER WEBSITE UND DER KONTAKTDATEN Im Sinne des spanischen Gesetzes 34\/2002 vom 11. Juli \u00fcber Dienstleistungen der Informationsgesellschaft und des elektronischen Gesch\u00e4ftsverkehrs (LSSICE) werden die Nutzer (die \u201eNutzer\u201c) der Website www.wannme.com (im Folgenden, die \u201eWebsite\u201c) dar\u00fcber &hellip; Read More\" \/>\n<meta property=\"og:url\" content=\"https:\/\/www.wannme.com\/de\/impressum\/\" \/>\n<meta property=\"og:site_name\" content=\"WANNME\" \/>\n<meta property=\"article:modified_time\" content=\"2026-04-14T14:09:39+00:00\" \/>\n<meta property=\"og:image\" content=\"https:\/\/www.wannme.com\/wp-content\/uploads\/2024\/03\/Icono_Color.png\" \/>\n\t<meta property=\"og:image:width\" content=\"2340\" \/>\n\t<meta property=\"og:image:height\" content=\"810\" \/>\n\t<meta property=\"og:image:type\" content=\"image\/png\" \/>\n<meta name=\"twitter:card\" content=\"summary_large_image\" \/>\n<meta name=\"twitter:label1\" content=\"Gesch\u00e4tzte Lesezeit\" \/>\n\t<meta name=\"twitter:data1\" content=\"7\u00a0Minuten\" \/>\n<!-- \/ Yoast SEO plugin. -->","yoast_head_json":{"title":"Impressum - WANNME","robots":{"index":"index","follow":"follow","max-snippet":"max-snippet:-1","max-image-preview":"max-image-preview:large","max-video-preview":"max-video-preview:-1"},"canonical":"https:\/\/www.wannme.com\/de\/impressum\/","og_locale":"de_DE","og_type":"article","og_title":"Impressum - WANNME","og_description":"Rechtlicher Hinweis 1.- INHABER DER WEBSITE UND DER KONTAKTDATEN Im Sinne des spanischen Gesetzes 34\/2002 vom 11. Juli \u00fcber Dienstleistungen der Informationsgesellschaft und des elektronischen Gesch\u00e4ftsverkehrs (LSSICE) werden die Nutzer (die \u201eNutzer\u201c) der Website www.wannme.com (im Folgenden, die \u201eWebsite\u201c) dar\u00fcber &hellip; Read More","og_url":"https:\/\/www.wannme.com\/de\/impressum\/","og_site_name":"WANNME","article_modified_time":"2026-04-14T14:09:39+00:00","og_image":[{"width":2340,"height":810,"url":"https:\/\/www.wannme.com\/wp-content\/uploads\/2024\/03\/Icono_Color.png","type":"image\/png"}],"twitter_card":"summary_large_image","twitter_misc":{"Gesch\u00e4tzte Lesezeit":"7\u00a0Minuten"},"schema":{"@context":"https:\/\/schema.org","@graph":[{"@type":"WebPage","@id":"https:\/\/www.wannme.com\/de\/impressum\/","url":"https:\/\/www.wannme.com\/de\/impressum\/","name":"Impressum - WANNME","isPartOf":{"@id":"https:\/\/www.wannme.com\/de\/#website"},"datePublished":"2024-12-30T11:40:40+00:00","dateModified":"2026-04-14T14:09:39+00:00","breadcrumb":{"@id":"https:\/\/www.wannme.com\/de\/impressum\/#breadcrumb"},"inLanguage":"de","potentialAction":[{"@type":"ReadAction","target":["https:\/\/www.wannme.com\/de\/impressum\/"]}]},{"@type":"BreadcrumbList","@id":"https:\/\/www.wannme.com\/de\/impressum\/#breadcrumb","itemListElement":[{"@type":"ListItem","position":1,"name":"Portada","item":"https:\/\/www.wannme.com\/de\/"},{"@type":"ListItem","position":2,"name":"Impressum"}]},{"@type":"WebSite","@id":"https:\/\/www.wannme.com\/de\/#website","url":"https:\/\/www.wannme.com\/de\/","name":"WANNME","description":"Vende m\u00e1s y cobra hoy","publisher":{"@id":"https:\/\/www.wannme.com\/de\/#organization"},"potentialAction":[{"@type":"SearchAction","target":{"@type":"EntryPoint","urlTemplate":"https:\/\/www.wannme.com\/de\/?s={search_term_string}"},"query-input":{"@type":"PropertyValueSpecification","valueRequired":true,"valueName":"search_term_string"}}],"inLanguage":"de"},{"@type":"Organization","@id":"https:\/\/www.wannme.com\/de\/#organization","name":"Wannme","url":"https:\/\/www.wannme.com\/de\/","logo":{"@type":"ImageObject","inLanguage":"de","@id":"https:\/\/www.wannme.com\/de\/#\/schema\/logo\/image\/","url":"https:\/\/www.wannme.com\/wp-content\/uploads\/2024\/05\/logo-white-wannme.png","contentUrl":"https:\/\/www.wannme.com\/wp-content\/uploads\/2024\/05\/logo-white-wannme.png","width":749,"height":103,"caption":"Wannme"},"image":{"@id":"https:\/\/www.wannme.com\/de\/#\/schema\/logo\/image\/"}}]}},"_links":{"self":[{"href":"https:\/\/www.wannme.com\/de\/wp-json\/wp\/v2\/pages\/19013","targetHints":{"allow":["GET"]}}],"collection":[{"href":"https:\/\/www.wannme.com\/de\/wp-json\/wp\/v2\/pages"}],"about":[{"href":"https:\/\/www.wannme.com\/de\/wp-json\/wp\/v2\/types\/page"}],"author":[{"embeddable":true,"href":"https:\/\/www.wannme.com\/de\/wp-json\/wp\/v2\/users\/1"}],"replies":[{"embeddable":true,"href":"https:\/\/www.wannme.com\/de\/wp-json\/wp\/v2\/comments?post=19013"}],"version-history":[{"count":10,"href":"https:\/\/www.wannme.com\/de\/wp-json\/wp\/v2\/pages\/19013\/revisions"}],"predecessor-version":[{"id":29583,"href":"https:\/\/www.wannme.com\/de\/wp-json\/wp\/v2\/pages\/19013\/revisions\/29583"}],"wp:attachment":[{"href":"https:\/\/www.wannme.com\/de\/wp-json\/wp\/v2\/media?parent=19013"}],"curies":[{"name":"wp","href":"https:\/\/api.w.org\/{rel}","templated":true}]}}