{"id":19020,"date":"2024-12-30T12:41:08","date_gmt":"2024-12-30T11:41:08","guid":{"rendered":"https:\/\/www.wannme.com\/datenschutzerklaerung\/"},"modified":"2026-04-14T16:10:50","modified_gmt":"2026-04-14T14:10:50","slug":"datenschutzerklaerung","status":"publish","type":"page","link":"https:\/\/www.wannme.com\/de\/datenschutzerklaerung\/","title":{"rendered":"Datenschutzerkl\u00e4rung"},"content":{"rendered":"\t\t<div data-elementor-type=\"wp-page\" data-elementor-id=\"19020\" class=\"elementor elementor-19020 elementor-2957\" data-elementor-post-type=\"page\">\n\t\t\t\t\t\t<section class=\"elementor-section elementor-top-section elementor-element elementor-element-93e6a62 elementor-section-height-min-height elementor-section-boxed elementor-section-height-default elementor-section-items-middle\" data-id=\"93e6a62\" data-element_type=\"section\" data-e-type=\"section\" data-settings=\"{&quot;background_background&quot;:&quot;classic&quot;}\">\n\t\t\t\t\t\t\t<div class=\"elementor-background-overlay\"><\/div>\n\t\t\t\t\t\t\t<div class=\"elementor-container elementor-column-gap-default\">\n\t\t\t\t\t<div class=\"elementor-column elementor-col-100 elementor-top-column elementor-element elementor-element-cbc70cb\" data-id=\"cbc70cb\" data-element_type=\"column\" data-e-type=\"column\">\n\t\t\t<div class=\"elementor-widget-wrap elementor-element-populated\">\n\t\t\t\t\t\t<div class=\"elementor-element elementor-element-3abeb03 elementor-hidden-mobile elementor-widget elementor-widget-spacer\" data-id=\"3abeb03\" data-element_type=\"widget\" data-e-type=\"widget\" data-widget_type=\"spacer.default\">\n\t\t\t\t<div class=\"elementor-widget-container\">\n\t\t\t\t\t\t\t<div class=\"elementor-spacer\">\n\t\t\t<div class=\"elementor-spacer-inner\"><\/div>\n\t\t<\/div>\n\t\t\t\t\t\t<\/div>\n\t\t\t\t<\/div>\n\t\t\t\t<div class=\"elementor-element elementor-element-89daa02 elementor-widget__width-initial elementor-invisible elementor-widget elementor-widget-heading\" data-id=\"89daa02\" data-element_type=\"widget\" data-e-type=\"widget\" data-settings=\"{&quot;_animation&quot;:&quot;fadeIn&quot;,&quot;_animation_delay&quot;:100}\" data-widget_type=\"heading.default\">\n\t\t\t\t<div class=\"elementor-widget-container\">\n\t\t\t\t\t<h1 class=\"elementor-heading-title elementor-size-default\">Datenschutzerkl\u00e4rung<\/h1>\t\t\t\t<\/div>\n\t\t\t\t<\/div>\n\t\t\t\t<div class=\"elementor-element elementor-element-2a8f16a elementor-hidden-mobile elementor-widget elementor-widget-spacer\" data-id=\"2a8f16a\" data-element_type=\"widget\" data-e-type=\"widget\" data-widget_type=\"spacer.default\">\n\t\t\t\t<div class=\"elementor-widget-container\">\n\t\t\t\t\t\t\t<div class=\"elementor-spacer\">\n\t\t\t<div class=\"elementor-spacer-inner\"><\/div>\n\t\t<\/div>\n\t\t\t\t\t\t<\/div>\n\t\t\t\t<\/div>\n\t\t\t\t<div class=\"elementor-element elementor-element-af1250e elementor-widget elementor-widget-spacer\" data-id=\"af1250e\" data-element_type=\"widget\" data-e-type=\"widget\" data-widget_type=\"spacer.default\">\n\t\t\t\t<div class=\"elementor-widget-container\">\n\t\t\t\t\t\t\t<div class=\"elementor-spacer\">\n\t\t\t<div class=\"elementor-spacer-inner\"><\/div>\n\t\t<\/div>\n\t\t\t\t\t\t<\/div>\n\t\t\t\t<\/div>\n\t\t\t\t\t<\/div>\n\t\t<\/div>\n\t\t\t\t\t<\/div>\n\t\t<\/section>\n\t\t\t\t<section class=\"elementor-section elementor-top-section elementor-element elementor-element-ecfa858 elementor-section-boxed elementor-section-height-default elementor-section-height-default\" data-id=\"ecfa858\" data-element_type=\"section\" data-e-type=\"section\">\n\t\t\t\t\t\t<div class=\"elementor-container elementor-column-gap-default\">\n\t\t\t\t\t<div class=\"elementor-column elementor-col-100 elementor-top-column elementor-element elementor-element-b1d8656\" data-id=\"b1d8656\" data-element_type=\"column\" data-e-type=\"column\">\n\t\t\t<div class=\"elementor-widget-wrap elementor-element-populated\">\n\t\t\t\t\t\t<div class=\"elementor-element elementor-element-fe3ed52 elementor-widget elementor-widget-text-editor\" data-id=\"fe3ed52\" data-element_type=\"widget\" data-e-type=\"widget\" data-widget_type=\"text-editor.default\">\n\t\t\t\t<div class=\"elementor-widget-container\">\n\t\t\t\t\t\t\t\t\t<div class=\"et_pb_section et_pb_section_2 et_section_regular\">\n<div class=\"et_pb_row et_pb_row_1\">\n<div class=\"et_pb_column et_pb_column_4_4 et_pb_column_3 et_pb_css_mix_blend_mode_passthrough et-last-child\">\n<div class=\"et_pb_module et_pb_text et_pb_text_2 et_pb_text_align_justified et_pb_bg_layout_light\">\n<div class=\"et_pb_text_inner\">\n<div>Wenn Sie Nutzer der Website von WANNME MARKETPLACE S.L. (im Folgenden \u201eWANNME\u201c) sind, werden diese Informationen Sie interessieren:<\/div>\n<div>\u00a0<\/div>\n<div>\n<h2>1. Wer ist der Verantwortliche f\u00fcr die Verarbeitung Ihrer Daten?<\/h2>\n<ul>\n<li>Identit\u00e4t: WANNME MARKETPLACE S.L., Steuernummer (CIF) B87935540<\/li>\n<li>Postanschrift: Avenida Manoteras Nr. 38, 28050 Madrid (Spanien)<\/li>\n<li>Telefon: 910\u00a039\u00a002\u00a050<\/li>\n<li>E-Mail: privacy@wannme.com<\/li>\n<\/ul>\n<h2>2. Wann erheben wir Ihre personenbezogenen Daten?<\/h2>\n<p><strong>\u00dcber die Kontaktformulare<\/strong>: Die Website enth\u00e4lt Formulare, die es den Nutzern erm\u00f6glichen, mit WANNME in Kontakt zu treten, um Fragen zu stellen, Informationen anzufordern oder um direkt von unseren Beratern kontaktiert zu werden. Diese Formulare erfordern die Angabe personenbezogener Daten f\u00fcr ihren Versand und gegebenenfalls werden zus\u00e4tzliche Angaben erbeten, um Ihre Anfrage zu bearbeiten und Ihnen die passendste Antwort zu geben.<\/p>\n<p><strong>Beim Anlegen eines Nutzerkontos<\/strong>: Bei der Registrierung im privaten Bereich der Website werden Identifikationsdaten f\u00fcr die Anlage des Nutzers abgefragt. An dieser Stelle bitten wir auch um die Erlaubnis, Werbemitteilungen zu versenden. Wenn ein Unternehmen die Wannme-Dienste bestellt, wird es Wannme-Kunde und kann mehrere Nutzer registrieren und verwalten; in diesem Fall ist es der Wannme-Kunde, der den Nutzer mit den personenbezogenen Daten verkn\u00fcpft.<\/p>\n<p><strong>Bei der Bestellung von Leistungen<\/strong>: Im privaten Nutzerbereich k\u00f6nnen zus\u00e4tzliche Informationen eingeben werden, die f\u00fcr die Bestellung von Leistungen erforderlich sind. Die Verarbeitung personenbezogener Daten im Zusammenhang mit der Bestellung von Leistungen unterliegt den Bestimmungen der Allgemeinen Gesch\u00e4ftsbedingungen.<\/p>\n<p><strong>Bei der Nutzung der Demoversion kann es sein, dass zum Zwecke der Simulation der Geb\u00fchren zum Ausf\u00fcllen von Feldern mit personenbezogenen Daten aufgefordert wird. Wir bitten zu beachten, dass zum Testen der Funktionalit\u00e4t der Tools in der Demoversion immer fiktive Daten verwenden sollten<\/strong>.<\/p>\n<h2>\u00a0<\/h2>\n<h2>3. Zweck und Rechtsgrundlage f\u00fcr die Verwendung Ihrer Daten<\/h2>\n<p>In der folgenden Tabelle sind die Zwecke aufgef\u00fchrt, f\u00fcr die wir die uns zur Verf\u00fcgung gestellten personenbezogenen Daten verwenden k\u00f6nnen, mit Verweis auf die Rechtsgrundlage, auf der wir die Verarbeitung durchf\u00fchren d\u00fcrfen:<\/p>\n<table>\n<tbody>\n<tr>\n<th>Zweck<\/th>\n<th>Rechtsgrundlage<\/th>\n<\/tr>\n<tr>\n<td rowspan=\"2\">Bearbeitung und L\u00f6sung von Bestellungen, Anfragen, Beschwerden und Reklamationen, die Sie \u00fcber das Webformular oder andere Kontaktkan\u00e4le an uns richten und die im Zusammenhang mit unserer Website oder den von uns angebotenen Leistungen stehen.<\/td>\n<td>Die bei Absenden der Anfrage erteilte Einwilligung (Artikel 6(1)\u00a0a) DSGVO)<\/td>\n<\/tr>\n<tr>\n<td>Die Erf\u00fcllung eines Vertrags, dessen Vertragspartei die betroffene Person ist (Artikel 6(1)\u00a0b) DSGVO)<\/td>\n<\/tr>\n<tr>\n<td>Registrieren des Nutzers in der Demoversion. Die Daten werden verwendet, um sein Profil zu einzurichten und ihm die Nutzung der Demofunktionen zu erm\u00f6glichen.<\/td>\n<td>Die bei Absenden der Anfrage erteilte Einwilligung (Artikel 6(1)\u00a0a) DSGVO)<\/td>\n<\/tr>\n<tr>\n<td>Registrieren eines mit einem Wannme-Kunden verkn\u00fcpften Nutzers. Die Daten werden verwendet, um sein Profil zu einzurichten und ihm die Nutzung der bestellten Funktionen zu erm\u00f6glichen und ihn mit dem Wannme-Kunden zu verkn\u00fcpfen.<\/td>\n<td>Die Erf\u00fcllung eines Vertrags, dessen Vertragspartei die betroffene Person ist (Artikel 6(1)\u00a0b) DSGVO)<\/td>\n<\/tr>\n<tr>\n<td rowspan=\"3\">Wenn wir eine Rechtslage daf\u00fcr haben, verarbeiten wir Ihre Daten, um Ihnen zus\u00e4tzliche Informationen, unseren Newsletter und Werbemitteilungen von uns oder von Partnern, deren Leistungen wir anbieten und die f\u00fcr Sie interessant sein k\u00f6nnten, zukommen zu lassen.<\/td>\n<td>Wenn die Voraussetzungen des Artikels 21 Abs.\u00a01 des spanischen Gesetzes 34\/2002 (LSSICE) f\u00fcr den Versand von elektronischen Werbemitteilungen erf\u00fcllt sind.<\/td>\n<\/tr>\n<tr>\n<td>Die erteilte Einwilligung in den Versand von Mitteilungen (Artikel 6(1)\u00a0a) DSGVO)<\/td>\n<\/tr>\n<tr>\n<td>Die Wahrung berichtigter Interessen (Art. 6(1)\u00a0f) DSGVO)<\/td>\n<\/tr>\n<tr>\n<td>Die Daten werden verarbeitet, um unseren Verpflichtungen aus Gesetz und Verordnungen nachzukommen sowie um eventuellen Gerichtsbeschl\u00fcssen oder anderen amtlichen Entscheidungen Folge zu leisten. Dazu geh\u00f6rt auch die Weitergabe Ihrer personenbezogenen Daten an Strafverfolgungsbeh\u00f6rden, wenn wir den Verdacht oder Hinweise auf eine Handlung haben, die eine Straftat darstellen k\u00f6nnte.<\/td>\n<td>Erf\u00fcllung unserer rechtlichen Verpflichtungen (Art. 6(1)\u00a0c) DSGVO)<\/td>\n<\/tr>\n<tr>\n<td rowspan=\"2\">Bearbeiten und L\u00f6sen von Anfragen, Beschwerden und Reklamationen, die Sie an uns richten und die sich auf unsere Website oder die von uns angebotenen Leistungen im Zusammenhang mit der Erf\u00fcllung eines bestimmten Vertrags beziehen k\u00f6nnen.<\/td>\n<td>Die bei Absenden der Anfrage erteilte Einwilligung (Artikel 6(1)\u00a0a) DSGVO)<\/td>\n<\/tr>\n<tr>\n<td>Die Erf\u00fcllung eines Vertrags, dessen Vertragspartei die betroffene Person ist (Artikel 6(1)\u00a0b) DSGVO)<\/td>\n<\/tr>\n<tr>\n<td>Versand von Frageb\u00f6gen und Umfragen, um den Grad der Zufriedenheit der Nutzer und Kunden zu ermitteln und die Qualit\u00e4t unserer Leistungen zu verbessern.<\/td>\n<td>Die Wahrung berichtigter Interessen (Art. 6(1)\u00a0f) DSGVO)<\/td>\n<\/tr>\n<tr>\n<td>Informationen \u00fcber unsere Interaktion mit Ihnen zu analysieren, um unser Engagement zu verbessern oder Untersuchungen und Statistiken durchzuf\u00fchren, um unsere Funktionalit\u00e4t als Unternehmen, unsere Leistungen sowie unsere Beziehungen und Erfahrungen mit teilnehmenden Nutzern und Kunden zu verbessern.<\/td>\n<td>Die Wahrung berichtigter Interessen (Art. 6(1)\u00a0f) DSGVO)<\/td>\n<\/tr>\n<\/tbody>\n<\/table>\n<p>Wir weisen Sie darauf hin, dass WANNME Ihre Daten f\u00fcr statistische Zwecke anonymisiert.<\/p>\n<p><strong>Im Rahmen eines Vertragsabschlusses \u00fcber Leistungen werden die personenbezogenen Daten, die der Wannme-Kunde f\u00fcr den Vertragsabschluss zur Verf\u00fcgung stellt, sowie die Daten, die er auf der Plattform eingibt, um die Zahlungen seiner Endkunden zu verwalten, gem\u00e4\u00df den Angaben in den Allgemeinen Gesch\u00e4ftsbedingungen verwendet.<\/strong><\/p>\n<h2>\u00a0<\/h2>\n<h2>4. Wir lange speichern wir Ihre Daten?<\/h2>\n<p>Die Daten im Zusammenhang mit Anfragen, Beschwerden und Reklamationen werden so lange aufbewahrt, wie es f\u00fcr die Beantwortung und die Durchf\u00fchrung der angeforderten Bearbeitung erforderlich ist. Stehen sie im Zusammenhang mit der Erf\u00fcllung eines Vertrags, so sind sie an diesen gebunden.<\/p>\n<p>Wir verarbeiten personenbezogene Daten registrierter Nutzer, solange der Nutzer aktiv ist. Nach Abmeldung des Nutzers werden die Daten so lange gespeichert, wie dies zur Abwehr von Anspr\u00fcchen und zur Erf\u00fcllung etwaiger entstandener rechtlicher Verpflichtungen erforderlich ist.<\/p>\n<p>Nutzerkonten, die 3 Jahre lang inaktiv sind, werden automatisch gel\u00f6scht.<\/p>\n<p>Wenn Sie uns die Erlaubnis f\u00fcr den Versand von Mitteilungen erteilt haben, werden wir Ihre Daten so lange speichern, bis Sie uns mitteilen, dass Sie diese Mitteilungen nicht mehr erhalten m\u00f6chten. Wir weisen Sie darauf hin, dass alle unsere Werbemitteilungen einen Link enthalten, \u00fcber den Sie sich mit einem Klick abmelden k\u00f6nnen.<\/p>\n<p>In jedem der oben genannten F\u00e4lle werden die Daten nach Ablauf dieser Zeitr\u00e4ume f\u00fcr die gesetzlich vorgeschriebene Dauer gesperrt, um m\u00f6gliche Anspr\u00fcche abzuwehren und etwaige entstandene rechtliche Verpflichtungen zu erf\u00fcllen.<\/p>\n<h2>\u00a0<\/h2>\n<h2>5. An welche Adressaten k\u00f6nnen Ihre Daten \u00fcbermittelt werden?<\/h2>\n<p>Ihre personenbezogenen Daten werden von WANNME-Personal verarbeitet. Die Weitergabe der Daten an \u00f6ffentliche Verwaltungen ist nur zur Erf\u00fcllung rechtlicher Verpflichtungen vorgesehen.<\/p>\n<p>WANNME gibt Daten nur im Rahmen der Leistungserbringung an Dritte weiter; diese Daten\u00fcbermittlungen sind in den Allgemeinen Gesch\u00e4ftsbedingungen aufgef\u00fchrt.<\/p>\n<h2>\u00a0<\/h2>\n<h2>6. Welche Rechte haben Sie, wenn Sie uns personenbezogenen Daten zur Verf\u00fcgung stellen?<\/h2>\n<p>Wenn wir Ihre Daten verarbeiten, sollten Sie wissen, dass Sie folgende Rechte haben:<\/p>\n<ul>\n<li><u>Recht auf Auskunft und Zugriff<\/u>: Sie k\u00f6nnen erfragen, ob WANNME Daten \u00fcber Sie verarbeitet und wenn ja, Auskunft \u00fcber diese Daten erhalten.<\/li>\n<li><u>Das Recht, die Berichtigung unrichtiger Daten oder die Vervollst\u00e4ndigung unvollst\u00e4ndiger Daten zu verlangen. <\/u><\/li>\n<li><u>Das Recht, die L\u00f6schung Ihrer Daten zu verlangen<\/u>.<\/li>\n<li><u>Das Recht, die Einschr\u00e4nkung ihrer Verarbeitung zu verlangen<\/u>: In diesem Fall wird WANNME sie nur zur Geltendmachung oder Abwehr von Anspr\u00fcchen aufbewahren.<\/li>\n<li><u>Das Recht, der Verarbeitung zu widersprechen<\/u>: Wir werden die Verarbeitung personenbezogener Daten einstellen, es sei denn, die weitere Verarbeitung ist aus berechtigten Gr\u00fcnden oder zur Geltendmachung oder Abwehr von eventuellen Anspr\u00fcchen erforderlich.<\/li>\n<li><u>Das Recht auf \u00dcbertragbarkeit der Daten<\/u>: Wenn Sie w\u00fcnschen, dass Ihre Daten von einem anderen Verantwortlichen verarbeitet werden, werden wir die \u00dcbermittlung Ihrer Daten an den neuen Verantwortlichen erm\u00f6glichen.<\/li>\n<li><u>Das Recht, keiner Entscheidung unterworfen zu werden, die ausschlie\u00dflich auf einer automatisierten Verarbeitung Ihrer personenbezogenen Daten beruht. <\/u><\/li>\n<\/ul>\n<p>WANNME verarbeitet Daten auf der Grundlage der Einwilligung und Sie sollten wissen, dass Sie das Recht haben, Ihre Einwilligung jederzeit zu widerrufen, ohne dass die Rechtm\u00e4\u00dfigkeit der vor dem Widerruf erfolgten Verarbeitung ber\u00fchrt wird.<\/p>\n<p>Zur Wahrnehmung Ihrer Rechte wenden Sie sich bitte per E-Mail an <a href=\"mailto:privacy@wannme.com\">privacy@wannme.com<\/a> oder schriftlich an die in diesem Dokument angegebene Postanschrift.<\/p>\n<p>Sie k\u00f6nnen jederzeit eine Beschwerde bei der spanischen Datenschutzbeh\u00f6rde <a href=\"https:\/\/www.aepd.es\/\" target=\"_blank\" rel=\"noopener\">https:\/\/www.aepd.es\/<\/a> einreichen.<\/p>\n<p>Bitte denken Sie daran, dass Sie f\u00fcr die Daten, die Sie uns zur Verf\u00fcgung stellen, verantwortlich sind, d.\u00a0h. Ihre Daten m\u00fcssen wahrheitsgem\u00e4\u00df, zutreffend und aktuell sein.<\/p>\n<h2>\u00a0<\/h2>\n<h2>7. Wir haben wir Ihre Daten erhoben?<\/h2>\n<p>Wenn Sie sich als Nutzer der WANNME-Plattform registriert oder eines der Kontaktformulare genutzt haben, verarbeiten wir die Daten, die Sie uns im Zusammenhang mit Ihrem Nutzernamen oder durch Ausf\u00fcllen des Formulars zur Verf\u00fcgung stellen.<\/p>\n<p>Wenn Ihr Nutzername durch eine Verkn\u00fcpfung mit einem Wannme-Kunden, der die Wannme-Dienste nutzt, registriert wurde, wurden die Daten vom Wannme-Kunden zum Zeitpunkt der Registrierung des Nutzernamens bereitgestellt.<\/p>\n<p>Der Wannme-Kunde darf personenbezogene Daten Dritter nicht ohne Rechtsgrundlage angeben, und der Wannme-Kunde ist allein f\u00fcr die Rechtm\u00e4\u00dfigkeit der von ihm \u00fcbermittelten Daten verantwortlich.<\/p>\n<h2>\u00a0<\/h2>\n<h2>8.\u00a0Weitere Informationen<\/h2>\n<p><u>Nutzung durch Kinder und Jugendliche:<\/u> Unsere Dienste und Leistungen richten sich ausschlie\u00dflich an Erwachsene. In diesem Zusammenhang sammeln wir nicht wissentlich Informationen von Minderj\u00e4hrigen. Wenn Sie ein Elternteil oder gesetzlicher Vertreter sind und glauben, dass Ihr Kind oder die von Ihnen vertretene Person uns personenbezogene Daten zur Verf\u00fcgung gestellt hat, kontaktieren Sie uns bitte per E-Mail unter\u00a0<a href=\"mailto:privacy@wannme.com\">privacy@wannme.com<\/a>.<\/p>\n<p><u>Internationale Daten\u00fcbermittlungen<\/u>: Wir weisen darauf hin, dass WANNME Ihre personenbezogenen Daten nicht in Staaten au\u00dferhalb des Europ\u00e4ischen Wirtschaftsraums (EWR) \u00fcbermittelt. Sollte dies jedoch der Fall sein, werden wir einen angemessenen Schutz personenbezogener Daten gew\u00e4hrleisten, indem wir die vorgeschriebenen zul\u00e4ssigen Garantien anwenden, insbesondere die von der Europ\u00e4ischen Kommission genehmigten Standardvertragsklauseln.<\/p>\n<p><u>\u00c4nderungen<\/u>: Wir werden Ihre pers\u00f6nlichen Daten nur in \u00dcbereinstimmung mit diesem Dokument verwenden, das zum Zeitpunkt der Erfassung Ihrer Daten in Kraft ist. Im Falle einer \u00c4nderung der Verarbeitung Ihrer Daten durch WANNME werden Sie rechtzeitig dar\u00fcber in Kenntnis gesetzt werden.<\/p>\n<p><u>Kontakt mit uns:<\/u> Sollten Sie zu einem Zeitpunkt der Meinung sein, dass wir uns nicht an die Bestimmungen dieser Datenschutzerkl\u00e4rung gehalten haben, teilen Sie uns dies bitte per E-Mail an <a href=\"mailto:privacy@wannme.com\">privacy@wannme.com<\/a> mit. Wenn Sie ein Problem mit dem Schutz Ihrer Daten eskalieren m\u00f6chten oder Fragen zu dieser Datenschutzerkl\u00e4rung haben, wenden Sie sich bitte an uns. Wir helfen Ihnen gerne weiter.<\/p>\n<h3>\u00a0<\/h3>\n<p id=\"comercios\"><strong>Stand: April 2022<\/strong><\/p>\n<\/div>\n<\/div>\n<\/div>\n<\/div>\n<\/div>\n<\/div>\n<div class=\"et_pb_section et_pb_section_4 et_pb_with_background et_section_regular et_pb_section--with-menu\">\n<div id=\"texto-footer\" class=\"et_pb_row et_pb_row_2 et_pb_row--with-menu et_pb_row_1-2_1-4_1-4\">\u00a0<\/div>\n<\/div>\n\t\t\t\t\t\t\t\t<\/div>\n\t\t\t\t<\/div>\n\t\t\t\t\t<\/div>\n\t\t<\/div>\n\t\t\t\t\t<\/div>\n\t\t<\/section>\n\t\t\t\t<\/div>\n\t\t","protected":false},"excerpt":{"rendered":"<p>Datenschutzerkl\u00e4rung Wenn Sie Nutzer der Website von WANNME MARKETPLACE S.L. (im Folgenden \u201eWANNME\u201c) sind, werden diese Informationen Sie interessieren: \u00a0 1. Wer ist der Verantwortliche f\u00fcr die Verarbeitung Ihrer Daten? Identit\u00e4t: WANNME MARKETPLACE S.L., Steuernummer (CIF) B87935540 Postanschrift: Avenida Manoteras &hellip; <a href=\"https:\/\/www.wannme.com\/de\/datenschutzerklaerung\/\">Read More<\/a><\/p>\n","protected":false},"author":1,"featured_media":0,"parent":0,"menu_order":0,"comment_status":"closed","ping_status":"closed","template":"","meta":{"footnotes":""},"class_list":["post-19020","page","type-page","status-publish","hentry"],"yoast_head":"<!-- This site is optimized with the Yoast SEO plugin v27.6 - https:\/\/yoast.com\/product\/yoast-seo-wordpress\/ -->\n<title>Datenschutzerkl\u00e4rung - WANNME<\/title>\n<meta name=\"robots\" content=\"index, follow, max-snippet:-1, max-image-preview:large, max-video-preview:-1\" \/>\n<link rel=\"canonical\" href=\"https:\/\/www.wannme.com\/de\/datenschutzerklaerung\/\" \/>\n<meta property=\"og:locale\" content=\"de_DE\" \/>\n<meta property=\"og:type\" content=\"article\" \/>\n<meta property=\"og:title\" content=\"Datenschutzerkl\u00e4rung - WANNME\" \/>\n<meta property=\"og:description\" content=\"Datenschutzerkl\u00e4rung Wenn Sie Nutzer der Website von WANNME MARKETPLACE S.L. (im Folgenden \u201eWANNME\u201c) sind, werden diese Informationen Sie interessieren: \u00a0 1. Wer ist der Verantwortliche f\u00fcr die Verarbeitung Ihrer Daten? Identit\u00e4t: WANNME MARKETPLACE S.L., Steuernummer (CIF) B87935540 Postanschrift: Avenida Manoteras &hellip; Read More\" \/>\n<meta property=\"og:url\" content=\"https:\/\/www.wannme.com\/de\/datenschutzerklaerung\/\" \/>\n<meta property=\"og:site_name\" content=\"WANNME\" \/>\n<meta property=\"article:modified_time\" content=\"2026-04-14T14:10:50+00:00\" \/>\n<meta property=\"og:image\" content=\"https:\/\/www.wannme.com\/wp-content\/uploads\/2024\/03\/Icono_Color.png\" \/>\n\t<meta property=\"og:image:width\" content=\"2340\" \/>\n\t<meta property=\"og:image:height\" content=\"810\" \/>\n\t<meta property=\"og:image:type\" content=\"image\/png\" \/>\n<meta name=\"twitter:card\" content=\"summary_large_image\" \/>\n<meta name=\"twitter:label1\" content=\"Gesch\u00e4tzte Lesezeit\" \/>\n\t<meta name=\"twitter:data1\" content=\"8\u00a0Minuten\" \/>\n<!-- \/ Yoast SEO plugin. -->","yoast_head_json":{"title":"Datenschutzerkl\u00e4rung - WANNME","robots":{"index":"index","follow":"follow","max-snippet":"max-snippet:-1","max-image-preview":"max-image-preview:large","max-video-preview":"max-video-preview:-1"},"canonical":"https:\/\/www.wannme.com\/de\/datenschutzerklaerung\/","og_locale":"de_DE","og_type":"article","og_title":"Datenschutzerkl\u00e4rung - WANNME","og_description":"Datenschutzerkl\u00e4rung Wenn Sie Nutzer der Website von WANNME MARKETPLACE S.L. (im Folgenden \u201eWANNME\u201c) sind, werden diese Informationen Sie interessieren: \u00a0 1. Wer ist der Verantwortliche f\u00fcr die Verarbeitung Ihrer Daten? Identit\u00e4t: WANNME MARKETPLACE S.L., Steuernummer (CIF) B87935540 Postanschrift: Avenida Manoteras &hellip; Read More","og_url":"https:\/\/www.wannme.com\/de\/datenschutzerklaerung\/","og_site_name":"WANNME","article_modified_time":"2026-04-14T14:10:50+00:00","og_image":[{"width":2340,"height":810,"url":"https:\/\/www.wannme.com\/wp-content\/uploads\/2024\/03\/Icono_Color.png","type":"image\/png"}],"twitter_card":"summary_large_image","twitter_misc":{"Gesch\u00e4tzte Lesezeit":"8\u00a0Minuten"},"schema":{"@context":"https:\/\/schema.org","@graph":[{"@type":"WebPage","@id":"https:\/\/www.wannme.com\/de\/datenschutzerklaerung\/","url":"https:\/\/www.wannme.com\/de\/datenschutzerklaerung\/","name":"Datenschutzerkl\u00e4rung - WANNME","isPartOf":{"@id":"https:\/\/www.wannme.com\/de\/#website"},"datePublished":"2024-12-30T11:41:08+00:00","dateModified":"2026-04-14T14:10:50+00:00","breadcrumb":{"@id":"https:\/\/www.wannme.com\/de\/datenschutzerklaerung\/#breadcrumb"},"inLanguage":"de","potentialAction":[{"@type":"ReadAction","target":["https:\/\/www.wannme.com\/de\/datenschutzerklaerung\/"]}]},{"@type":"BreadcrumbList","@id":"https:\/\/www.wannme.com\/de\/datenschutzerklaerung\/#breadcrumb","itemListElement":[{"@type":"ListItem","position":1,"name":"Portada","item":"https:\/\/www.wannme.com\/de\/"},{"@type":"ListItem","position":2,"name":"Datenschutzerkl\u00e4rung"}]},{"@type":"WebSite","@id":"https:\/\/www.wannme.com\/de\/#website","url":"https:\/\/www.wannme.com\/de\/","name":"WANNME","description":"Vende m\u00e1s y cobra hoy","publisher":{"@id":"https:\/\/www.wannme.com\/de\/#organization"},"potentialAction":[{"@type":"SearchAction","target":{"@type":"EntryPoint","urlTemplate":"https:\/\/www.wannme.com\/de\/?s={search_term_string}"},"query-input":{"@type":"PropertyValueSpecification","valueRequired":true,"valueName":"search_term_string"}}],"inLanguage":"de"},{"@type":"Organization","@id":"https:\/\/www.wannme.com\/de\/#organization","name":"Wannme","url":"https:\/\/www.wannme.com\/de\/","logo":{"@type":"ImageObject","inLanguage":"de","@id":"https:\/\/www.wannme.com\/de\/#\/schema\/logo\/image\/","url":"https:\/\/www.wannme.com\/wp-content\/uploads\/2024\/05\/logo-white-wannme.png","contentUrl":"https:\/\/www.wannme.com\/wp-content\/uploads\/2024\/05\/logo-white-wannme.png","width":749,"height":103,"caption":"Wannme"},"image":{"@id":"https:\/\/www.wannme.com\/de\/#\/schema\/logo\/image\/"}}]}},"_links":{"self":[{"href":"https:\/\/www.wannme.com\/de\/wp-json\/wp\/v2\/pages\/19020","targetHints":{"allow":["GET"]}}],"collection":[{"href":"https:\/\/www.wannme.com\/de\/wp-json\/wp\/v2\/pages"}],"about":[{"href":"https:\/\/www.wannme.com\/de\/wp-json\/wp\/v2\/types\/page"}],"author":[{"embeddable":true,"href":"https:\/\/www.wannme.com\/de\/wp-json\/wp\/v2\/users\/1"}],"replies":[{"embeddable":true,"href":"https:\/\/www.wannme.com\/de\/wp-json\/wp\/v2\/comments?post=19020"}],"version-history":[{"count":7,"href":"https:\/\/www.wannme.com\/de\/wp-json\/wp\/v2\/pages\/19020\/revisions"}],"predecessor-version":[{"id":29592,"href":"https:\/\/www.wannme.com\/de\/wp-json\/wp\/v2\/pages\/19020\/revisions\/29592"}],"wp:attachment":[{"href":"https:\/\/www.wannme.com\/de\/wp-json\/wp\/v2\/media?parent=19020"}],"curies":[{"name":"wp","href":"https:\/\/api.w.org\/{rel}","templated":true}]}}