{"id":25653,"date":"2025-12-05T09:55:49","date_gmt":"2025-12-05T08:55:49","guid":{"rendered":"https:\/\/www.wannme.com\/partner-2\/"},"modified":"2026-04-14T16:14:55","modified_gmt":"2026-04-14T14:14:55","slug":"partners","status":"publish","type":"page","link":"https:\/\/www.wannme.com\/de\/partners\/","title":{"rendered":"Partners"},"content":{"rendered":"\t\t<div data-elementor-type=\"wp-page\" data-elementor-id=\"25653\" class=\"elementor elementor-25653 elementor-23712\" data-elementor-post-type=\"page\">\n\t\t\t\t<div class=\"elementor-element elementor-element-e8c41f1 e-flex e-con-boxed e-con e-parent\" data-id=\"e8c41f1\" data-element_type=\"container\" data-e-type=\"container\" data-settings=\"{&quot;background_background&quot;:&quot;classic&quot;}\">\n\t\t\t\t\t<div class=\"e-con-inner\">\n\t\t\t\t<div class=\"elementor-element elementor-element-180002a elementor-widget__width-initial elementor-widget elementor-widget-heading\" data-id=\"180002a\" data-element_type=\"widget\" data-e-type=\"widget\" data-widget_type=\"heading.default\">\n\t\t\t\t<div class=\"elementor-widget-container\">\n\t\t\t\t\t<h2 class=\"elementor-heading-title elementor-size-default\">Werden Sie Partner<\/h2>\t\t\t\t<\/div>\n\t\t\t\t<\/div>\n\t\t\t\t\t<\/div>\n\t\t\t\t<\/div>\n\t\t<div class=\"elementor-element elementor-element-37c720a e-flex e-con-boxed e-con e-parent\" data-id=\"37c720a\" data-element_type=\"container\" data-e-type=\"container\">\n\t\t\t\t\t<div class=\"e-con-inner\">\n\t\t<div class=\"elementor-element elementor-element-fa9fe16 e-con-full e-flex e-con e-child\" data-id=\"fa9fe16\" data-element_type=\"container\" data-e-type=\"container\" data-settings=\"{&quot;background_background&quot;:&quot;classic&quot;}\">\n\t\t\t\t<\/div>\n\t\t<div class=\"elementor-element elementor-element-909e7ab e-con-full e-flex e-con e-child\" data-id=\"909e7ab\" data-element_type=\"container\" data-e-type=\"container\">\n\t\t\t\t<div class=\"elementor-element elementor-element-698c2e0 elementor-widget__width-initial elementor-widget elementor-widget-heading\" data-id=\"698c2e0\" data-element_type=\"widget\" data-e-type=\"widget\" data-widget_type=\"heading.default\">\n\t\t\t\t<div class=\"elementor-widget-container\">\n\t\t\t\t\t<h2 class=\"elementor-heading-title elementor-size-default\">Erweitern Sie Ihr <span style=\"color:#F4C156\">Nutzenversprechen<\/span><\/h2>\t\t\t\t<\/div>\n\t\t\t\t<\/div>\n\t\t\t\t<div class=\"elementor-element elementor-element-7aa8bb0 elementor-widget__width-initial elementor-widget elementor-widget-text-editor\" data-id=\"7aa8bb0\" data-element_type=\"widget\" data-e-type=\"widget\" data-widget_type=\"text-editor.default\">\n\t\t\t\t<div class=\"elementor-widget-container\">\n\t\t\t\t\t\t\t\t\t<p>Mit der Integration von Wannme haben Sie die M\u00f6glichkeit, Ihren Kunden eine <strong>breite Palette von M\u00f6glichkeiten<\/strong> zu bieten, darunter Bargeldvorsch\u00fcsse und verschiedene Zahlungsoptionen, von der Karte \u00fcber Bank\u00fcberweisungen und Geldb\u00f6rsen bis hin zu automatischen Abbuchungen, und <strong>das alles in einer einheitlichen und sicheren Umgebung<\/strong>.<\/p>\t\t\t\t\t\t\t\t<\/div>\n\t\t\t\t<\/div>\n\t\t\t\t<\/div>\n\t\t\t\t\t<\/div>\n\t\t\t\t<\/div>\n\t\t<div class=\"elementor-element elementor-element-68e217b e-flex e-con-boxed e-con e-parent\" data-id=\"68e217b\" data-element_type=\"container\" data-e-type=\"container\">\n\t\t\t\t\t<div class=\"e-con-inner\">\n\t\t<div class=\"elementor-element elementor-element-7d2dc98 e-con-full e-flex e-con e-child\" data-id=\"7d2dc98\" data-element_type=\"container\" data-e-type=\"container\">\n\t\t<div class=\"elementor-element elementor-element-c5f546a e-con-full e-flex e-con e-child\" data-id=\"c5f546a\" data-element_type=\"container\" data-e-type=\"container\" id=\"contenedor-hover-botones\" data-settings=\"{&quot;background_background&quot;:&quot;classic&quot;}\">\n\t\t<div class=\"elementor-element elementor-element-93c64ed e-con-full e-flex e-con e-child\" data-id=\"93c64ed\" data-element_type=\"container\" data-e-type=\"container\" data-settings=\"{&quot;background_background&quot;:&quot;classic&quot;}\">\n\t\t\t\t<\/div>\n\t\t\t\t<div class=\"elementor-element elementor-element-bcb80e4 elementor-widget__width-initial elementor-widget elementor-widget-heading\" data-id=\"bcb80e4\" data-element_type=\"widget\" data-e-type=\"widget\" data-widget_type=\"heading.default\">\n\t\t\t\t<div class=\"elementor-widget-container\">\n\t\t\t\t\t<h2 class=\"elementor-heading-title elementor-size-default\">Was m\u00f6chten Sie Ihren Kunden anbieten?<\/h2>\t\t\t\t<\/div>\n\t\t\t\t<\/div>\n\t\t<div class=\"elementor-element elementor-element-969d710 e-flex e-con-boxed e-con e-child\" data-id=\"969d710\" data-element_type=\"container\" data-e-type=\"container\">\n\t\t\t\t\t<div class=\"e-con-inner\">\n\t\t\t\t<div class=\"elementor-element elementor-element-56a8342 elementor-view-default elementor-widget elementor-widget-icon\" data-id=\"56a8342\" data-element_type=\"widget\" data-e-type=\"widget\" data-widget_type=\"icon.default\">\n\t\t\t\t<div class=\"elementor-widget-container\">\n\t\t\t\t\t\t\t<div class=\"elementor-icon-wrapper\">\n\t\t\t<div class=\"elementor-icon\">\n\t\t\t<svg xmlns=\"http:\/\/www.w3.org\/2000\/svg\" width=\"23\" height=\"23\" viewBox=\"0 0 23 23\" fill=\"none\"><rect width=\"23\" height=\"23\" rx=\"11.5\" fill=\"#F4C156\"><\/rect><path d=\"M10.0938 15.25L5.875 11.0313L6.53781 10.3684L10.0938 13.9239L16.4622 7.55594L17.125 8.21875L10.0938 15.25Z\" fill=\"#2E3F63\"><\/path><\/svg>\t\t\t<\/div>\n\t\t<\/div>\n\t\t\t\t\t\t<\/div>\n\t\t\t\t<\/div>\n\t\t\t\t<div class=\"elementor-element elementor-element-f523292 elementor-widget__width-initial elementor-widget elementor-widget-text-editor\" data-id=\"f523292\" data-element_type=\"widget\" data-e-type=\"widget\" data-widget_type=\"text-editor.default\">\n\t\t\t\t<div class=\"elementor-widget-container\">\n\t\t\t\t\t\t\t\t\t<p><strong>Verbinden Sie sich mit ihnen<\/strong>. Bieten Sie Ihren Kunden eine <a href=\"https:\/\/www.wannme.com\/servicios-de-cobro-online\/\" target=\"_blank\" rel=\"noopener\" data-fpl-component=\"primitive\">Zahlungsplattform<\/a>, die ihre Zahlungen vereinfacht und ihr Wachstum beschleunigt. <\/p>\t\t\t\t\t\t\t\t<\/div>\n\t\t\t\t<\/div>\n\t\t\t\t\t<\/div>\n\t\t\t\t<\/div>\n\t\t<div class=\"elementor-element elementor-element-75c35e4 e-flex e-con-boxed e-con e-child\" data-id=\"75c35e4\" data-element_type=\"container\" data-e-type=\"container\">\n\t\t\t\t\t<div class=\"e-con-inner\">\n\t\t\t\t<div class=\"elementor-element elementor-element-4dac0cb elementor-view-default elementor-widget elementor-widget-icon\" data-id=\"4dac0cb\" data-element_type=\"widget\" data-e-type=\"widget\" data-widget_type=\"icon.default\">\n\t\t\t\t<div class=\"elementor-widget-container\">\n\t\t\t\t\t\t\t<div class=\"elementor-icon-wrapper\">\n\t\t\t<div class=\"elementor-icon\">\n\t\t\t<svg xmlns=\"http:\/\/www.w3.org\/2000\/svg\" width=\"23\" height=\"23\" viewBox=\"0 0 23 23\" fill=\"none\"><rect width=\"23\" height=\"23\" rx=\"11.5\" fill=\"#F4C156\"><\/rect><path d=\"M10.0938 15.25L5.875 11.0313L6.53781 10.3684L10.0938 13.9239L16.4622 7.55594L17.125 8.21875L10.0938 15.25Z\" fill=\"#2E3F63\"><\/path><\/svg>\t\t\t<\/div>\n\t\t<\/div>\n\t\t\t\t\t\t<\/div>\n\t\t\t\t<\/div>\n\t\t\t\t<div class=\"elementor-element elementor-element-8612e37 elementor-widget__width-initial elementor-widget elementor-widget-text-editor\" data-id=\"8612e37\" data-element_type=\"widget\" data-e-type=\"widget\" data-widget_type=\"text-editor.default\">\n\t\t\t\t<div class=\"elementor-widget-container\">\n\t\t\t\t\t\t\t\t\t<p><strong>Loyalit\u00e4t und St\u00e4rke<\/strong>. Geben Sie Ihren Kunden die volle Kontrolle \u00fcber ihren Cashflow, indem Sie ihnen automatische Tools anbieten <\/p>\t\t\t\t\t\t\t\t<\/div>\n\t\t\t\t<\/div>\n\t\t\t\t\t<\/div>\n\t\t\t\t<\/div>\n\t\t\t\t<\/div>\n\t\t<div class=\"elementor-element elementor-element-53ea841 e-con-full e-flex e-con e-child\" data-id=\"53ea841\" data-element_type=\"container\" data-e-type=\"container\" id=\"contenedor-hover-botones\" data-settings=\"{&quot;background_background&quot;:&quot;classic&quot;}\">\n\t\t<div class=\"elementor-element elementor-element-e1ab9fa e-con-full e-flex e-con e-child\" data-id=\"e1ab9fa\" data-element_type=\"container\" data-e-type=\"container\" data-settings=\"{&quot;background_background&quot;:&quot;classic&quot;}\">\n\t\t\t\t<\/div>\n\t\t\t\t<div class=\"elementor-element elementor-element-3158146 elementor-widget__width-initial elementor-widget elementor-widget-heading\" data-id=\"3158146\" data-element_type=\"widget\" data-e-type=\"widget\" data-widget_type=\"heading.default\">\n\t\t\t\t<div class=\"elementor-widget-container\">\n\t\t\t\t\t<h2 class=\"elementor-heading-title elementor-size-default\">Vorsch\u00fcsse aus Verk\u00e4ufen<\/h2>\t\t\t\t<\/div>\n\t\t\t\t<\/div>\n\t\t<div class=\"elementor-element elementor-element-8548a48 e-flex e-con-boxed e-con e-child\" data-id=\"8548a48\" data-element_type=\"container\" data-e-type=\"container\">\n\t\t\t\t\t<div class=\"e-con-inner\">\n\t\t\t\t<div class=\"elementor-element elementor-element-288d95d elementor-view-default elementor-widget elementor-widget-icon\" data-id=\"288d95d\" data-element_type=\"widget\" data-e-type=\"widget\" data-widget_type=\"icon.default\">\n\t\t\t\t<div class=\"elementor-widget-container\">\n\t\t\t\t\t\t\t<div class=\"elementor-icon-wrapper\">\n\t\t\t<div class=\"elementor-icon\">\n\t\t\t<svg xmlns=\"http:\/\/www.w3.org\/2000\/svg\" width=\"23\" height=\"23\" viewBox=\"0 0 23 23\" fill=\"none\"><rect width=\"23\" height=\"23\" rx=\"11.5\" fill=\"#F4C156\"><\/rect><path d=\"M10.0938 15.25L5.875 11.0313L6.53781 10.3684L10.0938 13.9239L16.4622 7.55594L17.125 8.21875L10.0938 15.25Z\" fill=\"#2E3F63\"><\/path><\/svg>\t\t\t<\/div>\n\t\t<\/div>\n\t\t\t\t\t\t<\/div>\n\t\t\t\t<\/div>\n\t\t\t\t<div class=\"elementor-element elementor-element-039d0f5 elementor-widget__width-initial elementor-widget elementor-widget-text-editor\" data-id=\"039d0f5\" data-element_type=\"widget\" data-e-type=\"widget\" data-widget_type=\"text-editor.default\">\n\t\t\t\t<div class=\"elementor-widget-container\">\n\t\t\t\t\t\t\t\t\t<p><a href=\"https:\/\/www.wannme.com\/ecosistemas-marketplaces\/\"><strong>Wachsen Sie mit Ihren Verk\u00e4ufern<\/strong>.<\/a> Mit unserer L\u00f6sung erhalten sie t\u00e4glich Liquidit\u00e4t auf Marktpl\u00e4tzen.<\/p>\t\t\t\t\t\t\t\t<\/div>\n\t\t\t\t<\/div>\n\t\t\t\t\t<\/div>\n\t\t\t\t<\/div>\n\t\t<div class=\"elementor-element elementor-element-9027332 e-flex e-con-boxed e-con e-child\" data-id=\"9027332\" data-element_type=\"container\" data-e-type=\"container\">\n\t\t\t\t\t<div class=\"e-con-inner\">\n\t\t\t\t<div class=\"elementor-element elementor-element-866c53a elementor-view-default elementor-widget elementor-widget-icon\" data-id=\"866c53a\" data-element_type=\"widget\" data-e-type=\"widget\" data-widget_type=\"icon.default\">\n\t\t\t\t<div class=\"elementor-widget-container\">\n\t\t\t\t\t\t\t<div class=\"elementor-icon-wrapper\">\n\t\t\t<div class=\"elementor-icon\">\n\t\t\t<svg xmlns=\"http:\/\/www.w3.org\/2000\/svg\" width=\"23\" height=\"23\" viewBox=\"0 0 23 23\" fill=\"none\"><rect width=\"23\" height=\"23\" rx=\"11.5\" fill=\"#F4C156\"><\/rect><path d=\"M10.0938 15.25L5.875 11.0313L6.53781 10.3684L10.0938 13.9239L16.4622 7.55594L17.125 8.21875L10.0938 15.25Z\" fill=\"#2E3F63\"><\/path><\/svg>\t\t\t<\/div>\n\t\t<\/div>\n\t\t\t\t\t\t<\/div>\n\t\t\t\t<\/div>\n\t\t\t\t<div class=\"elementor-element elementor-element-a42ae76 elementor-widget__width-initial elementor-widget elementor-widget-text-editor\" data-id=\"a42ae76\" data-element_type=\"widget\" data-e-type=\"widget\" data-widget_type=\"text-editor.default\">\n\t\t\t\t<div class=\"elementor-widget-container\">\n\t\t\t\t\t\t\t\t\t<p><strong>Sie werden bekommen:<\/strong><\/p>\t\t\t\t\t\t\t\t<\/div>\n\t\t\t\t<\/div>\n\t\t\t\t\t<\/div>\n\t\t\t\t<\/div>\n\t\t\t\t<div class=\"elementor-element elementor-element-6a60da9 elementor-icon-list--layout-traditional elementor-list-item-link-full_width elementor-widget elementor-widget-icon-list\" data-id=\"6a60da9\" data-element_type=\"widget\" data-e-type=\"widget\" data-widget_type=\"icon-list.default\">\n\t\t\t\t<div class=\"elementor-widget-container\">\n\t\t\t\t\t\t\t<ul class=\"elementor-icon-list-items\">\n\t\t\t\t\t\t\t<li class=\"elementor-icon-list-item\">\n\t\t\t\t\t\t\t\t\t\t\t<span class=\"elementor-icon-list-icon\">\n\t\t\t\t\t\t\t<i aria-hidden=\"true\" class=\"icon icon-carbon_arrow-right\"><\/i>\t\t\t\t\t\t<\/span>\n\t\t\t\t\t\t\t\t\t\t<span class=\"elementor-icon-list-text\">Zugriff auf Ihr Geld in Echtzeit<\/span>\n\t\t\t\t\t\t\t\t\t<\/li>\n\t\t\t\t\t\t\t\t<li class=\"elementor-icon-list-item\">\n\t\t\t\t\t\t\t\t\t\t\t<span class=\"elementor-icon-list-icon\">\n\t\t\t\t\t\t\t<i aria-hidden=\"true\" class=\"icon icon-carbon_arrow-right\"><\/i>\t\t\t\t\t\t<\/span>\n\t\t\t\t\t\t\t\t\t\t<span class=\"elementor-icon-list-text\">Mehr Verk\u00e4ufe<\/span>\n\t\t\t\t\t\t\t\t\t<\/li>\n\t\t\t\t\t\t\t\t<li class=\"elementor-icon-list-item\">\n\t\t\t\t\t\t\t\t\t\t\t<span class=\"elementor-icon-list-icon\">\n\t\t\t\t\t\t\t<i aria-hidden=\"true\" class=\"icon icon-carbon_arrow-right\"><\/i>\t\t\t\t\t\t<\/span>\n\t\t\t\t\t\t\t\t\t\t<span class=\"elementor-icon-list-text\">Gesch\u00e4ftswachstum<\/span>\n\t\t\t\t\t\t\t\t\t<\/li>\n\t\t\t\t\t\t\t\t<li class=\"elementor-icon-list-item\">\n\t\t\t\t\t\t\t\t\t\t\t<span class=\"elementor-icon-list-icon\">\n\t\t\t\t\t\t\t<i aria-hidden=\"true\" class=\"icon icon-carbon_arrow-right\"><\/i>\t\t\t\t\t\t<\/span>\n\t\t\t\t\t\t\t\t\t\t<span class=\"elementor-icon-list-text\">Keine Geb\u00fchren f\u00fcr den Marktplatz<\/span>\n\t\t\t\t\t\t\t\t\t<\/li>\n\t\t\t\t\t\t<\/ul>\n\t\t\t\t\t\t<\/div>\n\t\t\t\t<\/div>\n\t\t\t\t<\/div>\n\t\t\t\t<\/div>\n\t\t\t\t<div class=\"elementor-element elementor-element-651fb69 elementor-widget elementor-widget-button\" data-id=\"651fb69\" data-element_type=\"widget\" data-e-type=\"widget\" data-widget_type=\"button.default\">\n\t\t\t\t<div class=\"elementor-widget-container\">\n\t\t\t\t\t\t\t\t\t<div class=\"elementor-button-wrapper\">\n\t\t\t\t\t<a class=\"elementor-button elementor-button-link elementor-size-sm\" href=\"#elementor-action%3Aaction%3Dpopup%3Aopen%26settings%3DeyJpZCI6MjU2NzYsInRvZ2dsZSI6ZmFsc2V9\">\n\t\t\t\t\t\t<span class=\"elementor-button-content-wrapper\">\n\t\t\t\t\t\t\t\t\t<span class=\"elementor-button-text\">Fangen Sie an, mehr Umsatz zu machen<\/span>\n\t\t\t\t\t<\/span>\n\t\t\t\t\t<\/a>\n\t\t\t\t<\/div>\n\t\t\t\t\t\t\t\t<\/div>\n\t\t\t\t<\/div>\n\t\t\t\t\t<\/div>\n\t\t\t\t<\/div>\n\t\t\t\t<\/div>\n\t\t","protected":false},"excerpt":{"rendered":"<p>Werden Sie Partner Erweitern Sie Ihr Nutzenversprechen Mit der Integration von Wannme haben Sie die M\u00f6glichkeit, Ihren Kunden eine breite Palette von M\u00f6glichkeiten zu bieten, darunter Bargeldvorsch\u00fcsse und verschiedene Zahlungsoptionen, von der Karte \u00fcber Bank\u00fcberweisungen und Geldb\u00f6rsen bis hin zu &hellip; <a href=\"https:\/\/www.wannme.com\/de\/partners\/\">Read More<\/a><\/p>\n","protected":false},"author":8,"featured_media":0,"parent":0,"menu_order":0,"comment_status":"closed","ping_status":"closed","template":"","meta":{"footnotes":""},"class_list":["post-25653","page","type-page","status-publish","hentry"],"yoast_head":"<!-- This site is optimized with the Yoast SEO plugin v27.5 - https:\/\/yoast.com\/product\/yoast-seo-wordpress\/ -->\n<title>Partners - WANNME<\/title>\n<meta name=\"robots\" content=\"index, follow, max-snippet:-1, max-image-preview:large, max-video-preview:-1\" \/>\n<link rel=\"canonical\" href=\"https:\/\/www.wannme.com\/de\/partners\/\" \/>\n<meta property=\"og:locale\" content=\"de_DE\" \/>\n<meta property=\"og:type\" content=\"article\" \/>\n<meta property=\"og:title\" content=\"Partners - WANNME\" \/>\n<meta property=\"og:description\" content=\"Werden Sie Partner Erweitern Sie Ihr Nutzenversprechen Mit der Integration von Wannme haben Sie die M\u00f6glichkeit, Ihren Kunden eine breite Palette von M\u00f6glichkeiten zu bieten, darunter Bargeldvorsch\u00fcsse und verschiedene Zahlungsoptionen, von der Karte \u00fcber Bank\u00fcberweisungen und Geldb\u00f6rsen bis hin zu &hellip; Read More\" \/>\n<meta property=\"og:url\" content=\"https:\/\/www.wannme.com\/de\/partners\/\" \/>\n<meta property=\"og:site_name\" content=\"WANNME\" \/>\n<meta property=\"article:modified_time\" content=\"2026-04-14T14:14:55+00:00\" \/>\n<meta property=\"og:image\" content=\"https:\/\/www.wannme.com\/wp-content\/uploads\/2024\/03\/Icono_Color.png\" \/>\n\t<meta property=\"og:image:width\" content=\"2340\" \/>\n\t<meta property=\"og:image:height\" content=\"810\" \/>\n\t<meta property=\"og:image:type\" content=\"image\/png\" \/>\n<meta name=\"twitter:card\" content=\"summary_large_image\" \/>\n<meta name=\"twitter:label1\" content=\"Gesch\u00e4tzte Lesezeit\" \/>\n\t<meta name=\"twitter:data1\" content=\"1\u00a0Minute\" \/>\n<!-- \/ Yoast SEO plugin. -->","yoast_head_json":{"title":"Partners - WANNME","robots":{"index":"index","follow":"follow","max-snippet":"max-snippet:-1","max-image-preview":"max-image-preview:large","max-video-preview":"max-video-preview:-1"},"canonical":"https:\/\/www.wannme.com\/de\/partners\/","og_locale":"de_DE","og_type":"article","og_title":"Partners - WANNME","og_description":"Werden Sie Partner Erweitern Sie Ihr Nutzenversprechen Mit der Integration von Wannme haben Sie die M\u00f6glichkeit, Ihren Kunden eine breite Palette von M\u00f6glichkeiten zu bieten, darunter Bargeldvorsch\u00fcsse und verschiedene Zahlungsoptionen, von der Karte \u00fcber Bank\u00fcberweisungen und Geldb\u00f6rsen bis hin zu &hellip; Read More","og_url":"https:\/\/www.wannme.com\/de\/partners\/","og_site_name":"WANNME","article_modified_time":"2026-04-14T14:14:55+00:00","og_image":[{"width":2340,"height":810,"url":"https:\/\/www.wannme.com\/wp-content\/uploads\/2024\/03\/Icono_Color.png","type":"image\/png"}],"twitter_card":"summary_large_image","twitter_misc":{"Gesch\u00e4tzte Lesezeit":"1\u00a0Minute"},"schema":{"@context":"https:\/\/schema.org","@graph":[{"@type":"WebPage","@id":"https:\/\/www.wannme.com\/de\/partners\/","url":"https:\/\/www.wannme.com\/de\/partners\/","name":"Partners - WANNME","isPartOf":{"@id":"https:\/\/www.wannme.com\/de\/#website"},"datePublished":"2025-12-05T08:55:49+00:00","dateModified":"2026-04-14T14:14:55+00:00","breadcrumb":{"@id":"https:\/\/www.wannme.com\/de\/partners\/#breadcrumb"},"inLanguage":"de","potentialAction":[{"@type":"ReadAction","target":["https:\/\/www.wannme.com\/de\/partners\/"]}]},{"@type":"BreadcrumbList","@id":"https:\/\/www.wannme.com\/de\/partners\/#breadcrumb","itemListElement":[{"@type":"ListItem","position":1,"name":"Portada","item":"https:\/\/www.wannme.com\/de\/"},{"@type":"ListItem","position":2,"name":"Partners"}]},{"@type":"WebSite","@id":"https:\/\/www.wannme.com\/de\/#website","url":"https:\/\/www.wannme.com\/de\/","name":"WANNME","description":"Vende m\u00e1s y cobra hoy","publisher":{"@id":"https:\/\/www.wannme.com\/de\/#organization"},"potentialAction":[{"@type":"SearchAction","target":{"@type":"EntryPoint","urlTemplate":"https:\/\/www.wannme.com\/de\/?s={search_term_string}"},"query-input":{"@type":"PropertyValueSpecification","valueRequired":true,"valueName":"search_term_string"}}],"inLanguage":"de"},{"@type":"Organization","@id":"https:\/\/www.wannme.com\/de\/#organization","name":"Wannme","url":"https:\/\/www.wannme.com\/de\/","logo":{"@type":"ImageObject","inLanguage":"de","@id":"https:\/\/www.wannme.com\/de\/#\/schema\/logo\/image\/","url":"https:\/\/www.wannme.com\/wp-content\/uploads\/2024\/05\/logo-white-wannme.png","contentUrl":"https:\/\/www.wannme.com\/wp-content\/uploads\/2024\/05\/logo-white-wannme.png","width":749,"height":103,"caption":"Wannme"},"image":{"@id":"https:\/\/www.wannme.com\/de\/#\/schema\/logo\/image\/"}}]}},"_links":{"self":[{"href":"https:\/\/www.wannme.com\/de\/wp-json\/wp\/v2\/pages\/25653","targetHints":{"allow":["GET"]}}],"collection":[{"href":"https:\/\/www.wannme.com\/de\/wp-json\/wp\/v2\/pages"}],"about":[{"href":"https:\/\/www.wannme.com\/de\/wp-json\/wp\/v2\/types\/page"}],"author":[{"embeddable":true,"href":"https:\/\/www.wannme.com\/de\/wp-json\/wp\/v2\/users\/8"}],"replies":[{"embeddable":true,"href":"https:\/\/www.wannme.com\/de\/wp-json\/wp\/v2\/comments?post=25653"}],"version-history":[{"count":10,"href":"https:\/\/www.wannme.com\/de\/wp-json\/wp\/v2\/pages\/25653\/revisions"}],"predecessor-version":[{"id":29598,"href":"https:\/\/www.wannme.com\/de\/wp-json\/wp\/v2\/pages\/25653\/revisions\/29598"}],"wp:attachment":[{"href":"https:\/\/www.wannme.com\/de\/wp-json\/wp\/v2\/media?parent=25653"}],"curies":[{"name":"wp","href":"https:\/\/api.w.org\/{rel}","templated":true}]}}