{"id":18875,"date":"2024-12-30T12:31:24","date_gmt":"2024-12-30T11:31:24","guid":{"rendered":"https:\/\/www.wannme.com\/aspects-legaux\/"},"modified":"2026-04-14T15:36:31","modified_gmt":"2026-04-14T13:36:31","slug":"aspects-legaux","status":"publish","type":"page","link":"https:\/\/www.wannme.com\/fr\/aspects-legaux\/","title":{"rendered":"Aspects l\u00e9gaux"},"content":{"rendered":"\t\t<div data-elementor-type=\"wp-page\" data-elementor-id=\"18875\" class=\"elementor elementor-18875 elementor-2922\" data-elementor-post-type=\"page\">\n\t\t\t\t\t\t<section class=\"elementor-section elementor-top-section elementor-element elementor-element-93e6a62 elementor-section-height-min-height elementor-section-boxed elementor-section-height-default elementor-section-items-middle\" data-id=\"93e6a62\" data-element_type=\"section\" data-e-type=\"section\" data-settings=\"{&quot;background_background&quot;:&quot;classic&quot;}\">\n\t\t\t\t\t\t\t<div class=\"elementor-background-overlay\"><\/div>\n\t\t\t\t\t\t\t<div class=\"elementor-container elementor-column-gap-default\">\n\t\t\t\t\t<div class=\"elementor-column elementor-col-100 elementor-top-column elementor-element elementor-element-cbc70cb\" data-id=\"cbc70cb\" data-element_type=\"column\" data-e-type=\"column\">\n\t\t\t<div class=\"elementor-widget-wrap elementor-element-populated\">\n\t\t\t\t\t\t<div class=\"elementor-element elementor-element-3abeb03 elementor-hidden-mobile elementor-widget elementor-widget-spacer\" data-id=\"3abeb03\" data-element_type=\"widget\" data-e-type=\"widget\" data-widget_type=\"spacer.default\">\n\t\t\t\t<div class=\"elementor-widget-container\">\n\t\t\t\t\t\t\t<div class=\"elementor-spacer\">\n\t\t\t<div class=\"elementor-spacer-inner\"><\/div>\n\t\t<\/div>\n\t\t\t\t\t\t<\/div>\n\t\t\t\t<\/div>\n\t\t\t\t<div class=\"elementor-element elementor-element-89daa02 elementor-widget__width-initial elementor-invisible elementor-widget elementor-widget-heading\" data-id=\"89daa02\" data-element_type=\"widget\" data-e-type=\"widget\" data-settings=\"{&quot;_animation&quot;:&quot;fadeIn&quot;,&quot;_animation_delay&quot;:100}\" data-widget_type=\"heading.default\">\n\t\t\t\t<div class=\"elementor-widget-container\">\n\t\t\t\t\t<h1 class=\"elementor-heading-title elementor-size-default\">Mentions l\u00e9gales<\/h1>\t\t\t\t<\/div>\n\t\t\t\t<\/div>\n\t\t\t\t<div class=\"elementor-element elementor-element-2a8f16a elementor-hidden-mobile elementor-widget elementor-widget-spacer\" data-id=\"2a8f16a\" data-element_type=\"widget\" data-e-type=\"widget\" data-widget_type=\"spacer.default\">\n\t\t\t\t<div class=\"elementor-widget-container\">\n\t\t\t\t\t\t\t<div class=\"elementor-spacer\">\n\t\t\t<div class=\"elementor-spacer-inner\"><\/div>\n\t\t<\/div>\n\t\t\t\t\t\t<\/div>\n\t\t\t\t<\/div>\n\t\t\t\t\t<\/div>\n\t\t<\/div>\n\t\t\t\t\t<\/div>\n\t\t<\/section>\n\t\t\t\t<section class=\"elementor-section elementor-top-section elementor-element elementor-element-ecfa858 elementor-section-boxed elementor-section-height-default elementor-section-height-default\" data-id=\"ecfa858\" data-element_type=\"section\" data-e-type=\"section\">\n\t\t\t\t\t\t<div class=\"elementor-container elementor-column-gap-default\">\n\t\t\t\t\t<div class=\"elementor-column elementor-col-100 elementor-top-column elementor-element elementor-element-b1d8656\" data-id=\"b1d8656\" data-element_type=\"column\" data-e-type=\"column\">\n\t\t\t<div class=\"elementor-widget-wrap elementor-element-populated\">\n\t\t\t\t\t\t<div class=\"elementor-element elementor-element-fe3ed52 elementor-widget elementor-widget-text-editor\" data-id=\"fe3ed52\" data-element_type=\"widget\" data-e-type=\"widget\" data-widget_type=\"text-editor.default\">\n\t\t\t\t<div class=\"elementor-widget-container\">\n\t\t\t\t\t\t\t\t\t<div class=\"et_pb_section et_pb_section_2 et_section_regular\"><div class=\"et_pb_row et_pb_row_1\"><div class=\"et_pb_column et_pb_column_4_4 et_pb_column_3 et_pb_css_mix_blend_mode_passthrough et-last-child\"><div class=\"et_pb_module et_pb_text et_pb_text_2 et_pb_text_align_justified et_pb_bg_layout_light\"><div class=\"et_pb_text_inner\"><h2>1.- PROPRI\u00c9T\u00c9 DU SITE WEB ET COORDONN\u00c9ES DE CONTACT<\/h2><div>Conform\u00e9ment \u00e0 la loi 34\/2002, du 11 juillet, sur les services de la soci\u00e9t\u00e9 de l\u2019information et le commerce \u00e9lectronique (LSSICE), en tant qu\u2019utilisateurs (\u00ab\u00a0Utilisateurs\u00a0\u00bb) du site web www.wannme.com (ci-apr\u00e8s, le \u00ab\u00a0Site web\u00a0\u00bb) nous vous informons que WANNME MARKETPLACE, S.L.U. (ci-apr\u00e8s, la \u00ab\u00a0Soci\u00e9t\u00e9\u00a0\u00bb ou \u00ab\u00a0WANNME\u00a0\u00bb) est propri\u00e9taire du Site web susmentionn\u00e9, dont les d\u00e9tails sont les suivants\u00a0:<\/div><div>\u00a0<\/div><ul><li>Raison sociale\u00a0: WANNME MARKETPLACE, S.L.U.<\/li><li>Code d\u2019identification fiscale (CIF)\u00a0: B87935540<\/li><li>Nom commercial\u00a0: Wannme<\/li><li>Adresse\u00a0: Avenida Manoteras n\u00ba\u00a038, Madrid (Espagne).<\/li><li>Inscription au registre du commerce de Madrid\u00a0: Tome\u00a036429, livre\u00a00, folio\u00a0153, section\u00a08, page\u00a0M-654496.<\/li><li>T\u00e9l\u00e9phone et adresse \u00e9lectronique\u00a0: (+34)\u00a0910\u00a0390\u00a0250 et hola@wannme.com<\/li><\/ul><h2>2.- CONDITIONS G\u00c9N\u00c9RALES D\u2019UTILISATION<\/h2><div><p>\u2013 L\u2019utilisateur acc\u00e8de volontairement \u00e0 ce site web, ce qui implique qu\u2019il doit l\u2019utiliser conform\u00e9ment \u00e0 ces mentions l\u00e9gales, \u00e0 la loi, \u00e0 la morale, \u00e0 la bonne foi et\/ou aux bonnes m\u0153urs.<br \/>\u2013 L\u2019utilisation de ce Site web implique l\u2019acceptation de ces mentions l\u00e9gales.<br \/>\u2013 Certaines pages de ce Site web peuvent \u00eatre consult\u00e9es librement par les utilisateurs.<br \/>\u2013 Pour acc\u00e9der aux pages du Site web qui contiennent la d\u00e9monstration gratuite et permettent de souscrire les services de WANNME, vous devez cr\u00e9er un compte et vous inscrire en tant qu\u2019utilisateur. Pour vous inscrire, vous devez accepter les conditions g\u00e9n\u00e9rales correspondantes.<\/p><h2>3.- DROITS DE PROPRI\u00c9T\u00c9 INTELLECTUELLE<\/h2><\/div><div><p>Tous les contenus et \u00e9l\u00e9ments du Site web, y compris, entre autres, les textes, dessins, marques, noms de domaine, logos, graphiques, animations, codes sources, applications ou tout autre \u00e9l\u00e9ment appartiennent \u00e0 la Soci\u00e9t\u00e9 ou aux donneurs de licence avec qui elle a pass\u00e9 des accords. Leur reproduction, transformation, distribution ou communication publique, ainsi que tout autre acte de disposition sont strictement interdits, sauf autorisation de la Soci\u00e9t\u00e9 \u00e0 ces fins. Les Utilisateurs ont uniquement un droit d\u2019utilisation strictement priv\u00e9, exclusivement pour utiliser le Site web.<br \/>En ce qui concerne tout programme ou application informatique (\u00ab\u00a0Logiciel\u00a0\u00bb) et les contenus accessibles sur le Site web, la Soci\u00e9t\u00e9 donne \u00e0 l\u2019Utilisateur une autorisation personnelle et non transf\u00e9rable d\u2019utiliser le Logiciel et les contenus uniquement dans le cadre de l\u2019utilisation du Site web. En toute hypoth\u00e8se, la copie, la transformation, la distribution, la communication publique ou tout autre acte de disposition ou de modification du logiciel et de son contenu sont strictement interdits sans l\u2019autorisation pertinente de la Soci\u00e9t\u00e9 ou de son propri\u00e9taire.<br \/>L\u2019Utilisateur s\u2019engage \u00e0 utiliser les contenus et les \u00e9l\u00e9ments auxquels il acc\u00e8de sur le Site web pour son propre compte et ses besoins personnels, et en aucun cas pour une exploitation commerciale directe ou indirecte. Il est express\u00e9ment interdit de supprimer, de d\u00e9tourner ou de manipuler les donn\u00e9es ou les marques identifiant les droits du propri\u00e9taire du Site web ou des propri\u00e9taires incorpor\u00e9es dans les contenus. L\u2019acc\u00e8s aux contenus du Site web n\u2019implique aucune autorisation de la Soci\u00e9t\u00e9 allant au-del\u00e0 de celle sp\u00e9cifiquement accord\u00e9e dans la pr\u00e9sente clause.<\/p><h2>4. EXCLUSION DE GARANTIES ET RESPONSABILIT\u00c9<\/h2><h3>4.1.- Exclusion de garanties et de responsabilit\u00e9 du Site web<\/h3><p>Le Site web est mis \u00e0 disposition de l\u2019Utilisateur \u00ab\u00a0en l\u2019\u00e9tat\u00a0\u00bb et, par cons\u00e9quent, l\u2019acc\u00e8s et\/ou l\u2019utilisation du Site web ainsi que la demande d\u2019informations s\u2019effectuent toujours sous la responsabilit\u00e9 de l\u2019Utilisateur et conform\u00e9ment aux conditions \u00e9tablies par la Soci\u00e9t\u00e9 \u00e0 un moment donn\u00e9. L\u2019Utilisateur d\u00e9gage la Soci\u00e9t\u00e9 de toute responsabilit\u00e9 et s\u2019engage \u00e0 l\u2019indemniser en cas de dommages subis par celle-ci du fait de l\u2019utilisation abusive du Site par l\u2019internaute.<\/p><p>Les informations fournies sur le Site web ont \u00e9t\u00e9 compil\u00e9es ou obtenues \u00e0 partir de sources consid\u00e9r\u00e9es comme s\u00fbres. Toutefois, la Soci\u00e9t\u00e9 ne peut garantir la fiabilit\u00e9 et l\u2019exactitude des informations fournies par des tiers, car elle n\u2019a aucun contr\u00f4le sur ces informations.<\/p><p>Dans toute la mesure permise par la loi, la Soci\u00e9t\u00e9 d\u00e9cline toute responsabilit\u00e9 en cas de perte ou de dommage (y compris, entre autres, toute perte ou tout dommage direct, indirect ou cons\u00e9cutif, toute perte d\u2019activit\u00e9, de donn\u00e9es, y compris les donn\u00e9es de l\u2019Utilisateur, de contrats ou de b\u00e9n\u00e9fices, pertes ou dommages relatifs aux programmes ou \u00e9quipements informatiques) d\u00fb \u00e0 l\u2019acc\u00e8s ou \u00e0 l\u2019utilisation ou \u00e0 l\u2019impossibilit\u00e9 d\u2019acc\u00e9der ou d\u2019utiliser le Site web ou une partie de celui-ci, qu\u2019elle qu\u2019en soit la cause, y compris en cas d\u2019inexactitude des informations du Site web, et de dommages caus\u00e9s par l\u2019acc\u00e8s de l\u2019Utilisateur au Site web, y compris, entre autres, les probl\u00e8mes de connexion.<br \/>De m\u00eame, la Soci\u00e9t\u00e9 n\u2019est pas responsable des actes ou des contenus de tiers collaborateurs auxquels il est possible d\u2019acc\u00e9der par l\u2019interm\u00e9diaire du Site web. Par ailleurs, la Soci\u00e9t\u00e9 n\u2019assume aucune responsabilit\u00e9 d\u00e9coulant du manque de v\u00e9racit\u00e9, d\u2019exactitude ou de pr\u00e9cision des informations ou de toute autre information fournie par des tiers par l\u2019interm\u00e9diaire du Site web (y compris, entre autres, en tant que fournisseurs tiers, autres participants ou Utilisateurs, collaborateurs de la Soci\u00e9t\u00e9).<\/p><h3>4.2.- Exclusion de garantie et de responsabilit\u00e9 pour la maintenance du Site web<\/h3><p>Bien que toutes les mesures de s\u00e9curit\u00e9 n\u00e9cessaires aient \u00e9t\u00e9 prises, la Soci\u00e9t\u00e9 ne garantit pas que le Logiciel ou d\u2019autres \u00e9l\u00e9ments, fichiers ou contenus du site web soient exempts d\u2019erreurs, que l\u2019acc\u00e8s ou l\u2019utilisation soient ininterrompus ou qu\u2019ils ne soient pas infect\u00e9s par des virus ou tout autre \u00e9l\u00e9ment ayant des propri\u00e9t\u00e9s destructrices ou malfaisantes. La Soci\u00e9t\u00e9 d\u00e9cline donc toute responsabilit\u00e9 \u00e0 cet \u00e9gard. En cas de maintenance, de r\u00e9paration, de mise \u00e0 jour ou d\u2019am\u00e9lioration du Site web ou de l\u2019un de ses \u00e9l\u00e9ments, la Soci\u00e9t\u00e9 se r\u00e9serve le droit de suspendre temporairement l\u2019acc\u00e8s \u00e0 ce Site web sans pr\u00e9avis. Toutefois, la Soci\u00e9t\u00e9 fera tout son possible pour que ces activit\u00e9s interf\u00e8rent le moins possible avec l\u2019utilisation du Site web.<\/p><h3>4.3 Exclusion de garantie et de responsabilit\u00e9 pour l\u2019acc\u00e8s aux sites web de tiers<\/h3><p>Le Site web peut mettre \u00e0 la disposition des Utilisateurs des liens vers des sites web appartenant \u00e0 des tiers, afin de faciliter la recherche et l\u2019acc\u00e8s aux informations disponibles sur Internet. La Soci\u00e9t\u00e9 ne contr\u00f4le pas au pr\u00e9alable, n\u2019approuve pas et n\u2019assume pas la responsabilit\u00e9 des actes, services, informations, donn\u00e9es, fichiers, produits et tout type de mat\u00e9riel existant sur les sites de tiers. L\u2019Utilisateur doit donc faire preuve d\u2019une extr\u00eame prudence lors de l\u2019\u00e9valuation et de l\u2019utilisation des services, des informations, des donn\u00e9es, des fichiers, des produits et de tout type de mat\u00e9riel existant sur les sites de tiers.<\/p><p>La Soci\u00e9t\u00e9 ne garantit ni n\u2019assume aucune responsabilit\u00e9 quant \u00e0 l\u2019utilisation, l\u2019acc\u00e8s ou les dommages de toute nature caus\u00e9s \u00e0 l\u2019Utilisateur par l\u2019utilisation de sites web ou de services fournis par des tiers et recommande de consulter et d\u2019examiner les conditions d\u2019utilisation et la politique de confidentialit\u00e9 des sites dont les liens figurent sur ce Site web avant d\u2019effectuer toute demande ou d\u2019utiliser tout type de service.<\/p><h3>4.4 Utilisation des contenus par des tiers<\/h3><p>La Soci\u00e9t\u00e9 ne garantit pas que d\u2019autres utilisateurs ou collaborateurs tiers utilisent le Site web et ses contenus correctement et conform\u00e9ment aux dispositions de ces mentions l\u00e9gales, de la loi, de la morale, des bonnes m\u0153urs g\u00e9n\u00e9ralement accept\u00e9es et de l\u2019ordre public, ni qu\u2019ils le font de mani\u00e8re diligente et prudente.<\/p><p>Par cons\u00e9quent, elle d\u00e9cline toute responsabilit\u00e9 quant \u00e0 la conduite des Utilisateurs ou des Fournisseurs ou \u00e0 leur utilisation des informations ou des contenus du Site web.<\/p><h3>4.5 Avis des Utilisateurs<\/h3><p>La Soci\u00e9t\u00e9 n\u2019est pas responsable des opinions exprim\u00e9es par ses Utilisateurs.<\/p><h2>5. PUBLICIT\u00c9<\/h2><p>Certaines parties du Site web peuvent contenir de la publicit\u00e9 ou \u00eatre sponsoris\u00e9es. Les annonceurs et les sponsors sont seuls responsables de la conformit\u00e9 aux lois en vigueur du mat\u00e9riel publi\u00e9 sur le Site web. La Soci\u00e9t\u00e9 ne peut \u00eatre tenue responsable des erreurs, inexactitudes ou irr\u00e9gularit\u00e9s qui peuvent \u00eatre contenues dans la publicit\u00e9 ou les contenus des sponsors.<\/p><p>En toute hypoth\u00e8se, pour pr\u00e9senter une r\u00e9clamation relative au contenu publicitaire ins\u00e9r\u00e9 sur ce site web, vous pouvez contacter le responsable indiqu\u00e9 dans ces mentions l\u00e9gales.<\/p><h2>6. G\u00c9N\u00c9RALIT\u00c9S<\/h2><p>La Soci\u00e9t\u00e9 se r\u00e9serve le droit de modifier unilat\u00e9ralement, \u00e0 tout moment et sans pr\u00e9avis, la pr\u00e9sentation et la configuration du Site web et de mettre \u00e0 jour, modifier ou supprimer les informations contenues sur le Site, et les conditions requises pour acc\u00e9der ou utiliser le Site web. L\u2019utilisation ou l\u2019acc\u00e8s au Site web implique l\u2019acceptation des nouvelles conditions d\u00e8s le moment o\u00f9 elles sont publi\u00e9es.<\/p><p>La Soci\u00e9t\u00e9 se r\u00e9serve le droit de r\u00e9viser, \u00e0 tout moment et sans pr\u00e9avis, de sa propre initiative ou \u00e0 la demande d\u2019un tiers, les contenus transmis, diffus\u00e9s ou mis \u00e0 la disposition de tiers par les Utilisateurs et d\u2019en emp\u00eacher la transmission, la diffusion ou la mise \u00e0 la disposition de tiers si elle juge que ces contenus ne sont pas pertinents.<\/p><h2>7. L\u00c9GISLATION APPLICABLE ET R\u00c8GLEMENT DES LITIGES<\/h2><p>Les conditions relatives \u00e0 ce Site web et \u00e0 la relation entre l\u2019Utilisateur et WANNME sont r\u00e9gies par la loi et la juridiction espagnoles. En cas de d\u00e9saccord entre l\u2019utilisateur et WANNME, les deux parties se soumettent aux cours et tribunaux de la ville de Madrid (Espagne), \u00e0 condition que la juridiction de l\u2019utilisateur ne pr\u00e9vale pas.<\/p><\/div><\/div><\/div><\/div><\/div><\/div>\t\t\t\t\t\t\t\t<\/div>\n\t\t\t\t<\/div>\n\t\t\t\t\t<\/div>\n\t\t<\/div>\n\t\t\t\t\t<\/div>\n\t\t<\/section>\n\t\t\t\t<\/div>\n\t\t","protected":false},"excerpt":{"rendered":"<p>Mentions l\u00e9gales 1.- PROPRI\u00c9T\u00c9 DU SITE WEB ET COORDONN\u00c9ES DE CONTACT Conform\u00e9ment \u00e0 la loi 34\/2002, du 11 juillet, sur les services de la soci\u00e9t\u00e9 de l\u2019information et le commerce \u00e9lectronique (LSSICE), en tant qu\u2019utilisateurs (\u00ab\u00a0Utilisateurs\u00a0\u00bb) du site web www.wannme.com &hellip; <a href=\"https:\/\/www.wannme.com\/fr\/aspects-legaux\/\">Read More<\/a><\/p>\n","protected":false},"author":1,"featured_media":0,"parent":0,"menu_order":0,"comment_status":"closed","ping_status":"closed","template":"","meta":{"footnotes":""},"class_list":["post-18875","page","type-page","status-publish","hentry"],"yoast_head":"<!-- This site is optimized with the Yoast SEO plugin v27.4 - https:\/\/yoast.com\/product\/yoast-seo-wordpress\/ -->\n<title>Aspects l\u00e9gaux - WANNME<\/title>\n<meta name=\"robots\" content=\"index, follow, max-snippet:-1, max-image-preview:large, max-video-preview:-1\" \/>\n<link rel=\"canonical\" href=\"https:\/\/www.wannme.com\/fr\/aspects-legaux\/\" \/>\n<meta property=\"og:locale\" content=\"fr_FR\" \/>\n<meta property=\"og:type\" content=\"article\" \/>\n<meta property=\"og:title\" content=\"Aspects l\u00e9gaux - WANNME\" \/>\n<meta property=\"og:description\" content=\"Mentions l\u00e9gales 1.- PROPRI\u00c9T\u00c9 DU SITE WEB ET COORDONN\u00c9ES DE CONTACT Conform\u00e9ment \u00e0 la loi 34\/2002, du 11 juillet, sur les services de la soci\u00e9t\u00e9 de l\u2019information et le commerce \u00e9lectronique (LSSICE), en tant qu\u2019utilisateurs (\u00ab\u00a0Utilisateurs\u00a0\u00bb) du site web www.wannme.com &hellip; Read More\" \/>\n<meta property=\"og:url\" content=\"https:\/\/www.wannme.com\/fr\/aspects-legaux\/\" \/>\n<meta property=\"og:site_name\" content=\"WANNME\" \/>\n<meta property=\"article:modified_time\" content=\"2026-04-14T13:36:31+00:00\" \/>\n<meta property=\"og:image\" content=\"https:\/\/www.wannme.com\/wp-content\/uploads\/2024\/03\/Icono_Color.png\" \/>\n\t<meta property=\"og:image:width\" content=\"2340\" \/>\n\t<meta property=\"og:image:height\" content=\"810\" \/>\n\t<meta property=\"og:image:type\" content=\"image\/png\" \/>\n<meta name=\"twitter:card\" content=\"summary_large_image\" \/>\n<meta name=\"twitter:label1\" content=\"Dur\u00e9e de lecture estim\u00e9e\" \/>\n\t<meta name=\"twitter:data1\" content=\"8 minutes\" \/>\n<!-- \/ Yoast SEO plugin. -->","yoast_head_json":{"title":"Aspects l\u00e9gaux - WANNME","robots":{"index":"index","follow":"follow","max-snippet":"max-snippet:-1","max-image-preview":"max-image-preview:large","max-video-preview":"max-video-preview:-1"},"canonical":"https:\/\/www.wannme.com\/fr\/aspects-legaux\/","og_locale":"fr_FR","og_type":"article","og_title":"Aspects l\u00e9gaux - WANNME","og_description":"Mentions l\u00e9gales 1.- PROPRI\u00c9T\u00c9 DU SITE WEB ET COORDONN\u00c9ES DE CONTACT Conform\u00e9ment \u00e0 la loi 34\/2002, du 11 juillet, sur les services de la soci\u00e9t\u00e9 de l\u2019information et le commerce \u00e9lectronique (LSSICE), en tant qu\u2019utilisateurs (\u00ab\u00a0Utilisateurs\u00a0\u00bb) du site web www.wannme.com &hellip; Read More","og_url":"https:\/\/www.wannme.com\/fr\/aspects-legaux\/","og_site_name":"WANNME","article_modified_time":"2026-04-14T13:36:31+00:00","og_image":[{"width":2340,"height":810,"url":"https:\/\/www.wannme.com\/wp-content\/uploads\/2024\/03\/Icono_Color.png","type":"image\/png"}],"twitter_card":"summary_large_image","twitter_misc":{"Dur\u00e9e de lecture estim\u00e9e":"8 minutes"},"schema":{"@context":"https:\/\/schema.org","@graph":[{"@type":"WebPage","@id":"https:\/\/www.wannme.com\/fr\/aspects-legaux\/","url":"https:\/\/www.wannme.com\/fr\/aspects-legaux\/","name":"Aspects l\u00e9gaux - WANNME","isPartOf":{"@id":"https:\/\/www.wannme.com\/fr\/#website"},"datePublished":"2024-12-30T11:31:24+00:00","dateModified":"2026-04-14T13:36:31+00:00","breadcrumb":{"@id":"https:\/\/www.wannme.com\/fr\/aspects-legaux\/#breadcrumb"},"inLanguage":"fr-FR","potentialAction":[{"@type":"ReadAction","target":["https:\/\/www.wannme.com\/fr\/aspects-legaux\/"]}]},{"@type":"BreadcrumbList","@id":"https:\/\/www.wannme.com\/fr\/aspects-legaux\/#breadcrumb","itemListElement":[{"@type":"ListItem","position":1,"name":"Portada","item":"https:\/\/www.wannme.com\/fr\/"},{"@type":"ListItem","position":2,"name":"Aspects l\u00e9gaux"}]},{"@type":"WebSite","@id":"https:\/\/www.wannme.com\/fr\/#website","url":"https:\/\/www.wannme.com\/fr\/","name":"WANNME","description":"Vende m\u00e1s y cobra hoy","publisher":{"@id":"https:\/\/www.wannme.com\/fr\/#organization"},"potentialAction":[{"@type":"SearchAction","target":{"@type":"EntryPoint","urlTemplate":"https:\/\/www.wannme.com\/fr\/?s={search_term_string}"},"query-input":{"@type":"PropertyValueSpecification","valueRequired":true,"valueName":"search_term_string"}}],"inLanguage":"fr-FR"},{"@type":"Organization","@id":"https:\/\/www.wannme.com\/fr\/#organization","name":"Wannme","url":"https:\/\/www.wannme.com\/fr\/","logo":{"@type":"ImageObject","inLanguage":"fr-FR","@id":"https:\/\/www.wannme.com\/fr\/#\/schema\/logo\/image\/","url":"https:\/\/www.wannme.com\/wp-content\/uploads\/2024\/05\/logo-white-wannme.png","contentUrl":"https:\/\/www.wannme.com\/wp-content\/uploads\/2024\/05\/logo-white-wannme.png","width":749,"height":103,"caption":"Wannme"},"image":{"@id":"https:\/\/www.wannme.com\/fr\/#\/schema\/logo\/image\/"}}]}},"_links":{"self":[{"href":"https:\/\/www.wannme.com\/fr\/wp-json\/wp\/v2\/pages\/18875","targetHints":{"allow":["GET"]}}],"collection":[{"href":"https:\/\/www.wannme.com\/fr\/wp-json\/wp\/v2\/pages"}],"about":[{"href":"https:\/\/www.wannme.com\/fr\/wp-json\/wp\/v2\/types\/page"}],"author":[{"embeddable":true,"href":"https:\/\/www.wannme.com\/fr\/wp-json\/wp\/v2\/users\/1"}],"replies":[{"embeddable":true,"href":"https:\/\/www.wannme.com\/fr\/wp-json\/wp\/v2\/comments?post=18875"}],"version-history":[{"count":13,"href":"https:\/\/www.wannme.com\/fr\/wp-json\/wp\/v2\/pages\/18875\/revisions"}],"predecessor-version":[{"id":29517,"href":"https:\/\/www.wannme.com\/fr\/wp-json\/wp\/v2\/pages\/18875\/revisions\/29517"}],"wp:attachment":[{"href":"https:\/\/www.wannme.com\/fr\/wp-json\/wp\/v2\/media?parent=18875"}],"curies":[{"name":"wp","href":"https:\/\/api.w.org\/{rel}","templated":true}]}}