{"id":18882,"date":"2024-12-30T12:31:47","date_gmt":"2024-12-30T11:31:47","guid":{"rendered":"https:\/\/www.wannme.com\/politique-de-confidentialite\/"},"modified":"2026-04-14T15:41:26","modified_gmt":"2026-04-14T13:41:26","slug":"politique-de-confidentialite","status":"publish","type":"page","link":"https:\/\/www.wannme.com\/fr\/politique-de-confidentialite\/","title":{"rendered":"Politique de confidentialit\u00e9"},"content":{"rendered":"\t\t<div data-elementor-type=\"wp-page\" data-elementor-id=\"18882\" class=\"elementor elementor-18882 elementor-2957\" data-elementor-post-type=\"page\">\n\t\t\t\t\t\t<section class=\"elementor-section elementor-top-section elementor-element elementor-element-93e6a62 elementor-section-height-min-height elementor-section-boxed elementor-section-height-default elementor-section-items-middle\" data-id=\"93e6a62\" data-element_type=\"section\" data-e-type=\"section\" data-settings=\"{&quot;background_background&quot;:&quot;classic&quot;}\">\n\t\t\t\t\t\t\t<div class=\"elementor-background-overlay\"><\/div>\n\t\t\t\t\t\t\t<div class=\"elementor-container elementor-column-gap-default\">\n\t\t\t\t\t<div class=\"elementor-column elementor-col-100 elementor-top-column elementor-element elementor-element-cbc70cb\" data-id=\"cbc70cb\" data-element_type=\"column\" data-e-type=\"column\">\n\t\t\t<div class=\"elementor-widget-wrap elementor-element-populated\">\n\t\t\t\t\t\t<div class=\"elementor-element elementor-element-3abeb03 elementor-hidden-mobile elementor-widget elementor-widget-spacer\" data-id=\"3abeb03\" data-element_type=\"widget\" data-e-type=\"widget\" data-widget_type=\"spacer.default\">\n\t\t\t\t<div class=\"elementor-widget-container\">\n\t\t\t\t\t\t\t<div class=\"elementor-spacer\">\n\t\t\t<div class=\"elementor-spacer-inner\"><\/div>\n\t\t<\/div>\n\t\t\t\t\t\t<\/div>\n\t\t\t\t<\/div>\n\t\t\t\t<div class=\"elementor-element elementor-element-89daa02 elementor-widget__width-initial elementor-invisible elementor-widget elementor-widget-heading\" data-id=\"89daa02\" data-element_type=\"widget\" data-e-type=\"widget\" data-settings=\"{&quot;_animation&quot;:&quot;fadeIn&quot;,&quot;_animation_delay&quot;:100}\" data-widget_type=\"heading.default\">\n\t\t\t\t<div class=\"elementor-widget-container\">\n\t\t\t\t\t<h1 class=\"elementor-heading-title elementor-size-default\">Politique de confidentialit\u00e9<\/h1>\t\t\t\t<\/div>\n\t\t\t\t<\/div>\n\t\t\t\t<div class=\"elementor-element elementor-element-2a8f16a elementor-hidden-mobile elementor-widget elementor-widget-spacer\" data-id=\"2a8f16a\" data-element_type=\"widget\" data-e-type=\"widget\" data-widget_type=\"spacer.default\">\n\t\t\t\t<div class=\"elementor-widget-container\">\n\t\t\t\t\t\t\t<div class=\"elementor-spacer\">\n\t\t\t<div class=\"elementor-spacer-inner\"><\/div>\n\t\t<\/div>\n\t\t\t\t\t\t<\/div>\n\t\t\t\t<\/div>\n\t\t\t\t<div class=\"elementor-element elementor-element-af1250e elementor-widget elementor-widget-spacer\" data-id=\"af1250e\" data-element_type=\"widget\" data-e-type=\"widget\" data-widget_type=\"spacer.default\">\n\t\t\t\t<div class=\"elementor-widget-container\">\n\t\t\t\t\t\t\t<div class=\"elementor-spacer\">\n\t\t\t<div class=\"elementor-spacer-inner\"><\/div>\n\t\t<\/div>\n\t\t\t\t\t\t<\/div>\n\t\t\t\t<\/div>\n\t\t\t\t\t<\/div>\n\t\t<\/div>\n\t\t\t\t\t<\/div>\n\t\t<\/section>\n\t\t\t\t<section class=\"elementor-section elementor-top-section elementor-element elementor-element-ecfa858 elementor-section-boxed elementor-section-height-default elementor-section-height-default\" data-id=\"ecfa858\" data-element_type=\"section\" data-e-type=\"section\">\n\t\t\t\t\t\t<div class=\"elementor-container elementor-column-gap-default\">\n\t\t\t\t\t<div class=\"elementor-column elementor-col-100 elementor-top-column elementor-element elementor-element-b1d8656\" data-id=\"b1d8656\" data-element_type=\"column\" data-e-type=\"column\">\n\t\t\t<div class=\"elementor-widget-wrap elementor-element-populated\">\n\t\t\t\t\t\t<div class=\"elementor-element elementor-element-fe3ed52 elementor-widget elementor-widget-text-editor\" data-id=\"fe3ed52\" data-element_type=\"widget\" data-e-type=\"widget\" data-widget_type=\"text-editor.default\">\n\t\t\t\t<div class=\"elementor-widget-container\">\n\t\t\t\t\t\t\t\t\t<div class=\"et_pb_section et_pb_section_2 et_section_regular\"><div class=\"et_pb_row et_pb_row_1\"><div class=\"et_pb_column et_pb_column_4_4 et_pb_column_3 et_pb_css_mix_blend_mode_passthrough et-last-child\"><div class=\"et_pb_module et_pb_text et_pb_text_2 et_pb_text_align_justified et_pb_bg_layout_light\"><div class=\"et_pb_text_inner\"><div>Si vous utilisez le Site web de WANNME MARKETPLACE, S.L. (ci-apr\u00e8s WANNME), ces informations vous int\u00e9ressent\u00a0:<\/div><div>\u00a0<\/div><div><h2>1. Qui est le responsable du traitement de vos donn\u00e9es\u00a0?<\/h2><ul><li>Identit\u00e9\u00a0: WANNME MARKETPLACE, S.L., code d\u2019identification fiscale B87935540<\/li><li>Adresse postale\u00a0: Avenida Manoteras n\u00ba\u00a038, 28050 Madrid (Espagne)<\/li><li>T\u00e9l\u00e9phone\u00a0: +34\u00a0910\u00a0390\u00a0250<\/li><li>Adresse \u00e9lectronique\u00a0: privacy@wannme.com<\/li><\/ul><h2>2. Quand recueillons-nous vos donn\u00e9es personnelles\u00a0?<\/h2><p><strong>Par le biais des formulaires de contact<\/strong>\u00a0: le Site web comporte des formulaires qui permettent aux utilisateurs de contacter WANNME pour poser des questions, demander des informations ou demander \u00e0 \u00eatre contact\u00e9s directement par nos consultants. Ces formulaires requi\u00e8rent la transmission d\u2019informations personnelles et, si n\u00e9cessaire, nous vous demanderons d\u2019autres informations pour r\u00e9pondre \u00e0 votre demande et vous fournir la meilleure r\u00e9ponse possible.<\/p><p><strong>Lors de la cr\u00e9ation d\u2019un compte utilisateur<\/strong>\u00a0: nous avons besoin de donn\u00e9es d\u2019identification pour cr\u00e9er l\u2019utilisateur lors de l\u2019enregistrement dans l\u2019espace priv\u00e9 du Site web. \u00c0 ce stade, nous vous demandons \u00e9galement l\u2019autorisation de vous envoyer des communications commerciales. Lorsqu\u2019une entit\u00e9 souscrit les services de Wannme, elle devient un Client Wannme et peut enregistrer et g\u00e9rer plusieurs utilisateurs. Dans ce cas, c\u2019est le Client Wannme qui assure le lien entre l\u2019utilisateur et ses donn\u00e9es personnelles.<\/p><p><strong>Lors de souscription de services<\/strong>\u00a0: depuis l\u2019espace utilisateur priv\u00e9, il est possible de fournir les informations suppl\u00e9mentaires requises pour souscrire des services. Le traitement des donn\u00e9es \u00e0 caract\u00e8re personnel effectu\u00e9 sur la base de la souscription des services est r\u00e9gi par les dispositions des conditions g\u00e9n\u00e9rales.<\/p><p><strong>En cas d\u2019utilisation de la version de d\u00e9monstration, il peut \u00eatre n\u00e9cessaire de remplir des champs contenant des donn\u00e9es personnelles utilis\u00e9es pour simuler les encaissements. Nous vous rappelons qu\u2019avec la version de d\u00e9monstration, vous devez toujours utiliser des donn\u00e9es fictives pour tester la fonctionnalit\u00e9 des outils<\/strong>.<\/p><h2>\u00a0<\/h2><h2>3. Finalit\u00e9s et l\u00e9gitimit\u00e9 de l\u2019utilisation de vos donn\u00e9es<\/h2><p>Le tableau suivant contient les finalit\u00e9s pour lesquelles nous pouvons \u00eatre amen\u00e9s \u00e0 utiliser les informations personnelles que vous nous fournissez et nous les mettons en relation avec la base l\u00e9gitime qui nous permet d\u2019effectuer le traitement\u00a0:<\/p><table><tbody><tr><th>Finalit\u00e9<\/th><th>Base l\u00e9gale<\/th><\/tr><tr><td rowspan=\"2\">G\u00e9rer et r\u00e9soudre les demandes, les questions, les plaintes et les r\u00e9clamations que vous pouvez nous envoyer via le formulaire web ou d\u2019autres canaux de contact concernant notre site web ou les services que nous offrons.<\/td><td>L\u2019accord donn\u00e9 lors de l\u2019envoi de la demande (article\u00a06.1.a) du RGPD)<\/td><\/tr><tr><td>L\u2019ex\u00e9cution d\u2019un contrat sign\u00e9 par la personne concern\u00e9e (article\u00a06.1.b), du RGPD)<\/td><\/tr><tr><td>Enregistrer l\u2019utilisateur dans la version de d\u00e9monstration, les donn\u00e9es sont utilis\u00e9es pour configurer son profil et lui permettre d\u2019utiliser les fonctionnalit\u00e9s de la version de d\u00e9monstration.<\/td><td>L\u2019accord donn\u00e9 lors de l\u2019envoi de la demande (article\u00a06.1.a) du RGPD)<\/td><\/tr><tr><td>Lors de l\u2019enregistrement de l\u2019utilisateur li\u00e9 \u00e0 un Client Wannme, les donn\u00e9es seront utilis\u00e9es pour configurer son profil, lui permettre d\u2019utiliser les fonctionnalit\u00e9s souscrites et le mettre en relation avec le Client Wannme.<\/td><td>L\u2019ex\u00e9cution d\u2019un contrat sign\u00e9 par la personne concern\u00e9e (article\u00a06.1.b), du RGPD)<\/td><\/tr><tr><td rowspan=\"3\">Si nous disposons d\u2019une base l\u00e9gale nous autorisant \u00e0 le faire, nous traiterons vos donn\u00e9es pour vous envoyer des informations suppl\u00e9mentaires, notre bulletin d\u2019information et des communications commerciales concernant nos services ou les services de partenaires que nous proposons et qui peuvent vous int\u00e9resser.<\/td><td>Si les conditions de l\u2019article\u00a021.1 de la loi 34\/2002 relative aux services de la soci\u00e9t\u00e9 d\u2019information et au commerce \u00e9lectronique (LSSICE) sont respect\u00e9es, pour l\u2019envoi de communications commerciales \u00e9lectroniques.<\/td><\/tr><tr><td>L\u2019accord donn\u00e9 sur l\u2019envoi de communications (article\u00a06.1.a) du RGPD)<\/td><\/tr><tr><td>La satisfaction des int\u00e9r\u00eats l\u00e9gitimes (art. 6.1.f) RGPD)<\/td><\/tr><tr><td>Les informations sont trait\u00e9es afin de respecter nos obligations l\u00e9gales et r\u00e9glementaires, ainsi que pour se conformer \u00e0 d\u2019\u00e9ventuelles d\u00e9cisions de justice et autres d\u00e9cisions prises par les autorit\u00e9s. Nous pouvons \u00eatre amen\u00e9s \u00e0 communiquer vos donn\u00e9es \u00e0 caract\u00e8re personnel aux autorit\u00e9s charg\u00e9es de l\u2019application de la loi si nous avons des soup\u00e7ons ou des indications sur un agissement susceptible de constituer une infraction p\u00e9nale.<\/td><td>Respecter nos obligations l\u00e9gales (art. 6.1.c) du RGPD)<\/td><\/tr><tr><td rowspan=\"2\">G\u00e9rer\/r\u00e9soudre les questions, les plaintes et les r\u00e9clamations que vous pouvez nous envoyer et qui peuvent \u00eatre li\u00e9es \u00e0 notre Site web ou aux services que nous proposons dans le cadre de l\u2019ex\u00e9cution d\u2019un contrat particulier.<\/td><td>L\u2019accord donn\u00e9 lors de l\u2019envoi de la demande (article\u00a06.1.a) du RGPD)<\/td><\/tr><tr><td>L\u2019ex\u00e9cution d\u2019un contrat sign\u00e9 par la personne concern\u00e9e (article\u00a06.1.b), du RGPD)<\/td><\/tr><tr><td>Envoi de questionnaires et d\u2019enqu\u00eates pour conna\u00eetre le degr\u00e9 de satisfaction des utilisateurs et des clients et pour am\u00e9liorer la qualit\u00e9 de nos services.<\/td><td>Satisfaction des int\u00e9r\u00eats l\u00e9gitimes (art. 6.1.f) RGPD)<\/td><\/tr><tr><td>Analyser les informations relatives \u00e0 notre interaction avec vous afin d\u2019am\u00e9liorer notre engagement et\/ou faire des recherches et \u00e9tablir des statistiques pour am\u00e9liorer notre fonctionnalit\u00e9 en tant qu\u2019entreprise, nos services, ainsi que notre relation et notre exp\u00e9rience avec les utilisateurs et les clients participants.<\/td><td>Satisfaction des int\u00e9r\u00eats l\u00e9gitimes (art. 6.1.f) RGPD)<\/td><\/tr><\/tbody><\/table><p>Nous vous informons que WANNME rendra vos donn\u00e9es anonymes \u00e0 des fins statistiques.<\/p><p><strong>Dans le cadre d\u2019une souscription de Services, les donn\u00e9es personnelles que le Client Wannme fournit pour la demande de souscription, ainsi que celles qu\u2019il saisit sur la plateforme pour g\u00e9rer les paiements de ses Clients Finaux, sont utilis\u00e9es conform\u00e9ment aux dispositions pr\u00e9vues dans les Conditions g\u00e9n\u00e9rales.<\/strong><\/p><h2>\u00a0<\/h2><h2>4. Combien de temps conservons-nous vos donn\u00e9es \u00e0 caract\u00e8re personnel\u00a0?<\/h2><p>Les donn\u00e9es relatives aux demandes de renseignements, aux plaintes et aux r\u00e9clamations sont conserv\u00e9es pendant la dur\u00e9e n\u00e9cessaire pour fournir une r\u00e9ponse et mener \u00e0 bien les d\u00e9marches demand\u00e9es. Si elles sont li\u00e9es \u00e0 l\u2019ex\u00e9cution d\u2019un contrat, elles y sont rattach\u00e9es.<\/p><p>Nous traiterons les donn\u00e9es personnelles des utilisateurs enregistr\u00e9s tant que l\u2019utilisateur restera actif et, une fois que l\u2019utilisateur se sera d\u00e9sinscrit, les donn\u00e9es seront conserv\u00e9es pendant la dur\u00e9e n\u00e9cessaire pour nous d\u00e9fendre en cas de r\u00e9clamations et pour nous conformer \u00e0 toute obligation l\u00e9gale.<\/p><p>Les comptes d\u2019utilisateurs inactifs pendant 3 ans sont automatiquement annul\u00e9s.<\/p><p>Si vous nous autorisez \u00e0 vous envoyer des communications, nous conservons vos donn\u00e9es jusqu\u2019\u00e0 ce que vous exprimiez votre souhait de ne plus recevoir ces communications. Nous vous rappelons que toutes nos communications commerciales comportent un lien qui vous permet de vous d\u00e9sabonner d\u2019un simple clic.<\/p><p>Dans toutes les situations susmentionn\u00e9es, \u00e0 la fin de ces p\u00e9riodes, les donn\u00e9es sont conserv\u00e9es sous forme verrouill\u00e9e pendant la p\u00e9riode d\u00e9termin\u00e9e par la loi afin de se d\u00e9fendre contre d\u2019\u00e9ventuelles r\u00e9clamations et pour respecter toute obligation l\u00e9gale.<\/p><h2>\u00a0<\/h2><h2>5. \u00c0 quels destinataires vos donn\u00e9es peuvent-telles \u00eatre communiqu\u00e9es\u00a0?<\/h2><p>Vos donn\u00e9es personnelles sont trait\u00e9es par le personnel de WANNME. Elles peuvent \u00eatre communiqu\u00e9es aux administrations publiques uniquement dans le cadre des obligations l\u00e9gales de la Soci\u00e9t\u00e9.<\/p><p>WANNME partage des donn\u00e9es avec des tiers uniquement dans le cadre de la prestation des Services, ces transferts de donn\u00e9es \u00e9tant mentionn\u00e9s dans les Conditions g\u00e9n\u00e9rales.<\/p><h2>\u00a0<\/h2><h2>6. Quels sont vos droits si vous nous fournissez vos donn\u00e9es personnelles\u00a0?<\/h2><p>Si nous traitons vos donn\u00e9es, vous devez savoir que vous avez les droits suivants\u00a0:<\/p><ul><li><u>droit de demander l\u2019acc\u00e8s \u00e0 vos donn\u00e9es personnelles<\/u>\u00a0: vous pouvez demander si WANNME traite vos donn\u00e9es et, si c\u2019est le cas, vous pouvez y acc\u00e9der.<\/li><li><u>Le droit de demander la rectification si vos donn\u00e9es sont inexactes, ou de compl\u00e9ter les donn\u00e9es incompl\u00e8tes. <\/u><\/li><li><u>Droit de demander la suppression de vos donn\u00e9es<\/u>.<\/li><li><u>Droit de demander la limitation de leur traitement<\/u>\u00a0: dans ce cas, WANNME ne les conserve que pour l\u2019exercice ou la d\u00e9fense de r\u00e9clamations.<\/li><li><u>Droit d\u2019opposition au traitement<\/u>\u00a0: nous cessons de traiter les donn\u00e9es \u00e0 caract\u00e8re personnel, hormis si nous devons continuer de les traiter pour des raisons l\u00e9gitimes ou pour l\u2019exercice d\u2019\u00e9ventuelles r\u00e9clamations ou pour nous d\u00e9fendre, le cas \u00e9ch\u00e9ant.<\/li><li><u>Droit \u00e0 la portabilit\u00e9 des donn\u00e9es<\/u>\u00a0: si vous souhaitez que vos donn\u00e9es soient trait\u00e9es par un autre responsable du traitement, nous faciliterons le transfert de vos donn\u00e9es au nouveau responsable.<\/li><li><u>Le droit de ne pas faire l\u2019objet d\u2019une d\u00e9cision fond\u00e9e uniquement sur un traitement automatis\u00e9 de vos donn\u00e9es personnelles. <\/u><\/li><\/ul><p>Chez WANNME, nous traitons les donn\u00e9es sur la base de votre accord et vous devez savoir que vous avez le droit de retirer votre consentement \u00e0 tout moment, sans que cela n\u2019ait de cons\u00e9quences sur la l\u00e9galit\u00e9 du traitement effectu\u00e9 avant le retrait.<\/p><p>Pour exercer vos droits, contactez-nous en envoyant un courriel \u00e0 <a href=\"mailto:privacy@wannme.com\">privacy@wannme.com<\/a> ou par courrier \u00e0 l\u2019adresse postale indiqu\u00e9e dans le pr\u00e9sent document.<\/p><p>Si vous le souhaitez, vous pouvez \u00e9galement introduire une r\u00e9clamation aupr\u00e8s de l\u2019Agence espagnole de protection des donn\u00e9es <a href=\"https:\/\/www.aepd.es\/\" target=\"_blank\" rel=\"noopener\">https:\/\/www.aepd.es\/<\/a>.<\/p><p>N\u2019oubliez pas que vous \u00eates responsable des donn\u00e9es que vous nous fournissez, elles doivent donc \u00eatre v\u00e9ridiques, exactes et mises \u00e0 jour.<\/p><h2>\u00a0<\/h2><h2>7. Comment avons-nous obtenu vos donn\u00e9es\u00a0?<\/h2><p>Si vous vous \u00eates inscrit en tant qu\u2019utilisateur de la plateforme WANNME ou si vous avez utilis\u00e9 l\u2019un des formulaires de contact, les donn\u00e9es que nous traitons sont celles que vous nous fournissez lors de la cr\u00e9ation de votre utilisateur ou en remplissant le formulaire.<\/p><p>Si votre utilisateur a \u00e9t\u00e9 enregistr\u00e9 dans le cadre d\u2019une relation avec un Client Wannme qui utilise les Services de Wannme, les donn\u00e9es sont fournies par le Client Wannme au moment de la cr\u00e9ation de l\u2019utilisateur.<\/p><p>Le Client Wannme ne doit pas inclure les donn\u00e9es personnelles de tiers sans une base l\u00e9gale pour le faire, et le Client Wannme est seul responsable de la l\u00e9galit\u00e9 des donn\u00e9es fournies.<\/p><h2>\u00a0<\/h2><h2>8.\u00a0Informations additionnelles<\/h2><p><u>Politique sur l\u2019utilisation de donn\u00e9es de mineurs\u00a0:<\/u> nos services sont destin\u00e9s aux adultes uniquement. Nous ne recueillons donc pas sciemment d\u2019informations sur des mineurs. N\u00e9anmoins, si vous \u00eates un parent ou un tuteur l\u00e9gal et que vous pensez que votre enfant ou l\u2019enfant sous votre responsabilit\u00e9 nous a communiqu\u00e9 des donn\u00e9es \u00e0 caract\u00e8re personnel, veuillez nous contacter par courrier \u00e9lectronique \u00e0 <a href=\"mailto:privacy@wannme.com\">privacy@wannme.com<\/a><\/p><p><u>Transferts internationaux<\/u>\u00a0: nous vous informons que WANNME ne transf\u00e8re pas vos donn\u00e9es personnelles vers un pays situ\u00e9 en dehors de l\u2019Espace \u00e9conomique europ\u00e9en (EEE) Toutefois, le cas \u00e9ch\u00e9ant, nous nous assurerons que la protection des donn\u00e9es \u00e0 caract\u00e8re personnel est adapt\u00e9e en utilisant les garanties pr\u00e9vues par la loi, notamment gr\u00e2ce aux clauses contractuelles types approuv\u00e9es par la Commission europ\u00e9enne.<\/p><p><u>Modifications<\/u>\u00a0: nous utilisons vos donn\u00e9es \u00e0 caract\u00e8re personnel uniquement dans les conditions pr\u00e9vues dans ce document, qui est en vigueur au moment o\u00f9 nous recueillons vos informations. Nous vous informerons en temps utile si WANNME modifie le traitement de vos donn\u00e9es.<\/p><p><u>Contactez-nous\u00a0:<\/u> si \u00e0 un moment quelconque vous pensez que nous n\u2019avons pas respect\u00e9 les dispositions \u00e9nonc\u00e9es dans la pr\u00e9sente politique de confidentialit\u00e9, veuillez nous en informer par courrier \u00e9lectronique \u00e0 <a href=\"mailto:privacy@wannme.com\">privacy@wannme.com<\/a>. Si vous souhaitez soumettre un probl\u00e8me concernant la confidentialit\u00e9 de vos donn\u00e9es \u00e0 une autorit\u00e9 sup\u00e9rieure ou si vous avez des questions concernant la pr\u00e9sente politique de confidentialit\u00e9, n\u2019h\u00e9sitez pas \u00e0 nous contacter. Nous serons ravis de vous aider\u00a0!<\/p><h3>\u00a0<\/h3><p id=\"comercios\"><strong>Date de mise \u00e0 jour\u00a0: avril 2022<\/strong><\/p><\/div><\/div><\/div><\/div><\/div><\/div><div class=\"et_pb_section et_pb_section_4 et_pb_with_background et_section_regular et_pb_section--with-menu\"><div id=\"texto-footer\" class=\"et_pb_row et_pb_row_2 et_pb_row--with-menu et_pb_row_1-2_1-4_1-4\">\u00a0<\/div><\/div>\t\t\t\t\t\t\t\t<\/div>\n\t\t\t\t<\/div>\n\t\t\t\t\t<\/div>\n\t\t<\/div>\n\t\t\t\t\t<\/div>\n\t\t<\/section>\n\t\t\t\t<\/div>\n\t\t","protected":false},"excerpt":{"rendered":"<p>Politique de confidentialit\u00e9 Si vous utilisez le Site web de WANNME MARKETPLACE, S.L. (ci-apr\u00e8s WANNME), ces informations vous int\u00e9ressent\u00a0:\u00a0 1. Qui est le responsable du traitement de vos donn\u00e9es\u00a0? Identit\u00e9\u00a0: WANNME MARKETPLACE, S.L., code d\u2019identification fiscale B87935540 Adresse postale\u00a0: Avenida &hellip; <a href=\"https:\/\/www.wannme.com\/fr\/politique-de-confidentialite\/\">Read More<\/a><\/p>\n","protected":false},"author":1,"featured_media":0,"parent":0,"menu_order":0,"comment_status":"closed","ping_status":"closed","template":"","meta":{"footnotes":""},"class_list":["post-18882","page","type-page","status-publish","hentry"],"yoast_head":"<!-- This site is optimized with the Yoast SEO plugin v27.6 - https:\/\/yoast.com\/product\/yoast-seo-wordpress\/ -->\n<title>Politique de confidentialit\u00e9 - WANNME<\/title>\n<meta name=\"robots\" content=\"index, follow, max-snippet:-1, max-image-preview:large, max-video-preview:-1\" \/>\n<link rel=\"canonical\" href=\"https:\/\/www.wannme.com\/fr\/politique-de-confidentialite\/\" \/>\n<meta property=\"og:locale\" content=\"fr_FR\" \/>\n<meta property=\"og:type\" content=\"article\" \/>\n<meta property=\"og:title\" content=\"Politique de confidentialit\u00e9 - WANNME\" \/>\n<meta property=\"og:description\" content=\"Politique de confidentialit\u00e9 Si vous utilisez le Site web de WANNME MARKETPLACE, S.L. (ci-apr\u00e8s WANNME), ces informations vous int\u00e9ressent\u00a0:\u00a0 1. Qui est le responsable du traitement de vos donn\u00e9es\u00a0? Identit\u00e9\u00a0: WANNME MARKETPLACE, S.L., code d\u2019identification fiscale B87935540 Adresse postale\u00a0: Avenida &hellip; Read More\" \/>\n<meta property=\"og:url\" content=\"https:\/\/www.wannme.com\/fr\/politique-de-confidentialite\/\" \/>\n<meta property=\"og:site_name\" content=\"WANNME\" \/>\n<meta property=\"article:modified_time\" content=\"2026-04-14T13:41:26+00:00\" \/>\n<meta property=\"og:image\" content=\"https:\/\/www.wannme.com\/wp-content\/uploads\/2024\/03\/Icono_Color.png\" \/>\n\t<meta property=\"og:image:width\" content=\"2340\" \/>\n\t<meta property=\"og:image:height\" content=\"810\" \/>\n\t<meta property=\"og:image:type\" content=\"image\/png\" \/>\n<meta name=\"twitter:card\" content=\"summary_large_image\" \/>\n<meta name=\"twitter:label1\" content=\"Dur\u00e9e de lecture estim\u00e9e\" \/>\n\t<meta name=\"twitter:data1\" content=\"10 minutes\" \/>\n<!-- \/ Yoast SEO plugin. -->","yoast_head_json":{"title":"Politique de confidentialit\u00e9 - WANNME","robots":{"index":"index","follow":"follow","max-snippet":"max-snippet:-1","max-image-preview":"max-image-preview:large","max-video-preview":"max-video-preview:-1"},"canonical":"https:\/\/www.wannme.com\/fr\/politique-de-confidentialite\/","og_locale":"fr_FR","og_type":"article","og_title":"Politique de confidentialit\u00e9 - WANNME","og_description":"Politique de confidentialit\u00e9 Si vous utilisez le Site web de WANNME MARKETPLACE, S.L. (ci-apr\u00e8s WANNME), ces informations vous int\u00e9ressent\u00a0:\u00a0 1. Qui est le responsable du traitement de vos donn\u00e9es\u00a0? Identit\u00e9\u00a0: WANNME MARKETPLACE, S.L., code d\u2019identification fiscale B87935540 Adresse postale\u00a0: Avenida &hellip; Read More","og_url":"https:\/\/www.wannme.com\/fr\/politique-de-confidentialite\/","og_site_name":"WANNME","article_modified_time":"2026-04-14T13:41:26+00:00","og_image":[{"width":2340,"height":810,"url":"https:\/\/www.wannme.com\/wp-content\/uploads\/2024\/03\/Icono_Color.png","type":"image\/png"}],"twitter_card":"summary_large_image","twitter_misc":{"Dur\u00e9e de lecture estim\u00e9e":"10 minutes"},"schema":{"@context":"https:\/\/schema.org","@graph":[{"@type":"WebPage","@id":"https:\/\/www.wannme.com\/fr\/politique-de-confidentialite\/","url":"https:\/\/www.wannme.com\/fr\/politique-de-confidentialite\/","name":"Politique de confidentialit\u00e9 - WANNME","isPartOf":{"@id":"https:\/\/www.wannme.com\/fr\/#website"},"datePublished":"2024-12-30T11:31:47+00:00","dateModified":"2026-04-14T13:41:26+00:00","breadcrumb":{"@id":"https:\/\/www.wannme.com\/fr\/politique-de-confidentialite\/#breadcrumb"},"inLanguage":"fr-FR","potentialAction":[{"@type":"ReadAction","target":["https:\/\/www.wannme.com\/fr\/politique-de-confidentialite\/"]}]},{"@type":"BreadcrumbList","@id":"https:\/\/www.wannme.com\/fr\/politique-de-confidentialite\/#breadcrumb","itemListElement":[{"@type":"ListItem","position":1,"name":"Portada","item":"https:\/\/www.wannme.com\/fr\/"},{"@type":"ListItem","position":2,"name":"Politique de confidentialit\u00e9"}]},{"@type":"WebSite","@id":"https:\/\/www.wannme.com\/fr\/#website","url":"https:\/\/www.wannme.com\/fr\/","name":"WANNME","description":"Vende m\u00e1s y cobra hoy","publisher":{"@id":"https:\/\/www.wannme.com\/fr\/#organization"},"potentialAction":[{"@type":"SearchAction","target":{"@type":"EntryPoint","urlTemplate":"https:\/\/www.wannme.com\/fr\/?s={search_term_string}"},"query-input":{"@type":"PropertyValueSpecification","valueRequired":true,"valueName":"search_term_string"}}],"inLanguage":"fr-FR"},{"@type":"Organization","@id":"https:\/\/www.wannme.com\/fr\/#organization","name":"Wannme","url":"https:\/\/www.wannme.com\/fr\/","logo":{"@type":"ImageObject","inLanguage":"fr-FR","@id":"https:\/\/www.wannme.com\/fr\/#\/schema\/logo\/image\/","url":"https:\/\/www.wannme.com\/wp-content\/uploads\/2024\/05\/logo-white-wannme.png","contentUrl":"https:\/\/www.wannme.com\/wp-content\/uploads\/2024\/05\/logo-white-wannme.png","width":749,"height":103,"caption":"Wannme"},"image":{"@id":"https:\/\/www.wannme.com\/fr\/#\/schema\/logo\/image\/"}}]}},"_links":{"self":[{"href":"https:\/\/www.wannme.com\/fr\/wp-json\/wp\/v2\/pages\/18882","targetHints":{"allow":["GET"]}}],"collection":[{"href":"https:\/\/www.wannme.com\/fr\/wp-json\/wp\/v2\/pages"}],"about":[{"href":"https:\/\/www.wannme.com\/fr\/wp-json\/wp\/v2\/types\/page"}],"author":[{"embeddable":true,"href":"https:\/\/www.wannme.com\/fr\/wp-json\/wp\/v2\/users\/1"}],"replies":[{"embeddable":true,"href":"https:\/\/www.wannme.com\/fr\/wp-json\/wp\/v2\/comments?post=18882"}],"version-history":[{"count":7,"href":"https:\/\/www.wannme.com\/fr\/wp-json\/wp\/v2\/pages\/18882\/revisions"}],"predecessor-version":[{"id":29526,"href":"https:\/\/www.wannme.com\/fr\/wp-json\/wp\/v2\/pages\/18882\/revisions\/29526"}],"wp:attachment":[{"href":"https:\/\/www.wannme.com\/fr\/wp-json\/wp\/v2\/media?parent=18882"}],"curies":[{"name":"wp","href":"https:\/\/api.w.org\/{rel}","templated":true}]}}