{"id":18908,"date":"2024-12-30T12:32:54","date_gmt":"2024-12-30T11:32:54","guid":{"rendered":"https:\/\/www.wannme.com\/pay-merci\/"},"modified":"2024-12-30T12:33:07","modified_gmt":"2024-12-30T11:33:07","slug":"pay-merci","status":"publish","type":"page","link":"https:\/\/www.wannme.com\/fr\/pay-merci\/","title":{"rendered":"Pay Merci"},"content":{"rendered":"\t\t<div data-elementor-type=\"wp-page\" data-elementor-id=\"18908\" class=\"elementor elementor-18908\" data-elementor-post-type=\"page\">\n\t\t\t\t\t\t<section class=\"elementor-section elementor-top-section elementor-element elementor-element-60863a9 elementor-section-height-min-height elementor-section-boxed elementor-section-height-default elementor-section-items-middle\" data-id=\"60863a9\" data-element_type=\"section\" data-e-type=\"section\" data-settings=\"{&quot;background_background&quot;:&quot;classic&quot;}\">\n\t\t\t\t\t\t\t<div class=\"elementor-background-overlay\"><\/div>\n\t\t\t\t\t\t\t<div class=\"elementor-container elementor-column-gap-default\">\n\t\t\t\t\t<div class=\"elementor-column elementor-col-100 elementor-top-column elementor-element elementor-element-06188f1\" data-id=\"06188f1\" data-element_type=\"column\" data-e-type=\"column\">\n\t\t\t<div class=\"elementor-widget-wrap elementor-element-populated\">\n\t\t\t\t\t\t<div class=\"elementor-element elementor-element-032246c elementor-hidden-mobile elementor-widget elementor-widget-spacer\" data-id=\"032246c\" data-element_type=\"widget\" data-e-type=\"widget\" data-widget_type=\"spacer.default\">\n\t\t\t\t<div class=\"elementor-widget-container\">\n\t\t\t\t\t\t\t<div class=\"elementor-spacer\">\n\t\t\t<div class=\"elementor-spacer-inner\"><\/div>\n\t\t<\/div>\n\t\t\t\t\t\t<\/div>\n\t\t\t\t<\/div>\n\t\t\t\t<div class=\"elementor-element elementor-element-612b38c elementor-widget__width-initial elementor-invisible elementor-widget elementor-widget-heading\" data-id=\"612b38c\" data-element_type=\"widget\" data-e-type=\"widget\" data-settings=\"{&quot;_animation&quot;:&quot;fadeIn&quot;,&quot;_animation_delay&quot;:100}\" data-widget_type=\"heading.default\">\n\t\t\t\t<div class=\"elementor-widget-container\">\n\t\t\t\t\t<h1 class=\"elementor-heading-title elementor-size-default\">Merci beaucoup<\/h1>\t\t\t\t<\/div>\n\t\t\t\t<\/div>\n\t\t\t\t<div class=\"elementor-element elementor-element-51de1c6 elementor-hidden-mobile elementor-widget elementor-widget-spacer\" data-id=\"51de1c6\" data-element_type=\"widget\" data-e-type=\"widget\" data-widget_type=\"spacer.default\">\n\t\t\t\t<div class=\"elementor-widget-container\">\n\t\t\t\t\t\t\t<div class=\"elementor-spacer\">\n\t\t\t<div class=\"elementor-spacer-inner\"><\/div>\n\t\t<\/div>\n\t\t\t\t\t\t<\/div>\n\t\t\t\t<\/div>\n\t\t\t\t\t<\/div>\n\t\t<\/div>\n\t\t\t\t\t<\/div>\n\t\t<\/section>\n\t\t\t\t<section class=\"elementor-section elementor-top-section elementor-element elementor-element-f85c96d elementor-section-boxed elementor-section-height-default elementor-section-height-default\" data-id=\"f85c96d\" data-element_type=\"section\" data-e-type=\"section\">\n\t\t\t\t\t\t<div class=\"elementor-container elementor-column-gap-default\">\n\t\t\t\t\t<div class=\"elementor-column elementor-col-50 elementor-top-column elementor-element elementor-element-c436bff\" data-id=\"c436bff\" data-element_type=\"column\" data-e-type=\"column\" data-settings=\"{&quot;background_background&quot;:&quot;classic&quot;,&quot;animation&quot;:&quot;none&quot;}\">\n\t\t\t<div class=\"elementor-widget-wrap elementor-element-populated\">\n\t\t\t\t\t\t<div class=\"elementor-element elementor-element-030f1c7 elementor-invisible elementor-widget elementor-widget-heading\" data-id=\"030f1c7\" data-element_type=\"widget\" data-e-type=\"widget\" data-settings=\"{&quot;_animation&quot;:&quot;fadeIn&quot;}\" data-widget_type=\"heading.default\">\n\t\t\t\t<div class=\"elementor-widget-container\">\n\t\t\t\t\t<h2 class=\"elementor-heading-title elementor-size-default\">Chez <strong>Wannme<\/strong>, nous avons les <strong>solutions de paiement dont votre entreprise a besoin<\/strong>. Parlez-nous de <strong>votre projet<\/strong> et nous vous conseillerons<\/h2>\t\t\t\t<\/div>\n\t\t\t\t<\/div>\n\t\t\t\t\t<\/div>\n\t\t<\/div>\n\t\t\t\t<div class=\"elementor-column elementor-col-50 elementor-top-column elementor-element elementor-element-8fc7949 elementor-invisible\" data-id=\"8fc7949\" data-element_type=\"column\" data-e-type=\"column\" data-settings=\"{&quot;animation&quot;:&quot;fadeIn&quot;}\">\n\t\t\t<div class=\"elementor-widget-wrap elementor-element-populated\">\n\t\t\t\t\t\t<div class=\"elementor-element elementor-element-6f18a9c elementor-widget elementor-widget-text-editor\" data-id=\"6f18a9c\" data-element_type=\"widget\" data-e-type=\"widget\" data-widget_type=\"text-editor.default\">\n\t\t\t\t<div class=\"elementor-widget-container\">\n\t\t\t\t\t\t\t\t\t<p>Que ce soit pour cr\u00e9er <strong>un flux d\u2019encaissements<\/strong> ou pour <strong>obtenir des liquidit\u00e9s imm\u00e9diates pour vos ventes sur les places de march\u00e9<\/strong>, contactez-nous avec une simple description et <strong>nous vous r\u00e9pondrons<\/strong> d\u00e8s que possible<\/p>\n\t\t\t\t\t\t\t\t<\/div>\n\t\t\t\t<\/div>\n\t\t\t\t\t<\/div>\n\t\t<\/div>\n\t\t\t\t\t<\/div>\n\t\t<\/section>\n\t\t\t\t<section class=\"elementor-section elementor-top-section elementor-element elementor-element-bcb7291 elementor-section-boxed elementor-section-height-default elementor-section-height-default\" data-id=\"bcb7291\" data-element_type=\"section\" data-e-type=\"section\">\n\t\t\t\t\t\t<div class=\"elementor-container elementor-column-gap-default\">\n\t\t\t\t\t<div class=\"elementor-column elementor-col-100 elementor-top-column elementor-element elementor-element-028ff9c\" data-id=\"028ff9c\" data-element_type=\"column\" data-e-type=\"column\" data-settings=\"{&quot;background_background&quot;:&quot;classic&quot;,&quot;animation&quot;:&quot;none&quot;}\">\n\t\t\t<div class=\"elementor-widget-wrap elementor-element-populated\">\n\t\t\t\t\t\t<div class=\"elementor-element elementor-element-cd6378e elementor-widget elementor-widget-heading\" data-id=\"cd6378e\" data-element_type=\"widget\" data-e-type=\"widget\" data-widget_type=\"heading.default\">\n\t\t\t\t<div class=\"elementor-widget-container\">\n\t\t\t\t\t<h2 class=\"elementor-heading-title elementor-size-default\">Merci beaucoup de nous avoir contact\u00e9s.<br \/>\nNous vous r\u00e9pondrons dans les plus brefs d\u00e9lais.<\/h2>\t\t\t\t<\/div>\n\t\t\t\t<\/div>\n\t\t\t\t\t<\/div>\n\t\t<\/div>\n\t\t\t\t\t<\/div>\n\t\t<\/section>\n\t\t\t\t<section class=\"elementor-section elementor-top-section elementor-element elementor-element-217c9ab elementor-section-boxed elementor-section-height-default elementor-section-height-default\" data-id=\"217c9ab\" data-element_type=\"section\" data-e-type=\"section\">\n\t\t\t\t\t\t<div class=\"elementor-container elementor-column-gap-extended\">\n\t\t\t\t\t<div class=\"elementor-column elementor-col-50 elementor-top-column elementor-element elementor-element-19a28f1\" data-id=\"19a28f1\" data-element_type=\"column\" data-e-type=\"column\">\n\t\t\t<div class=\"elementor-widget-wrap elementor-element-populated\">\n\t\t\t\t\t\t<div class=\"elementor-element elementor-element-de7269c elementor-position-left elementor-view-default elementor-invisible elementor-widget elementor-widget-themo-service-block\" data-id=\"de7269c\" data-element_type=\"widget\" data-e-type=\"widget\" data-settings=\"{&quot;_animation&quot;:&quot;fadeIn&quot;}\" data-widget_type=\"themo-service-block.default\">\n\t\t\t\t<div class=\"elementor-widget-container\">\n\t\t\t\t\t\t\t<div class=\"th-service-block-w\">\n            <div class=\"elementor-icon-box-wrapper th-show-icon\">\n                                    <div class=\"elementor-icon-box-icon th-icon-size-xl\">\n                        <a class=\"elementor-icon \" href=\"tel:+34910390250\">\n                            <i aria-hidden=\"true\" class=\"fas fa-mobile-alt\"><\/i>                        <\/a>\n                    <\/div>\n                                <div class=\"elementor-icon-box-content\">\n                    <h4 class=\"elementor-icon-box-title\">\n                        <a href=\"tel:+34910390250\">+34 91 039 02 50<\/a>\n                    <\/h4>\n                    <p class=\"elementor-icon-box-description\"><\/p>\n                <\/div>\n            <\/div>\n\n        <\/div>\n\n\t\t\t\t\t\t<\/div>\n\t\t\t\t<\/div>\n\t\t\t\t<div class=\"elementor-element elementor-element-4b39311 elementor-widget elementor-widget-spacer\" data-id=\"4b39311\" data-element_type=\"widget\" data-e-type=\"widget\" data-widget_type=\"spacer.default\">\n\t\t\t\t<div class=\"elementor-widget-container\">\n\t\t\t\t\t\t\t<div class=\"elementor-spacer\">\n\t\t\t<div class=\"elementor-spacer-inner\"><\/div>\n\t\t<\/div>\n\t\t\t\t\t\t<\/div>\n\t\t\t\t<\/div>\n\t\t\t\t<div class=\"elementor-element elementor-element-c362b8a elementor-position-left elementor-view-default elementor-invisible elementor-widget elementor-widget-themo-service-block\" data-id=\"c362b8a\" data-element_type=\"widget\" data-e-type=\"widget\" data-settings=\"{&quot;_animation&quot;:&quot;fadeIn&quot;}\" data-widget_type=\"themo-service-block.default\">\n\t\t\t\t<div class=\"elementor-widget-container\">\n\t\t\t\t\t\t\t<div class=\"th-service-block-w\">\n            <div class=\"elementor-icon-box-wrapper th-show-icon\">\n                                    <div class=\"elementor-icon-box-icon th-icon-size-xl\">\n                        <a class=\"elementor-icon \" href=\"https:\/\/www.google.com\/maps\/place\/WANNME\/@40.4866732,-3.6667115,18.17z\/data=!4m6!3m5!1s0xd4229fa38a72ecf:0xa6fda114224dff79!8m2!3d40.4867956!4d-3.6658753!16s%2Fg%2F11h1lvlj1c?entry=ttu\" target=\"_blank\">\n                            <i aria-hidden=\"true\" class=\"fasth-trip travelpack-location-pin-1\"><\/i>                        <\/a>\n                    <\/div>\n                                <div class=\"elementor-icon-box-content\">\n                    <h4 class=\"elementor-icon-box-title\">\n                        <a href=\"https:\/\/www.google.com\/maps\/place\/WANNME\/@40.4866732,-3.6667115,18.17z\/data=!4m6!3m5!1s0xd4229fa38a72ecf:0xa6fda114224dff79!8m2!3d40.4867956!4d-3.6658753!16s%2Fg%2F11h1lvlj1c?entry=ttu\" target=\"_blank\">Avenida de Manoteras, 38, 28050 Madrid<\/a>\n                    <\/h4>\n                    <p class=\"elementor-icon-box-description\"><\/p>\n                <\/div>\n            <\/div>\n\n        <\/div>\n\n\t\t\t\t\t\t<\/div>\n\t\t\t\t<\/div>\n\t\t\t\t<div class=\"elementor-element elementor-element-afd56e4 elementor-widget elementor-widget-spacer\" data-id=\"afd56e4\" data-element_type=\"widget\" data-e-type=\"widget\" data-widget_type=\"spacer.default\">\n\t\t\t\t<div class=\"elementor-widget-container\">\n\t\t\t\t\t\t\t<div class=\"elementor-spacer\">\n\t\t\t<div class=\"elementor-spacer-inner\"><\/div>\n\t\t<\/div>\n\t\t\t\t\t\t<\/div>\n\t\t\t\t<\/div>\n\t\t\t\t\t<\/div>\n\t\t<\/div>\n\t\t\t\t<div class=\"elementor-column elementor-col-50 elementor-top-column elementor-element elementor-element-3c9de0a\" data-id=\"3c9de0a\" data-element_type=\"column\" data-e-type=\"column\">\n\t\t\t<div class=\"elementor-widget-wrap elementor-element-populated\">\n\t\t\t\t\t\t<div class=\"elementor-element elementor-element-50a6c98 elementor-widget elementor-widget-image\" data-id=\"50a6c98\" data-element_type=\"widget\" data-e-type=\"widget\" data-widget_type=\"image.default\">\n\t\t\t\t<div class=\"elementor-widget-container\">\n\t\t\t\t\t\t\t\t\t\t\t\t\t\t\t\t<a href=\"https:\/\/www.google.com\/maps\/place\/WANNME\/@40.4866732,-3.6667115,18.17z\/data=!4m6!3m5!1s0xd4229fa38a72ecf:0xa6fda114224dff79!8m2!3d40.4867956!4d-3.6658753!16s%2Fg%2F11h1lvlj1c?entry=ttu\" target=\"_blank\">\n\t\t\t\t\t\t\t<img fetchpriority=\"high\" decoding=\"async\" width=\"599\" height=\"401\" src=\"https:\/\/www.wannme.com\/wp-content\/uploads\/2024\/04\/mpa-ubicacion-e1714039580644.png\" class=\"attachment-full size-full wp-image-18830\" alt=\"\" srcset=\"https:\/\/www.wannme.com\/wp-content\/uploads\/2024\/04\/mpa-ubicacion-e1714039580644.png 599w, https:\/\/www.wannme.com\/wp-content\/uploads\/2024\/04\/mpa-ubicacion-e1714039580644-300x201.png 300w, https:\/\/www.wannme.com\/wp-content\/uploads\/2024\/04\/mpa-ubicacion-e1714039580644-149x100.png 149w, https:\/\/www.wannme.com\/wp-content\/uploads\/2024\/04\/mpa-ubicacion-e1714039580644-120x80.png 120w, https:\/\/www.wannme.com\/wp-content\/uploads\/2024\/04\/mpa-ubicacion-e1714039580644-394x264.png 394w\" sizes=\"(max-width: 599px) 100vw, 599px\" \/>\t\t\t\t\t\t\t\t<\/a>\n\t\t\t\t\t\t\t\t\t\t\t\t\t\t\t<\/div>\n\t\t\t\t<\/div>\n\t\t\t\t\t<\/div>\n\t\t<\/div>\n\t\t\t\t\t<\/div>\n\t\t<\/section>\n\t\t\t\t<\/div>\n\t\t","protected":false},"excerpt":{"rendered":"<p>Merci beaucoup Chez Wannme, nous avons les solutions de paiement dont votre entreprise a besoin. Parlez-nous de votre projet et nous vous conseillerons Que ce soit pour cr\u00e9er un flux d\u2019encaissements ou pour obtenir des liquidit\u00e9s imm\u00e9diates pour vos ventes &hellip; <a href=\"https:\/\/www.wannme.com\/fr\/pay-merci\/\">Read More<\/a><\/p>\n","protected":false},"author":10,"featured_media":0,"parent":0,"menu_order":0,"comment_status":"closed","ping_status":"closed","template":"","meta":{"footnotes":""},"class_list":["post-18908","page","type-page","status-publish","hentry"],"yoast_head":"<!-- This site is optimized with the Yoast SEO plugin v27.5 - https:\/\/yoast.com\/product\/yoast-seo-wordpress\/ -->\n<title>Pay Merci - WANNME<\/title>\n<meta name=\"robots\" content=\"index, follow, max-snippet:-1, max-image-preview:large, max-video-preview:-1\" \/>\n<link rel=\"canonical\" href=\"https:\/\/www.wannme.com\/fr\/pay-merci\/\" \/>\n<meta property=\"og:locale\" content=\"fr_FR\" \/>\n<meta property=\"og:type\" content=\"article\" \/>\n<meta property=\"og:title\" content=\"Pay Merci - WANNME\" \/>\n<meta property=\"og:description\" content=\"Merci beaucoup Chez Wannme, nous avons les solutions de paiement dont votre entreprise a besoin. Parlez-nous de votre projet et nous vous conseillerons Que ce soit pour cr\u00e9er un flux d\u2019encaissements ou pour obtenir des liquidit\u00e9s imm\u00e9diates pour vos ventes &hellip; Read More\" \/>\n<meta property=\"og:url\" content=\"https:\/\/www.wannme.com\/fr\/pay-merci\/\" \/>\n<meta property=\"og:site_name\" content=\"WANNME\" \/>\n<meta property=\"article:modified_time\" content=\"2024-12-30T11:33:07+00:00\" \/>\n<meta property=\"og:image\" content=\"https:\/\/www.wannme.com\/wp-content\/uploads\/2024\/04\/mpa-ubicacion-e1714039580644.png\" \/>\n\t<meta property=\"og:image:width\" content=\"599\" \/>\n\t<meta property=\"og:image:height\" content=\"401\" \/>\n\t<meta property=\"og:image:type\" content=\"image\/png\" \/>\n<meta name=\"twitter:card\" content=\"summary_large_image\" \/>\n<!-- \/ Yoast SEO plugin. -->","yoast_head_json":{"title":"Pay Merci - WANNME","robots":{"index":"index","follow":"follow","max-snippet":"max-snippet:-1","max-image-preview":"max-image-preview:large","max-video-preview":"max-video-preview:-1"},"canonical":"https:\/\/www.wannme.com\/fr\/pay-merci\/","og_locale":"fr_FR","og_type":"article","og_title":"Pay Merci - WANNME","og_description":"Merci beaucoup Chez Wannme, nous avons les solutions de paiement dont votre entreprise a besoin. Parlez-nous de votre projet et nous vous conseillerons Que ce soit pour cr\u00e9er un flux d\u2019encaissements ou pour obtenir des liquidit\u00e9s imm\u00e9diates pour vos ventes &hellip; Read More","og_url":"https:\/\/www.wannme.com\/fr\/pay-merci\/","og_site_name":"WANNME","article_modified_time":"2024-12-30T11:33:07+00:00","og_image":[{"width":599,"height":401,"url":"https:\/\/www.wannme.com\/wp-content\/uploads\/2024\/04\/mpa-ubicacion-e1714039580644.png","type":"image\/png"}],"twitter_card":"summary_large_image","schema":{"@context":"https:\/\/schema.org","@graph":[{"@type":"WebPage","@id":"https:\/\/www.wannme.com\/fr\/pay-merci\/","url":"https:\/\/www.wannme.com\/fr\/pay-merci\/","name":"Pay Merci - WANNME","isPartOf":{"@id":"https:\/\/www.wannme.com\/fr\/#website"},"primaryImageOfPage":{"@id":"https:\/\/www.wannme.com\/fr\/pay-merci\/#primaryimage"},"image":{"@id":"https:\/\/www.wannme.com\/fr\/pay-merci\/#primaryimage"},"thumbnailUrl":"https:\/\/www.wannme.com\/wp-content\/uploads\/2024\/04\/mpa-ubicacion-e1714039580644.png","datePublished":"2024-12-30T11:32:54+00:00","dateModified":"2024-12-30T11:33:07+00:00","breadcrumb":{"@id":"https:\/\/www.wannme.com\/fr\/pay-merci\/#breadcrumb"},"inLanguage":"fr-FR","potentialAction":[{"@type":"ReadAction","target":["https:\/\/www.wannme.com\/fr\/pay-merci\/"]}]},{"@type":"ImageObject","inLanguage":"fr-FR","@id":"https:\/\/www.wannme.com\/fr\/pay-merci\/#primaryimage","url":"https:\/\/www.wannme.com\/wp-content\/uploads\/2024\/04\/mpa-ubicacion-e1714039580644.png","contentUrl":"https:\/\/www.wannme.com\/wp-content\/uploads\/2024\/04\/mpa-ubicacion-e1714039580644.png"},{"@type":"BreadcrumbList","@id":"https:\/\/www.wannme.com\/fr\/pay-merci\/#breadcrumb","itemListElement":[{"@type":"ListItem","position":1,"name":"Portada","item":"https:\/\/www.wannme.com\/fr\/"},{"@type":"ListItem","position":2,"name":"Pay Merci"}]},{"@type":"WebSite","@id":"https:\/\/www.wannme.com\/fr\/#website","url":"https:\/\/www.wannme.com\/fr\/","name":"WANNME","description":"Vende m\u00e1s y cobra hoy","publisher":{"@id":"https:\/\/www.wannme.com\/fr\/#organization"},"potentialAction":[{"@type":"SearchAction","target":{"@type":"EntryPoint","urlTemplate":"https:\/\/www.wannme.com\/fr\/?s={search_term_string}"},"query-input":{"@type":"PropertyValueSpecification","valueRequired":true,"valueName":"search_term_string"}}],"inLanguage":"fr-FR"},{"@type":"Organization","@id":"https:\/\/www.wannme.com\/fr\/#organization","name":"Wannme","url":"https:\/\/www.wannme.com\/fr\/","logo":{"@type":"ImageObject","inLanguage":"fr-FR","@id":"https:\/\/www.wannme.com\/fr\/#\/schema\/logo\/image\/","url":"https:\/\/www.wannme.com\/wp-content\/uploads\/2024\/05\/logo-white-wannme.png","contentUrl":"https:\/\/www.wannme.com\/wp-content\/uploads\/2024\/05\/logo-white-wannme.png","width":749,"height":103,"caption":"Wannme"},"image":{"@id":"https:\/\/www.wannme.com\/fr\/#\/schema\/logo\/image\/"}}]}},"_links":{"self":[{"href":"https:\/\/www.wannme.com\/fr\/wp-json\/wp\/v2\/pages\/18908","targetHints":{"allow":["GET"]}}],"collection":[{"href":"https:\/\/www.wannme.com\/fr\/wp-json\/wp\/v2\/pages"}],"about":[{"href":"https:\/\/www.wannme.com\/fr\/wp-json\/wp\/v2\/types\/page"}],"author":[{"embeddable":true,"href":"https:\/\/www.wannme.com\/fr\/wp-json\/wp\/v2\/users\/10"}],"replies":[{"embeddable":true,"href":"https:\/\/www.wannme.com\/fr\/wp-json\/wp\/v2\/comments?post=18908"}],"version-history":[{"count":1,"href":"https:\/\/www.wannme.com\/fr\/wp-json\/wp\/v2\/pages\/18908\/revisions"}],"predecessor-version":[{"id":18909,"href":"https:\/\/www.wannme.com\/fr\/wp-json\/wp\/v2\/pages\/18908\/revisions\/18909"}],"wp:attachment":[{"href":"https:\/\/www.wannme.com\/fr\/wp-json\/wp\/v2\/media?parent=18908"}],"curies":[{"name":"wp","href":"https:\/\/api.w.org\/{rel}","templated":true}]}}