{"id":25416,"date":"2025-12-05T09:51:28","date_gmt":"2025-12-05T08:51:28","guid":{"rendered":"https:\/\/www.wannme.com\/securite-2\/"},"modified":"2026-04-14T15:33:35","modified_gmt":"2026-04-14T13:33:35","slug":"securite","status":"publish","type":"page","link":"https:\/\/www.wannme.com\/fr\/securite\/","title":{"rendered":"S\u00e9curit\u00e9"},"content":{"rendered":"\t\t<div data-elementor-type=\"wp-page\" data-elementor-id=\"25416\" class=\"elementor elementor-25416 elementor-23400\" data-elementor-post-type=\"page\">\n\t\t\t\t<div class=\"elementor-element elementor-element-e8c41f1 e-flex e-con-boxed e-con e-parent\" data-id=\"e8c41f1\" data-element_type=\"container\" data-e-type=\"container\" data-settings=\"{&quot;background_background&quot;:&quot;classic&quot;}\">\n\t\t\t\t\t<div class=\"e-con-inner\">\n\t\t\t\t<div class=\"elementor-element elementor-element-180002a elementor-widget__width-initial elementor-widget elementor-widget-heading\" data-id=\"180002a\" data-element_type=\"widget\" data-e-type=\"widget\" data-widget_type=\"heading.default\">\n\t\t\t\t<div class=\"elementor-widget-container\">\n\t\t\t\t\t<h2 class=\"elementor-heading-title elementor-size-default\">La s\u00e9curit\u00e9 comme votre<br><span style=\"color:#F4C156\">meilleur alli\u00e9 pour la croissance<\/span><\/br><\/h2>\t\t\t\t<\/div>\n\t\t\t\t<\/div>\n\t\t\t\t\t<\/div>\n\t\t\t\t<\/div>\n\t\t<div class=\"elementor-element elementor-element-68e217b e-flex e-con-boxed e-con e-parent\" data-id=\"68e217b\" data-element_type=\"container\" data-e-type=\"container\">\n\t\t\t\t\t<div class=\"e-con-inner\">\n\t\t<div class=\"elementor-element elementor-element-54d443c e-con-full e-flex e-con e-child\" data-id=\"54d443c\" data-element_type=\"container\" data-e-type=\"container\">\n\t\t\t\t<div class=\"elementor-element elementor-element-ee2e8fa elementor-widget__width-initial elementor-widget elementor-widget-heading\" data-id=\"ee2e8fa\" data-element_type=\"widget\" data-e-type=\"widget\" data-widget_type=\"heading.default\">\n\t\t\t\t<div class=\"elementor-widget-container\">\n\t\t\t\t\t<h2 class=\"elementor-heading-title elementor-size-default\">Explorez l'environnement s\u00fbr de Wannme<\/h2>\t\t\t\t<\/div>\n\t\t\t\t<\/div>\n\t\t\t\t<\/div>\n\t\t<div class=\"elementor-element elementor-element-7d2dc98 e-con-full e-flex e-con e-child\" data-id=\"7d2dc98\" data-element_type=\"container\" data-e-type=\"container\">\n\t\t<div class=\"elementor-element elementor-element-c5f546a e-con-full e-flex e-con e-child\" data-id=\"c5f546a\" data-element_type=\"container\" data-e-type=\"container\" id=\"contenedor-hover\" data-settings=\"{&quot;background_background&quot;:&quot;classic&quot;}\">\n\t\t\t\t<div class=\"elementor-element elementor-element-58d735c elementor-view-stacked elementor-shape-circle elementor-widget elementor-widget-icon\" data-id=\"58d735c\" data-element_type=\"widget\" data-e-type=\"widget\" data-widget_type=\"icon.default\">\n\t\t\t\t<div class=\"elementor-widget-container\">\n\t\t\t\t\t\t\t<div class=\"elementor-icon-wrapper\">\n\t\t\t<div class=\"elementor-icon\">\n\t\t\t<i aria-hidden=\"true\" class=\"icon icon-carbon_gateway-security\"><\/i>\t\t\t<\/div>\n\t\t<\/div>\n\t\t\t\t\t\t<\/div>\n\t\t\t\t<\/div>\n\t\t\t\t<div class=\"elementor-element elementor-element-bcb80e4 elementor-widget__width-initial elementor-widget elementor-widget-heading\" data-id=\"bcb80e4\" data-element_type=\"widget\" data-e-type=\"widget\" data-widget_type=\"heading.default\">\n\t\t\t\t<div class=\"elementor-widget-container\">\n\t\t\t\t\t<h2 class=\"elementor-heading-title elementor-size-default\">Protection s\u00e9curis\u00e9e<\/h2>\t\t\t\t<\/div>\n\t\t\t\t<\/div>\n\t\t\t\t<div class=\"elementor-element elementor-element-32f2bba elementor-widget__width-initial elementor-widget elementor-widget-text-editor\" data-id=\"32f2bba\" data-element_type=\"widget\" data-e-type=\"widget\" data-widget_type=\"text-editor.default\">\n\t\t\t\t<div class=\"elementor-widget-container\">\n\t\t\t\t\t\t\t\t\t<p>Nous travaillons avec les meilleurs pour vous prot\u00e9ger<span style=\"text-decoration: underline;\"> contre toute menace :<\/span> certifications, cloud, surveillance, audits, exigences internationales, protocoles, etc.<\/p>\t\t\t\t\t\t\t\t<\/div>\n\t\t\t\t<\/div>\n\t\t\t\t<\/div>\n\t\t<div class=\"elementor-element elementor-element-618ed5d e-con-full e-flex e-con e-child\" data-id=\"618ed5d\" data-element_type=\"container\" data-e-type=\"container\" id=\"contenedor-hover\" data-settings=\"{&quot;background_background&quot;:&quot;classic&quot;}\">\n\t\t\t\t<div class=\"elementor-element elementor-element-edeffd7 elementor-view-stacked elementor-shape-circle elementor-widget elementor-widget-icon\" data-id=\"edeffd7\" data-element_type=\"widget\" data-e-type=\"widget\" data-widget_type=\"icon.default\">\n\t\t\t\t<div class=\"elementor-widget-container\">\n\t\t\t\t\t\t\t<div class=\"elementor-icon-wrapper\">\n\t\t\t<div class=\"elementor-icon\">\n\t\t\t<i aria-hidden=\"true\" class=\"icon icon-carbon_ibm-cloud-sysdig-secure\"><\/i>\t\t\t<\/div>\n\t\t<\/div>\n\t\t\t\t\t\t<\/div>\n\t\t\t\t<\/div>\n\t\t\t\t<div class=\"elementor-element elementor-element-fbbba6e elementor-widget__width-initial elementor-widget elementor-widget-heading\" data-id=\"fbbba6e\" data-element_type=\"widget\" data-e-type=\"widget\" data-widget_type=\"heading.default\">\n\t\t\t\t<div class=\"elementor-widget-container\">\n\t\t\t\t\t<h2 class=\"elementor-heading-title elementor-size-default\">Op\u00e9rations crypt\u00e9es<\/h2>\t\t\t\t<\/div>\n\t\t\t\t<\/div>\n\t\t\t\t<div class=\"elementor-element elementor-element-868db72 elementor-widget__width-initial elementor-widget elementor-widget-text-editor\" data-id=\"868db72\" data-element_type=\"widget\" data-e-type=\"widget\" data-widget_type=\"text-editor.default\">\n\t\t\t\t<div class=\"elementor-widget-container\">\n\t\t\t\t\t\t\t\t\t<p>Toutes vos communications sont effectu\u00e9es sous <span style=\"text-decoration: underline;\">protocole SSL.<\/span> Gr\u00e2ce \u00e0 notre technologie, nous cryptons les informations qui entrent et sortent de votre site afin de le s\u00e9curiser.<\/p>\t\t\t\t\t\t\t\t<\/div>\n\t\t\t\t<\/div>\n\t\t\t\t<\/div>\n\t\t<div class=\"elementor-element elementor-element-53ea841 e-con-full e-flex e-con e-child\" data-id=\"53ea841\" data-element_type=\"container\" data-e-type=\"container\" id=\"contenedor-hover\" data-settings=\"{&quot;background_background&quot;:&quot;classic&quot;}\">\n\t\t\t\t<div class=\"elementor-element elementor-element-57c51d0 elementor-view-stacked elementor-shape-circle elementor-widget elementor-widget-icon\" data-id=\"57c51d0\" data-element_type=\"widget\" data-e-type=\"widget\" data-widget_type=\"icon.default\">\n\t\t\t\t<div class=\"elementor-widget-container\">\n\t\t\t\t\t\t\t<div class=\"elementor-icon-wrapper\">\n\t\t\t<div class=\"elementor-icon\">\n\t\t\t<i aria-hidden=\"true\" class=\"icon icon-carbon_document-tasks\"><\/i>\t\t\t<\/div>\n\t\t<\/div>\n\t\t\t\t\t\t<\/div>\n\t\t\t\t<\/div>\n\t\t\t\t<div class=\"elementor-element elementor-element-3158146 elementor-widget__width-initial elementor-widget elementor-widget-heading\" data-id=\"3158146\" data-element_type=\"widget\" data-e-type=\"widget\" data-widget_type=\"heading.default\">\n\t\t\t\t<div class=\"elementor-widget-container\">\n\t\t\t\t\t<h2 class=\"elementor-heading-title elementor-size-default\">S\u00e9curit\u00e9 certifi\u00e9e<\/h2>\t\t\t\t<\/div>\n\t\t\t\t<\/div>\n\t\t\t\t<div class=\"elementor-element elementor-element-f523292 elementor-widget__width-initial elementor-widget elementor-widget-text-editor\" data-id=\"f523292\" data-element_type=\"widget\" data-e-type=\"widget\" data-widget_type=\"text-editor.default\">\n\t\t\t\t<div class=\"elementor-widget-container\">\n\t\t\t\t\t\t\t\t\t<p>Les services de Wannme ont \u00e9t\u00e9 <span style=\"text-decoration: underline;\">audit\u00e9s par un \u00e9valuateur de s\u00e9curit\u00e9 qualifi\u00e9<\/span> (QSA) et ont obtenu la certification PCI-DSS (SAQ-A). PCI est le forum mondial ouvert qui r\u00e9glemente les normes de s\u00e9curit\u00e9 pour l&#8217;industrie des cartes de paiement.<\/p>\t\t\t\t\t\t\t\t<\/div>\n\t\t\t\t<\/div>\n\t\t\t\t<\/div>\n\t\t\t\t<\/div>\n\t\t<div class=\"elementor-element elementor-element-d3bdab5 e-con-full e-flex e-con e-child\" data-id=\"d3bdab5\" data-element_type=\"container\" data-e-type=\"container\">\n\t\t<div class=\"elementor-element elementor-element-45f0942 e-con-full e-flex e-con e-child\" data-id=\"45f0942\" data-element_type=\"container\" data-e-type=\"container\" id=\"contenedor-hover\" data-settings=\"{&quot;background_background&quot;:&quot;classic&quot;}\">\n\t\t\t\t<div class=\"elementor-element elementor-element-d594bd6 elementor-view-stacked elementor-shape-circle elementor-widget elementor-widget-icon\" data-id=\"d594bd6\" data-element_type=\"widget\" data-e-type=\"widget\" data-widget_type=\"icon.default\">\n\t\t\t\t<div class=\"elementor-widget-container\">\n\t\t\t\t\t\t\t<div class=\"elementor-icon-wrapper\">\n\t\t\t<div class=\"elementor-icon\">\n\t\t\t<i aria-hidden=\"true\" class=\"icon icon-carbon_cloud-services\"><\/i>\t\t\t<\/div>\n\t\t<\/div>\n\t\t\t\t\t\t<\/div>\n\t\t\t\t<\/div>\n\t\t\t\t<div class=\"elementor-element elementor-element-04d4260 elementor-widget__width-initial elementor-widget elementor-widget-heading\" data-id=\"04d4260\" data-element_type=\"widget\" data-e-type=\"widget\" data-widget_type=\"heading.default\">\n\t\t\t\t<div class=\"elementor-widget-container\">\n\t\t\t\t\t<h2 class=\"elementor-heading-title elementor-size-default\">H\u00e9bergement en nuage<\/h2>\t\t\t\t<\/div>\n\t\t\t\t<\/div>\n\t\t\t\t<div class=\"elementor-element elementor-element-baeb92d elementor-widget__width-initial elementor-widget elementor-widget-text-editor\" data-id=\"baeb92d\" data-element_type=\"widget\" data-e-type=\"widget\" data-widget_type=\"text-editor.default\">\n\t\t\t\t<div class=\"elementor-widget-container\">\n\t\t\t\t\t\t\t\t\t<p>Votre entreprise, dans le nuage. Notre infrastructure cloud est h\u00e9berg\u00e9e sur Amazon AWS, ce qui garantit la <span style=\"text-decoration: underline;\">disponibilit\u00e9 et la rapidit\u00e9<\/span> dont votre entreprise a besoin pour \u00e9voluer. <\/p>\t\t\t\t\t\t\t\t<\/div>\n\t\t\t\t<\/div>\n\t\t\t\t<\/div>\n\t\t<div class=\"elementor-element elementor-element-53dc4dd e-con-full e-flex e-con e-child\" data-id=\"53dc4dd\" data-element_type=\"container\" data-e-type=\"container\" id=\"contenedor-hover\" data-settings=\"{&quot;background_background&quot;:&quot;classic&quot;}\">\n\t\t\t\t<div class=\"elementor-element elementor-element-15a805f elementor-view-stacked elementor-shape-circle elementor-widget elementor-widget-icon\" data-id=\"15a805f\" data-element_type=\"widget\" data-e-type=\"widget\" data-widget_type=\"icon.default\">\n\t\t\t\t<div class=\"elementor-widget-container\">\n\t\t\t\t\t\t\t<div class=\"elementor-icon-wrapper\">\n\t\t\t<div class=\"elementor-icon\">\n\t\t\t<i aria-hidden=\"true\" class=\"icon icon-carbon_security-services\"><\/i>\t\t\t<\/div>\n\t\t<\/div>\n\t\t\t\t\t\t<\/div>\n\t\t\t\t<\/div>\n\t\t\t\t<div class=\"elementor-element elementor-element-0095e48 elementor-widget__width-initial elementor-widget elementor-widget-heading\" data-id=\"0095e48\" data-element_type=\"widget\" data-e-type=\"widget\" data-widget_type=\"heading.default\">\n\t\t\t\t<div class=\"elementor-widget-container\">\n\t\t\t\t\t<h2 class=\"elementor-heading-title elementor-size-default\">Votre service, audit\u00e9<\/h2>\t\t\t\t<\/div>\n\t\t\t\t<\/div>\n\t\t\t\t<div class=\"elementor-element elementor-element-181a0c1 elementor-widget__width-initial elementor-widget elementor-widget-text-editor\" data-id=\"181a0c1\" data-element_type=\"widget\" data-e-type=\"widget\" data-widget_type=\"text-editor.default\">\n\t\t\t\t<div class=\"elementor-widget-container\">\n\t\t\t\t\t\t\t\t\t<p>Votre entreprise est prot\u00e9g\u00e9e. Notre infrastructure et nos processus sont audit\u00e9s par des soci\u00e9t\u00e9s de cybers\u00e9curit\u00e9, ce qui garantit le <span style=\"text-decoration: underline;\">respect de toutes les r\u00e9glementations et mesures de s\u00e9curit\u00e9<\/span> n\u00e9cessaires. <\/p>\t\t\t\t\t\t\t\t<\/div>\n\t\t\t\t<\/div>\n\t\t\t\t<\/div>\n\t\t<div class=\"elementor-element elementor-element-8407a1a e-con-full e-flex e-con e-child\" data-id=\"8407a1a\" data-element_type=\"container\" data-e-type=\"container\" id=\"contenedor-hover\" data-settings=\"{&quot;background_background&quot;:&quot;classic&quot;}\">\n\t\t\t\t<div class=\"elementor-element elementor-element-3b3c726 elementor-view-stacked elementor-shape-circle elementor-widget elementor-widget-icon\" data-id=\"3b3c726\" data-element_type=\"widget\" data-e-type=\"widget\" data-widget_type=\"icon.default\">\n\t\t\t\t<div class=\"elementor-widget-container\">\n\t\t\t\t\t\t\t<div class=\"elementor-icon-wrapper\">\n\t\t\t<div class=\"elementor-icon\">\n\t\t\t<i aria-hidden=\"true\" class=\"icon icon-carbon_cloud-alerting\"><\/i>\t\t\t<\/div>\n\t\t<\/div>\n\t\t\t\t\t\t<\/div>\n\t\t\t\t<\/div>\n\t\t\t\t<div class=\"elementor-element elementor-element-3f48e10 elementor-widget__width-initial elementor-widget elementor-widget-heading\" data-id=\"3f48e10\" data-element_type=\"widget\" data-e-type=\"widget\" data-widget_type=\"heading.default\">\n\t\t\t\t<div class=\"elementor-widget-container\">\n\t\t\t\t\t<h2 class=\"elementor-heading-title elementor-size-default\">Contr\u00f4le anti-fraude complet<\/h2>\t\t\t\t<\/div>\n\t\t\t\t<\/div>\n\t\t\t\t<div class=\"elementor-element elementor-element-16c3ce2 elementor-widget__width-initial elementor-widget elementor-widget-text-editor\" data-id=\"16c3ce2\" data-element_type=\"widget\" data-e-type=\"widget\" data-widget_type=\"text-editor.default\">\n\t\t\t\t<div class=\"elementor-widget-container\">\n\t\t\t\t\t\t\t\t\t<p>Nous nous conformons aux exigences de la <span style=\"text-decoration: underline;\">DSP2 et au protocole 3D Secure<\/span> afin que vos paiements soient ex\u00e9cut\u00e9s en toute s\u00e9curit\u00e9 et que les activit\u00e9s frauduleuses potentielles soient d\u00e9tect\u00e9es.<\/p>\t\t\t\t\t\t\t\t<\/div>\n\t\t\t\t<\/div>\n\t\t\t\t<\/div>\n\t\t\t\t<\/div>\n\t\t\t\t<div class=\"elementor-element elementor-element-4ee02f1 elementor-widget elementor-widget-button\" data-id=\"4ee02f1\" data-element_type=\"widget\" data-e-type=\"widget\" data-widget_type=\"button.default\">\n\t\t\t\t<div class=\"elementor-widget-container\">\n\t\t\t\t\t\t\t\t\t<div class=\"elementor-button-wrapper\">\n\t\t\t\t\t<a class=\"elementor-button elementor-button-link elementor-size-sm\" href=\"#elementor-action%3Aaction%3Dpopup%3Aopen%26settings%3DeyJpZCI6MjU2NzgsInRvZ2dsZSI6ZmFsc2V9\">\n\t\t\t\t\t\t<span class=\"elementor-button-content-wrapper\">\n\t\t\t\t\t\t\t\t\t<span class=\"elementor-button-text\">Travailler en toute s\u00e9curit\u00e9<\/span>\n\t\t\t\t\t<\/span>\n\t\t\t\t\t<\/a>\n\t\t\t\t<\/div>\n\t\t\t\t\t\t\t\t<\/div>\n\t\t\t\t<\/div>\n\t\t\t\t\t<\/div>\n\t\t\t\t<\/div>\n\t\t\t\t<\/div>\n\t\t","protected":false},"excerpt":{"rendered":"<p>La s\u00e9curit\u00e9 comme votremeilleur alli\u00e9 pour la croissance Explorez l&#8217;environnement s\u00fbr de Wannme Protection s\u00e9curis\u00e9e Nous travaillons avec les meilleurs pour vous prot\u00e9ger contre toute menace : certifications, cloud, surveillance, audits, exigences internationales, protocoles, etc. Op\u00e9rations crypt\u00e9es Toutes vos communications &hellip; <a href=\"https:\/\/www.wannme.com\/fr\/securite\/\">Read More<\/a><\/p>\n","protected":false},"author":8,"featured_media":0,"parent":0,"menu_order":0,"comment_status":"closed","ping_status":"closed","template":"","meta":{"footnotes":""},"class_list":["post-25416","page","type-page","status-publish","hentry"],"yoast_head":"<!-- This site is optimized with the Yoast SEO plugin v27.5 - https:\/\/yoast.com\/product\/yoast-seo-wordpress\/ -->\n<title>S\u00e9curit\u00e9 - WANNME<\/title>\n<meta name=\"robots\" content=\"index, follow, max-snippet:-1, max-image-preview:large, max-video-preview:-1\" \/>\n<link rel=\"canonical\" href=\"https:\/\/www.wannme.com\/fr\/securite\/\" \/>\n<meta property=\"og:locale\" content=\"fr_FR\" \/>\n<meta property=\"og:type\" content=\"article\" \/>\n<meta property=\"og:title\" content=\"S\u00e9curit\u00e9 - WANNME\" \/>\n<meta property=\"og:description\" content=\"La s\u00e9curit\u00e9 comme votremeilleur alli\u00e9 pour la croissance Explorez l&#8217;environnement s\u00fbr de Wannme Protection s\u00e9curis\u00e9e Nous travaillons avec les meilleurs pour vous prot\u00e9ger contre toute menace : certifications, cloud, surveillance, audits, exigences internationales, protocoles, etc. Op\u00e9rations crypt\u00e9es Toutes vos communications &hellip; Read More\" \/>\n<meta property=\"og:url\" content=\"https:\/\/www.wannme.com\/fr\/securite\/\" \/>\n<meta property=\"og:site_name\" content=\"WANNME\" \/>\n<meta property=\"article:modified_time\" content=\"2026-04-14T13:33:35+00:00\" \/>\n<meta property=\"og:image\" content=\"https:\/\/www.wannme.com\/wp-content\/uploads\/2024\/03\/Icono_Color.png\" \/>\n\t<meta property=\"og:image:width\" content=\"2340\" \/>\n\t<meta property=\"og:image:height\" content=\"810\" \/>\n\t<meta property=\"og:image:type\" content=\"image\/png\" \/>\n<meta name=\"twitter:card\" content=\"summary_large_image\" \/>\n<meta name=\"twitter:label1\" content=\"Dur\u00e9e de lecture estim\u00e9e\" \/>\n\t<meta name=\"twitter:data1\" content=\"1 minute\" \/>\n<!-- \/ Yoast SEO plugin. -->","yoast_head_json":{"title":"S\u00e9curit\u00e9 - WANNME","robots":{"index":"index","follow":"follow","max-snippet":"max-snippet:-1","max-image-preview":"max-image-preview:large","max-video-preview":"max-video-preview:-1"},"canonical":"https:\/\/www.wannme.com\/fr\/securite\/","og_locale":"fr_FR","og_type":"article","og_title":"S\u00e9curit\u00e9 - WANNME","og_description":"La s\u00e9curit\u00e9 comme votremeilleur alli\u00e9 pour la croissance Explorez l&#8217;environnement s\u00fbr de Wannme Protection s\u00e9curis\u00e9e Nous travaillons avec les meilleurs pour vous prot\u00e9ger contre toute menace : certifications, cloud, surveillance, audits, exigences internationales, protocoles, etc. Op\u00e9rations crypt\u00e9es Toutes vos communications &hellip; Read More","og_url":"https:\/\/www.wannme.com\/fr\/securite\/","og_site_name":"WANNME","article_modified_time":"2026-04-14T13:33:35+00:00","og_image":[{"width":2340,"height":810,"url":"https:\/\/www.wannme.com\/wp-content\/uploads\/2024\/03\/Icono_Color.png","type":"image\/png"}],"twitter_card":"summary_large_image","twitter_misc":{"Dur\u00e9e de lecture estim\u00e9e":"1 minute"},"schema":{"@context":"https:\/\/schema.org","@graph":[{"@type":"WebPage","@id":"https:\/\/www.wannme.com\/fr\/securite\/","url":"https:\/\/www.wannme.com\/fr\/securite\/","name":"S\u00e9curit\u00e9 - WANNME","isPartOf":{"@id":"https:\/\/www.wannme.com\/fr\/#website"},"datePublished":"2025-12-05T08:51:28+00:00","dateModified":"2026-04-14T13:33:35+00:00","breadcrumb":{"@id":"https:\/\/www.wannme.com\/fr\/securite\/#breadcrumb"},"inLanguage":"fr-FR","potentialAction":[{"@type":"ReadAction","target":["https:\/\/www.wannme.com\/fr\/securite\/"]}]},{"@type":"BreadcrumbList","@id":"https:\/\/www.wannme.com\/fr\/securite\/#breadcrumb","itemListElement":[{"@type":"ListItem","position":1,"name":"Portada","item":"https:\/\/www.wannme.com\/fr\/"},{"@type":"ListItem","position":2,"name":"S\u00e9curit\u00e9"}]},{"@type":"WebSite","@id":"https:\/\/www.wannme.com\/fr\/#website","url":"https:\/\/www.wannme.com\/fr\/","name":"WANNME","description":"Vende m\u00e1s y cobra hoy","publisher":{"@id":"https:\/\/www.wannme.com\/fr\/#organization"},"potentialAction":[{"@type":"SearchAction","target":{"@type":"EntryPoint","urlTemplate":"https:\/\/www.wannme.com\/fr\/?s={search_term_string}"},"query-input":{"@type":"PropertyValueSpecification","valueRequired":true,"valueName":"search_term_string"}}],"inLanguage":"fr-FR"},{"@type":"Organization","@id":"https:\/\/www.wannme.com\/fr\/#organization","name":"Wannme","url":"https:\/\/www.wannme.com\/fr\/","logo":{"@type":"ImageObject","inLanguage":"fr-FR","@id":"https:\/\/www.wannme.com\/fr\/#\/schema\/logo\/image\/","url":"https:\/\/www.wannme.com\/wp-content\/uploads\/2024\/05\/logo-white-wannme.png","contentUrl":"https:\/\/www.wannme.com\/wp-content\/uploads\/2024\/05\/logo-white-wannme.png","width":749,"height":103,"caption":"Wannme"},"image":{"@id":"https:\/\/www.wannme.com\/fr\/#\/schema\/logo\/image\/"}}]}},"_links":{"self":[{"href":"https:\/\/www.wannme.com\/fr\/wp-json\/wp\/v2\/pages\/25416","targetHints":{"allow":["GET"]}}],"collection":[{"href":"https:\/\/www.wannme.com\/fr\/wp-json\/wp\/v2\/pages"}],"about":[{"href":"https:\/\/www.wannme.com\/fr\/wp-json\/wp\/v2\/types\/page"}],"author":[{"embeddable":true,"href":"https:\/\/www.wannme.com\/fr\/wp-json\/wp\/v2\/users\/8"}],"replies":[{"embeddable":true,"href":"https:\/\/www.wannme.com\/fr\/wp-json\/wp\/v2\/comments?post=25416"}],"version-history":[{"count":12,"href":"https:\/\/www.wannme.com\/fr\/wp-json\/wp\/v2\/pages\/25416\/revisions"}],"predecessor-version":[{"id":29505,"href":"https:\/\/www.wannme.com\/fr\/wp-json\/wp\/v2\/pages\/25416\/revisions\/29505"}],"wp:attachment":[{"href":"https:\/\/www.wannme.com\/fr\/wp-json\/wp\/v2\/media?parent=25416"}],"curies":[{"name":"wp","href":"https:\/\/api.w.org\/{rel}","templated":true}]}}