{"id":18737,"date":"2024-12-30T12:22:41","date_gmt":"2024-12-30T11:22:41","guid":{"rendered":"https:\/\/www.wannme.com\/legale\/"},"modified":"2026-04-14T16:33:06","modified_gmt":"2026-04-14T14:33:06","slug":"legale","status":"publish","type":"page","link":"https:\/\/www.wannme.com\/it\/legale\/","title":{"rendered":"Legale"},"content":{"rendered":"\t\t<div data-elementor-type=\"wp-page\" data-elementor-id=\"18737\" class=\"elementor elementor-18737 elementor-2922\" data-elementor-post-type=\"page\">\n\t\t\t\t\t\t<section class=\"elementor-section elementor-top-section elementor-element elementor-element-93e6a62 elementor-section-height-min-height elementor-section-boxed elementor-section-height-default elementor-section-items-middle\" data-id=\"93e6a62\" data-element_type=\"section\" data-e-type=\"section\" data-settings=\"{&quot;background_background&quot;:&quot;classic&quot;}\">\n\t\t\t\t\t\t\t<div class=\"elementor-background-overlay\"><\/div>\n\t\t\t\t\t\t\t<div class=\"elementor-container elementor-column-gap-default\">\n\t\t\t\t\t<div class=\"elementor-column elementor-col-100 elementor-top-column elementor-element elementor-element-cbc70cb\" data-id=\"cbc70cb\" data-element_type=\"column\" data-e-type=\"column\">\n\t\t\t<div class=\"elementor-widget-wrap elementor-element-populated\">\n\t\t\t\t\t\t<div class=\"elementor-element elementor-element-3abeb03 elementor-hidden-mobile elementor-widget elementor-widget-spacer\" data-id=\"3abeb03\" data-element_type=\"widget\" data-e-type=\"widget\" data-widget_type=\"spacer.default\">\n\t\t\t\t<div class=\"elementor-widget-container\">\n\t\t\t\t\t\t\t<div class=\"elementor-spacer\">\n\t\t\t<div class=\"elementor-spacer-inner\"><\/div>\n\t\t<\/div>\n\t\t\t\t\t\t<\/div>\n\t\t\t\t<\/div>\n\t\t\t\t<div class=\"elementor-element elementor-element-89daa02 elementor-widget__width-initial elementor-invisible elementor-widget elementor-widget-heading\" data-id=\"89daa02\" data-element_type=\"widget\" data-e-type=\"widget\" data-settings=\"{&quot;_animation&quot;:&quot;fadeIn&quot;,&quot;_animation_delay&quot;:100}\" data-widget_type=\"heading.default\">\n\t\t\t\t<div class=\"elementor-widget-container\">\n\t\t\t\t\t<h1 class=\"elementor-heading-title elementor-size-default\">Avviso legale<\/h1>\t\t\t\t<\/div>\n\t\t\t\t<\/div>\n\t\t\t\t<div class=\"elementor-element elementor-element-2a8f16a elementor-hidden-mobile elementor-widget elementor-widget-spacer\" data-id=\"2a8f16a\" data-element_type=\"widget\" data-e-type=\"widget\" data-widget_type=\"spacer.default\">\n\t\t\t\t<div class=\"elementor-widget-container\">\n\t\t\t\t\t\t\t<div class=\"elementor-spacer\">\n\t\t\t<div class=\"elementor-spacer-inner\"><\/div>\n\t\t<\/div>\n\t\t\t\t\t\t<\/div>\n\t\t\t\t<\/div>\n\t\t\t\t\t<\/div>\n\t\t<\/div>\n\t\t\t\t\t<\/div>\n\t\t<\/section>\n\t\t\t\t<section class=\"elementor-section elementor-top-section elementor-element elementor-element-ecfa858 elementor-section-boxed elementor-section-height-default elementor-section-height-default\" data-id=\"ecfa858\" data-element_type=\"section\" data-e-type=\"section\">\n\t\t\t\t\t\t<div class=\"elementor-container elementor-column-gap-default\">\n\t\t\t\t\t<div class=\"elementor-column elementor-col-100 elementor-top-column elementor-element elementor-element-b1d8656\" data-id=\"b1d8656\" data-element_type=\"column\" data-e-type=\"column\">\n\t\t\t<div class=\"elementor-widget-wrap elementor-element-populated\">\n\t\t\t\t\t\t<div class=\"elementor-element elementor-element-fe3ed52 elementor-widget elementor-widget-text-editor\" data-id=\"fe3ed52\" data-element_type=\"widget\" data-e-type=\"widget\" data-widget_type=\"text-editor.default\">\n\t\t\t\t<div class=\"elementor-widget-container\">\n\t\t\t\t\t\t\t\t\t<div class=\"et_pb_section et_pb_section_2 et_section_regular\"><div class=\"et_pb_row et_pb_row_1\"><div class=\"et_pb_column et_pb_column_4_4 et_pb_column_3 et_pb_css_mix_blend_mode_passthrough et-last-child\"><div class=\"et_pb_module et_pb_text et_pb_text_2 et_pb_text_align_justified et_pb_bg_layout_light\"><div class=\"et_pb_text_inner\"><h2>1. PROPRIET\u00c0 DEL SITO WEB E DATI DI CONTATTO<\/h2><div>\u00a0<\/div><div class=\"et_pb_section et_pb_section_2 et_section_regular\">In conformit\u00e0 alla legge spagnola 34\/2002, dell\u201911 luglio, sui Servizi della societ\u00e0 dell\u2019informazione e commercio elettronico (LSSI-CE), WANNME MARKETPLACE, S.L.U.<\/div><div class=\"et_pb_section et_pb_section_2 et_section_regular\">(in prosieguo, la \u201cSociet\u00e0\u201d o \u201cWANNME\u201d) informa gli utenti (in prosieguo, gli \u201cUtenti\u201d) del sito web www.wannme.com (in prosieguo, il \u201cSito Web\u201d) di essere la proprietaria del suddetto sito web. I propri dati sono:<\/div><div>\u00a0<\/div><ul><li>Ragione sociale:<\/li><\/ul><ul><li>WANNME MARKETPLACE, S.L.U.<\/li><\/ul><ul><li>C.F.:<\/li><\/ul><ul><li>B87935540<\/li><\/ul><ul><li>Denominazione commerciale:<\/li><\/ul><ul><li>Wannme<\/li><\/ul><ul><li>Sede legale:<\/li><\/ul><ul><li>Avenida Manoteras n. 38, Madrid (Spagna).<\/li><\/ul><ul><li>Iscrizione al Registro delle Imprese di Madrid:<\/li><\/ul><ul><li>Volume 36429, Libro 0, Foglio 153, Sezione 8, Pagina M-654496.<\/li><\/ul><ul><li>Telefono ed e-mail di contatto:<\/li><\/ul><ul><li>910390250 e hola@wannme.com<\/li><\/ul><h2>\u00a0<\/h2><h2>2. CONDIZIONI GENERALI D\u2019USO<\/h2><div><p>\u2013 L\u2019Utente accede volontariamente al presente Sito web, il che implica che lo utilizzer\u00e0 in conformit\u00e0 con il presente avviso legale, la legge, la morale, la buona fede e\/o il buon costume.<\/p><\/div><div><p>\u2013 L\u2019utilizzo del Sito web implica l\u2019accettazione del presente avviso legale.<\/p><\/div><div><p>\u2013 Gli Utenti possono visitare liberamente alcune delle pagine di questo Sito web.<\/p><\/div><div><p>\u2013 Per accedere alle pagine del Sito web che contengono la demo gratuita e consentono di acquistare i servizi di WANNME, \u00e8 necessario creare un account e registrarsi come utente.<\/p><\/div><div><p>Per registrarsi \u00e8 necessario accettare i termini e condizioni previsti.<\/p><\/div><div><h2>\u00a0<\/h2><\/div><div><h2>3. PROPRIET\u00c0 INTELLETTUALE E INDUSTRIALE<\/h2><\/div><div><p>Tutti i contenuti e gli elementi del Sito web, inclusi, a titolo esemplificativo e non esaustivo, testi, disegni, marchi, nomi di dominio, loghi, grafici, animazioni, codici sorgente, applicazioni, o qualsiasi altro elemento sono di propriet\u00e0 della Societ\u00e0 o dei rispettivi licenzianti.<\/p><\/div><div><p>La riproduzione, trasformazione, distribuzione o comunicazione pubblica dei medesimi, nonch\u00e9 qualsiasi altro atto di disposizione sono severamente vietati, a meno che non si disponga della corrispondente autorizzazione della Societ\u00e0.<\/p><\/div><div><p>Gli Utenti dispongono solo di un diritto di uso strettamente privato, esclusivamente allo scopo di usufruire del Sito web.<\/p><\/div><div><p>La Societ\u00e0 autorizza l\u2019Utente a fare un uso personale e intrasferibile di qualsiasi programma o applicazione informatica (in prosieguo, \u201cSoftware\u201d), nonch\u00e9 dei rispettivi contenuti a cui pu\u00f2 accedere tramite il Sito web. Di conseguenza, l\u2019Utente potr\u00e0 utilizzare il Software e i rispettivi contenuti al solo scopo di utilizzare il Sito web.<\/p><\/div><div><p>In ogni caso, \u00e8 severamente vietata la copia, la trasformazione, la distribuzione, la comunicazione pubblica o qualsiasi altro atto di disposizione o modifica del Software e del contenuto, a meno che non si disponga dell\u2019autorizzazione pertinente della Societ\u00e0 o del suo titolare.<\/p><\/div><div><p>L\u2019Utente si impegna a utilizzare i contenuti e gli elementi a cui accede attraverso il Sito web per il proprio uso e necessit\u00e0 e rinuncia a utilizzarli, direttamente o indirettamente, per finalit\u00e0 commerciali.<\/p><\/div><div><p>\u00c8 espressamente vietato eliminare, eludere o manipolare qualsiasi dato o marchio identificativo dei diritti del titolare del Sito web o dei titolari incorporati nei contenuti.<\/p><\/div><div><p>L\u2019accesso ai contenuti inseriti nel Sito web non implica un\u2019autorizzazione della Societ\u00e0, oltre a quella specificamente concessa nella presente clausola.<\/p><\/div><div><h2>\u00a0<\/h2><\/div><div><h2>4.<\/h2><\/div><div><h2>ESCLUSIONE DI GARANZIE E RESPONSABILIT\u00c0<\/h2><\/div><div><h3>4.1. Esclusione di garanzie e responsabilit\u00e0 del Sito web<\/h3><\/div><div><p>Il Sito web viene fornito all\u2019Utente \u201ccos\u00ec com\u2019\u00e8\u201d, per cui l\u2019accesso e\/o l\u2019utilizzo del Sito web e la richiesta di informazioni avvengono sempre sotto la responsabilit\u00e0 dell\u2019Utente e in conformit\u00e0 con le condizioni stabilite in qualsiasi momento dalla Societ\u00e0.<\/p><\/div><div><p>L\u2019Utente manterr\u00e0 indenne e indennizzer\u00e0 la Societ\u00e0 per qualsiasi danno eventualmente subito da quest\u2019ultima per via dell\u2019uso improprio del Sito da parte dell\u2019Utente.<\/p><\/div><div><p>Le informazioni fornite dal Sito web sono state elaborate od ottenute da fonti considerate sicure.<\/p><\/div><div><p>Tuttavia, la Societ\u00e0 non pu\u00f2 garantire l\u2019affidabilit\u00e0 e la correttezza delle informazioni fornite da terzi che di fatto esulano dal proprio controllo.<\/p><\/div><div><p>Nella misura massima consentita dalla legge, la Societ\u00e0 non si assume alcuna responsabilit\u00e0 per eventuali perdite o danni (inclusi, a titolo esemplificativo ma non esaustivo, qualsiasi tipo di danno o perdita diretta, indiretta o consequenziale, perdita di affari, dati &#8211; compresi quelli dell\u2019Utente -, contratti o profitti, perdite o danni in relazione a programmi o apparecchiature informatiche) eventualmente derivati dall\u2019accesso o dall\u2019utilizzo nonch\u00e9 dall\u2019impossibilit\u00e0 di accedere o utilizzare il Sito web o qualsiasi parte di esso, qualunque ne sia la causa, inclusa l\u2019inesattezza delle informazioni contenute nel Sito web, i danni eventualmente derivati dall\u2019accesso al Sito web da parte dell\u2019Utente, inclusi, tra gli altri, problemi di connessione.<\/p><\/div><div><p>Analogamente, la Societ\u00e0 non \u00e8 responsabile per gli atti o i contenuti di terzi collaboratori a cui \u00e8 possibile accedere attraverso il Sito web.<\/p><\/div><div><p>Infine, la Societ\u00e0 non assume alcuna responsabilit\u00e0 derivante dalla mancanza di veridicit\u00e0, correttezza o accuratezza delle informazioni o di qualsiasi altro dato fornito da terzi attraverso il Sito web (inclusi, tra gli altri, fornitori terzi, altri partecipanti o Utenti, collaboratori della Societ\u00e0).<\/p><\/div><div><h3>4.2. Esclusione di garanzie e responsabilit\u00e0 per la manutenzione del Sito web<\/h3><\/div><div><p>Sebbene siano state adottate tutte le misure di sicurezza necessarie, la Societ\u00e0 non garantisce che il Software o altri elementi, file o contenuti del Sito web non contengano errori, che il loro accesso o utilizzo sia ininterrotto, o che non possano essere infettati da virus o da qualsiasi altro elemento avente propriet\u00e0 distruttive o dannose; pertanto, la Societ\u00e0 non assume alcuna responsabilit\u00e0 al riguardo.<\/p><\/div><div><p>In caso di manutenzione, riparazione, aggiornamento o miglioramento del Sito web o di uno qualsiasi dei suoi elementi, la Societ\u00e0 si riserva il diritto di sospendere temporaneamente e senza preavviso l\u2019accesso al presente Sito web.<\/p><\/div><div><p>Tuttavia, la Societ\u00e0 far\u00e0 del proprio meglio affinch\u00e9 tali operazioni interferiscano il meno possibile con l\u2019utilizzo del Sito web.<\/p><\/div><div><h3>4.3 Esclusione di garanzie e responsabilit\u00e0 per l\u2019accesso a siti web di terzi<\/h3><\/div><div><p>Il Sito web potr\u00e0 mettere a disposizione degli Utenti link a siti web appartenenti a terzi, al fine di facilitare la ricerca e l\u2019accesso alle informazioni disponibili su Internet.<\/p><\/div><div><p>La Societ\u00e0 non controlla preventivamente n\u00e9 approva n\u00e9 fa propri gli atti, i servizi, le informazioni, i dati, i file, i prodotti e qualsiasi tipo di materiale esistente sui siti di terzi.<\/p><\/div><div><p>L\u2019Utente, pertanto, deve prestare la massima attenzione nella valutazione e nell\u2019utilizzo dei servizi, delle informazioni, dei dati, dei file, dei prodotti e di qualsiasi tipo di materiale esistente sui siti di terzi.<\/p><\/div><div><p>La Societ\u00e0 non garantisce n\u00e9 assume alcuna responsabilit\u00e0 per l\u2019uso, l\u2019accesso o i danni causati all\u2019Utente dall\u2019uso dei siti web o dei servizi forniti da terzi. Pertanto, consiglia caldamente di consultare e rivedere le condizioni d\u2019uso e di privacy di qualsiasi sito web i cui link possano essere presenti sul Sito web prima di effettuare qualsiasi richiesta o utilizzare i servizi.<\/p><\/div><div><h3>4.4 Utilizzo di contenuti da parte di terzi<\/h3><\/div><div><p>La Societ\u00e0 non garantisce che altri utenti o collaboratori terzi utilizzino il Sito web e i rispettivi contenuti correttamente e in conformit\u00e0 con le disposizioni del presente Avviso legale, nonch\u00e9 con le norme di legge, la morale e il buon costume generalmente accettati e l\u2019ordine pubblico, n\u00e9 che lo facciano in modo diligente e prudente.<\/p><\/div><div><p>Di conseguenza, non assume alcuna responsabilit\u00e0 per la condotta degli Utenti o dei Fornitori n\u00e9 per l\u2019uso che fanno delle informazioni o dei contenuti del Sito web.<\/p><\/div><div><h3>4.5 Opinioni degli Utenti<\/h3><\/div><div><p>La Societ\u00e0 non \u00e8 responsabile per le opinioni espresse dai propri Utenti.<\/p><\/div><div><h2>\u00a0<\/h2><\/div><div><h2>5.<\/h2><\/div><div><h2>PUBBLICIT\u00c0<\/h2><\/div><div><p>Alcune parti del Sito Web possono comprendere contenuti pubblicitari o essere sponsorizzate.<\/p><\/div><div><p>Gli inserzionisti e gli sponsor sono gli unici responsabili di garantire che il materiale inviato per l\u2019inclusione sul Sito web sia conforme alle leggi eventualmente applicabili.<\/p><\/div><div><p>La Societ\u00e0 non sar\u00e0 responsabile per eventuali errori, inesattezze o irregolarit\u00e0 dei contenuti pubblicitari o degli sponsor.<\/p><\/div><div><p>In ogni caso, per presentare qualsiasi reclamo relativo ai contenuti pubblicitari inseriti nel presente Sito web, rivolgersi al referente indicata nel presente Avviso legale.<\/p><\/div><div><h2>\u00a0<\/h2><\/div><div><h2>6.<\/h2><\/div><div><h2>ASPETTI GENERALI<\/h2><\/div><div><p>La Societ\u00e0 si riserva il diritto di modificare unilateralmente, in qualsiasi momento e senza preavviso, la presentazione e la configurazione del Sito web, nonch\u00e9 di aggiornare, modificare o eliminare le informazioni ivi contenute e le condizioni richieste per accedere o utilizzare il Sito web.<\/p><\/div><div><p>L\u2019uso o l\u2019accesso al Sito web implica l\u2019accettazione delle nuove condizioni dal momento in cui si realizzano.<\/p><\/div><div><p>La Societ\u00e0 si riserva il diritto di rivedere, in qualsiasi momento e senza preavviso, di propria iniziativa o su richiesta di terzi, i contenuti trasmessi, diffusi o resi disponibili a terzi dagli Utenti e di impedirne la trasmissione, la diffusione o la messa a disposizione di terzi nel caso in cui, a suo giudizio, non siano appropriati.<\/p><\/div><div><h2>\u00a0<\/h2><\/div><div><h2>7.<\/h2><\/div><div><h2>LEGGE APPLICABILE E FORO COMPETENTE<\/h2><\/div><div><p>Le condizioni del presente Sito web e le relazioni tra l\u2019Utente e WANNME saranno regolate dalla legge e dalla giurisdizione spagnola.<\/p><\/div><div><p>Per risolvere qualsiasi discrepanza che possa sorgere tra l\u2019Utente e WANNME, entrambe le parti si sottopongono alle Corti e ai Tribunali della citt\u00e0 di Madrid (Spagna), purch\u00e9 non prevalga il foro dell\u2019Utente.<\/p><\/div><\/div><\/div><\/div><\/div><\/div><div class=\"et_pb_section et_pb_section_4 et_pb_with_background et_section_regular et_pb_section--with-menu\"><div id=\"texto-footer\" class=\"et_pb_row et_pb_row_2 et_pb_row--with-menu et_pb_row_1-2_1-4_1-4\">\u00a0<\/div><\/div>\t\t\t\t\t\t\t\t<\/div>\n\t\t\t\t<\/div>\n\t\t\t\t\t<\/div>\n\t\t<\/div>\n\t\t\t\t\t<\/div>\n\t\t<\/section>\n\t\t\t\t<\/div>\n\t\t","protected":false},"excerpt":{"rendered":"<p>Avviso legale 1. PROPRIET\u00c0 DEL SITO WEB E DATI DI CONTATTO \u00a0In conformit\u00e0 alla legge spagnola 34\/2002, dell\u201911 luglio, sui Servizi della societ\u00e0 dell\u2019informazione e commercio elettronico (LSSI-CE), WANNME MARKETPLACE, S.L.U.(in prosieguo, la \u201cSociet\u00e0\u201d o \u201cWANNME\u201d) informa gli utenti (in &hellip; <a href=\"https:\/\/www.wannme.com\/it\/legale\/\">Read More<\/a><\/p>\n","protected":false},"author":1,"featured_media":0,"parent":0,"menu_order":0,"comment_status":"closed","ping_status":"closed","template":"","meta":{"footnotes":""},"class_list":["post-18737","page","type-page","status-publish","hentry"],"yoast_head":"<!-- This site is optimized with the Yoast SEO plugin v27.5 - https:\/\/yoast.com\/product\/yoast-seo-wordpress\/ -->\n<title>Legale - WANNME<\/title>\n<meta name=\"robots\" content=\"index, follow, max-snippet:-1, max-image-preview:large, max-video-preview:-1\" \/>\n<link rel=\"canonical\" href=\"https:\/\/www.wannme.com\/it\/legale\/\" \/>\n<meta property=\"og:locale\" content=\"it_IT\" \/>\n<meta property=\"og:type\" content=\"article\" \/>\n<meta property=\"og:title\" content=\"Legale - WANNME\" \/>\n<meta property=\"og:description\" content=\"Avviso legale 1. PROPRIET\u00c0 DEL SITO WEB E DATI DI CONTATTO \u00a0In conformit\u00e0 alla legge spagnola 34\/2002, dell\u201911 luglio, sui Servizi della societ\u00e0 dell\u2019informazione e commercio elettronico (LSSI-CE), WANNME MARKETPLACE, S.L.U.(in prosieguo, la \u201cSociet\u00e0\u201d o \u201cWANNME\u201d) informa gli utenti (in &hellip; Read More\" \/>\n<meta property=\"og:url\" content=\"https:\/\/www.wannme.com\/it\/legale\/\" \/>\n<meta property=\"og:site_name\" content=\"WANNME\" \/>\n<meta property=\"article:modified_time\" content=\"2026-04-14T14:33:06+00:00\" \/>\n<meta property=\"og:image\" content=\"https:\/\/www.wannme.com\/wp-content\/uploads\/2024\/03\/Icono_Color.png\" \/>\n\t<meta property=\"og:image:width\" content=\"2340\" \/>\n\t<meta property=\"og:image:height\" content=\"810\" \/>\n\t<meta property=\"og:image:type\" content=\"image\/png\" \/>\n<meta name=\"twitter:card\" content=\"summary_large_image\" \/>\n<meta name=\"twitter:label1\" content=\"Tempo di lettura stimato\" \/>\n\t<meta name=\"twitter:data1\" content=\"7 minuti\" \/>\n<!-- \/ Yoast SEO plugin. -->","yoast_head_json":{"title":"Legale - WANNME","robots":{"index":"index","follow":"follow","max-snippet":"max-snippet:-1","max-image-preview":"max-image-preview:large","max-video-preview":"max-video-preview:-1"},"canonical":"https:\/\/www.wannme.com\/it\/legale\/","og_locale":"it_IT","og_type":"article","og_title":"Legale - WANNME","og_description":"Avviso legale 1. PROPRIET\u00c0 DEL SITO WEB E DATI DI CONTATTO \u00a0In conformit\u00e0 alla legge spagnola 34\/2002, dell\u201911 luglio, sui Servizi della societ\u00e0 dell\u2019informazione e commercio elettronico (LSSI-CE), WANNME MARKETPLACE, S.L.U.(in prosieguo, la \u201cSociet\u00e0\u201d o \u201cWANNME\u201d) informa gli utenti (in &hellip; Read More","og_url":"https:\/\/www.wannme.com\/it\/legale\/","og_site_name":"WANNME","article_modified_time":"2026-04-14T14:33:06+00:00","og_image":[{"width":2340,"height":810,"url":"https:\/\/www.wannme.com\/wp-content\/uploads\/2024\/03\/Icono_Color.png","type":"image\/png"}],"twitter_card":"summary_large_image","twitter_misc":{"Tempo di lettura stimato":"7 minuti"},"schema":{"@context":"https:\/\/schema.org","@graph":[{"@type":"WebPage","@id":"https:\/\/www.wannme.com\/it\/legale\/","url":"https:\/\/www.wannme.com\/it\/legale\/","name":"Legale - WANNME","isPartOf":{"@id":"https:\/\/www.wannme.com\/it\/#website"},"datePublished":"2024-12-30T11:22:41+00:00","dateModified":"2026-04-14T14:33:06+00:00","breadcrumb":{"@id":"https:\/\/www.wannme.com\/it\/legale\/#breadcrumb"},"inLanguage":"it-IT","potentialAction":[{"@type":"ReadAction","target":["https:\/\/www.wannme.com\/it\/legale\/"]}]},{"@type":"BreadcrumbList","@id":"https:\/\/www.wannme.com\/it\/legale\/#breadcrumb","itemListElement":[{"@type":"ListItem","position":1,"name":"Portada","item":"https:\/\/www.wannme.com\/it\/"},{"@type":"ListItem","position":2,"name":"Legale"}]},{"@type":"WebSite","@id":"https:\/\/www.wannme.com\/it\/#website","url":"https:\/\/www.wannme.com\/it\/","name":"WANNME","description":"Vende m\u00e1s y cobra hoy","publisher":{"@id":"https:\/\/www.wannme.com\/it\/#organization"},"potentialAction":[{"@type":"SearchAction","target":{"@type":"EntryPoint","urlTemplate":"https:\/\/www.wannme.com\/it\/?s={search_term_string}"},"query-input":{"@type":"PropertyValueSpecification","valueRequired":true,"valueName":"search_term_string"}}],"inLanguage":"it-IT"},{"@type":"Organization","@id":"https:\/\/www.wannme.com\/it\/#organization","name":"Wannme","url":"https:\/\/www.wannme.com\/it\/","logo":{"@type":"ImageObject","inLanguage":"it-IT","@id":"https:\/\/www.wannme.com\/it\/#\/schema\/logo\/image\/","url":"https:\/\/www.wannme.com\/wp-content\/uploads\/2024\/05\/logo-white-wannme.png","contentUrl":"https:\/\/www.wannme.com\/wp-content\/uploads\/2024\/05\/logo-white-wannme.png","width":749,"height":103,"caption":"Wannme"},"image":{"@id":"https:\/\/www.wannme.com\/it\/#\/schema\/logo\/image\/"}}]}},"_links":{"self":[{"href":"https:\/\/www.wannme.com\/it\/wp-json\/wp\/v2\/pages\/18737","targetHints":{"allow":["GET"]}}],"collection":[{"href":"https:\/\/www.wannme.com\/it\/wp-json\/wp\/v2\/pages"}],"about":[{"href":"https:\/\/www.wannme.com\/it\/wp-json\/wp\/v2\/types\/page"}],"author":[{"embeddable":true,"href":"https:\/\/www.wannme.com\/it\/wp-json\/wp\/v2\/users\/1"}],"replies":[{"embeddable":true,"href":"https:\/\/www.wannme.com\/it\/wp-json\/wp\/v2\/comments?post=18737"}],"version-history":[{"count":7,"href":"https:\/\/www.wannme.com\/it\/wp-json\/wp\/v2\/pages\/18737\/revisions"}],"predecessor-version":[{"id":29671,"href":"https:\/\/www.wannme.com\/it\/wp-json\/wp\/v2\/pages\/18737\/revisions\/29671"}],"wp:attachment":[{"href":"https:\/\/www.wannme.com\/it\/wp-json\/wp\/v2\/media?parent=18737"}],"curies":[{"name":"wp","href":"https:\/\/api.w.org\/{rel}","templated":true}]}}