{"id":18742,"date":"2024-12-30T12:22:54","date_gmt":"2024-12-30T11:22:54","guid":{"rendered":"https:\/\/www.wannme.com\/termini-e-condizioni\/"},"modified":"2026-04-14T16:34:09","modified_gmt":"2026-04-14T14:34:09","slug":"termini-e-condizioni","status":"publish","type":"page","link":"https:\/\/www.wannme.com\/it\/termini-e-condizioni\/","title":{"rendered":"Termini e condizioni"},"content":{"rendered":"\t\t<div data-elementor-type=\"wp-page\" data-elementor-id=\"18742\" class=\"elementor elementor-18742 elementor-2947\" data-elementor-post-type=\"page\">\n\t\t\t\t\t\t<section class=\"elementor-section elementor-top-section elementor-element elementor-element-93e6a62 elementor-section-height-min-height elementor-section-boxed elementor-section-height-default elementor-section-items-middle\" data-id=\"93e6a62\" data-element_type=\"section\" data-e-type=\"section\" data-settings=\"{&quot;background_background&quot;:&quot;classic&quot;}\">\n\t\t\t\t\t\t\t<div class=\"elementor-background-overlay\"><\/div>\n\t\t\t\t\t\t\t<div class=\"elementor-container elementor-column-gap-default\">\n\t\t\t\t\t<div class=\"elementor-column elementor-col-100 elementor-top-column elementor-element elementor-element-cbc70cb\" data-id=\"cbc70cb\" data-element_type=\"column\" data-e-type=\"column\">\n\t\t\t<div class=\"elementor-widget-wrap elementor-element-populated\">\n\t\t\t\t\t\t<div class=\"elementor-element elementor-element-3abeb03 elementor-hidden-mobile elementor-widget elementor-widget-spacer\" data-id=\"3abeb03\" data-element_type=\"widget\" data-e-type=\"widget\" data-widget_type=\"spacer.default\">\n\t\t\t\t<div class=\"elementor-widget-container\">\n\t\t\t\t\t\t\t<div class=\"elementor-spacer\">\n\t\t\t<div class=\"elementor-spacer-inner\"><\/div>\n\t\t<\/div>\n\t\t\t\t\t\t<\/div>\n\t\t\t\t<\/div>\n\t\t\t\t<div class=\"elementor-element elementor-element-89daa02 elementor-widget__width-initial elementor-invisible elementor-widget elementor-widget-heading\" data-id=\"89daa02\" data-element_type=\"widget\" data-e-type=\"widget\" data-settings=\"{&quot;_animation&quot;:&quot;fadeIn&quot;,&quot;_animation_delay&quot;:100}\" data-widget_type=\"heading.default\">\n\t\t\t\t<div class=\"elementor-widget-container\">\n\t\t\t\t\t<h1 class=\"elementor-heading-title elementor-size-default\">Termini e condizioni<\/h1>\t\t\t\t<\/div>\n\t\t\t\t<\/div>\n\t\t\t\t<div class=\"elementor-element elementor-element-2a8f16a elementor-hidden-mobile elementor-widget elementor-widget-spacer\" data-id=\"2a8f16a\" data-element_type=\"widget\" data-e-type=\"widget\" data-widget_type=\"spacer.default\">\n\t\t\t\t<div class=\"elementor-widget-container\">\n\t\t\t\t\t\t\t<div class=\"elementor-spacer\">\n\t\t\t<div class=\"elementor-spacer-inner\"><\/div>\n\t\t<\/div>\n\t\t\t\t\t\t<\/div>\n\t\t\t\t<\/div>\n\t\t\t\t\t<\/div>\n\t\t<\/div>\n\t\t\t\t\t<\/div>\n\t\t<\/section>\n\t\t\t\t<section class=\"elementor-section elementor-top-section elementor-element elementor-element-ecfa858 elementor-section-boxed elementor-section-height-default elementor-section-height-default\" data-id=\"ecfa858\" data-element_type=\"section\" data-e-type=\"section\">\n\t\t\t\t\t\t<div class=\"elementor-container elementor-column-gap-default\">\n\t\t\t\t\t<div class=\"elementor-column elementor-col-100 elementor-top-column elementor-element elementor-element-b1d8656\" data-id=\"b1d8656\" data-element_type=\"column\" data-e-type=\"column\">\n\t\t\t<div class=\"elementor-widget-wrap elementor-element-populated\">\n\t\t\t\t\t\t<div class=\"elementor-element elementor-element-fe3ed52 elementor-widget elementor-widget-text-editor\" data-id=\"fe3ed52\" data-element_type=\"widget\" data-e-type=\"widget\" data-widget_type=\"text-editor.default\">\n\t\t\t\t<div class=\"elementor-widget-container\">\n\t\t\t\t\t\t\t\t\t<div class=\"et_pb_section et_pb_section_2 et_section_regular\"><div class=\"et_pb_row et_pb_row_1\"><div class=\"et_pb_column et_pb_column_4_4 et_pb_column_3 et_pb_css_mix_blend_mode_passthrough et-last-child\"><div class=\"et_pb_module et_pb_text et_pb_text_2 et_pb_text_align_justified et_pb_bg_layout_light\"><div class=\"et_pb_text_inner\"><h2>1. CONDIZIONI LEGALI E LORO ACCETTAZIONE<\/h2><p>I presenti termini e condizioni legali (in prosieguo, i \u201cTermini e condizioni\u201d) regolano l\u2019accesso e l\u2019uso da parte degli utenti di Internet (in prosieguo, l\u2019\u201cUtente\u201d) del sito web <a class=\"enlace-legales\" href=\"https:\/\/www.wannme.com\/it\/\" target=\"_blank\" rel=\"noopener noreferrer\">\u00a0www.wannme.com<\/a> (in prosieguo, il \u201cSito web\u201d), nonch\u00e9 l\u2019uso e la prestazione dei servizi (in prosieguo, i \u201cServizi\u201d) che WANNME MARKETPLACE, S.L. (in prosieguo, la \u201cSociet\u00e0\u201d o \u201cWannme\u201d) fornisce attraverso il Sito web.<\/p><p>Invitiamo l\u2019Utente a leggere attentamente i presenti Termini e condizioni, poich\u00e9 il fatto di accedere e\/o utilizzare il Sito web e i Servizi e\/o di completare il processo di registrazione comporta la lettura, comprensione e accettazione, senza riserve, delle presenti condizioni.<\/p><p>L\u2019uso di questo Sito web \u00e8 riservato ai maggiorenni. L\u2019Utente si impegna pertanto a non utilizzare i Servizi nel caso in cui non abbia raggiunto tale et\u00e0 minima, a meno che non abbia ottenuto l\u2019autorizzazione dei propri rappresentanti legali.<\/p><p>L\u2019accesso e l\u2019utilizzo dei Servizi e\/o dei contenuti offerti all\u2019Utente sul Sito web sono soggetti ai presenti Termini e condizioni che l\u2019Utente, prima di accedere o utilizzare detti Servizi e contenuti, deve leggere attentamente.<\/p><p>L\u2019utilizzo di tali Servizi e contenuti esprimer\u00e0 in ogni caso la piena e incondizionata accettazione dei Termini e condizioni nella versione pubblicata dalla Societ\u00e0 al momento dell\u2019accesso ai Servizi.<\/p><h2>\u00a0<\/h2><h2>2. OBIETTIVO<\/h2><p>Wannme \u00e8 una piattaforma indipendente di interlocuzione tra utenti e fornitori, che opera come marketplace, per coordinare l\u2019offerta e la domanda di prodotti e\/o servizi.<\/p><p>I fornitori (in prosieguo, \u201cFornitori\u201d) possono registrarsi per presentare le loro offerte di prodotti e\/o servizi attraverso la finestra \u201cAccedi\u201d, mentre i clienti (in prosieguo, \u201cUtenti\u201d) si possono registrare nella finestra \u201cRegistrati\u201d per esprimere le proprie esigenze e richieste in merito.<\/p><p>Fornitori e Utenti saranno responsabili del contenuto dei dati e delle informazioni forniti.<\/p><p>Wannme funge da semplice piattaforma di contatto per l\u2019acquisto di prodotti o servizi, ma non svolge mai alcuna funzione di consulenza o raccomandazione.<\/p><p>Wannme non opera come intermediario finanziario di credito n\u00e9 possiede le condizioni necessarie per essere considerata tale. Wanmme non classifica i propri clienti in base alle loro esigenze o al loro profilo di investitore, ma si limita a trasferire ai Fornitori le caratteristiche dei prodotti e servizi richiesti dagli Utenti, nonch\u00e9 le informazioni e la documentazione fornite da questi ultimi al fine di sottoscrivere un determinato prodotto o servizio.<\/p><p>Wannme non addebita commissioni agli Utenti, ma solamente al Fornitore scelto in libert\u00e0 dall\u2019Utente.<\/p><p>Principalmente, la Societ\u00e0 presta i seguenti servizi:<\/p><ul><li>Informare l\u2019Utente, attraverso il Sito web, delle caratteristiche dei prodotti offerti dai Fornitori in modo tale che possa prendere una decisione in merito alla possibilit\u00e0 di acquistarli.<\/li><\/ul><ul><li>Inviare ai Fornitori le informazioni e la documentazione fornite dall\u2019Utente attraverso il Sito web per consentirne la corrispondente valutazione e analisi.<\/li><\/ul><ul><li>Parallelamente, Wannme informa i Fornitori circa il numero di offerte che l\u2019Utente ha richiesto a diversi Fornitori in merito a un dato servizio o prodotto, senza mai notificare tuttavia l\u2019identit\u00e0 dei Fornitori scelti dall\u2019Utente.<\/li><\/ul><ul><li>Nel caso in cui l\u2019Utente richieda a un Fornitore di acquistare un determinato prodotto o servizio e quest\u2019 ultimo accetti, le procedure per la sottoscrizione del contratto tra l\u2019Utente e detto Fornitore potranno avvenire (i) direttamente tra Utente e Fornitore oppure (ii) Wannme potr\u00e0 gestirle attraverso il Sito web o, ancora, reindirizzare l\u2019Utente al sito web del Fornitore.<\/li><\/ul><p>Per poter accedere e utilizzare il servizio offerto dalla Societ\u00e0, l\u2019Utente deve disporre sia di una connessione a Internet che dei mezzi necessari a tal fine (un computer, un cellulare&#8230;).<\/p><p>A tal proposito, si consiglia di utilizzare una connessione sicura, evitando reti aperte o Wi-Fi pubblici.<\/p><p>Inoltre, i dispositivi devono essere compatibili con le applicazioni e le connessioni della Societ\u00e0 che, a sua volta, pubblicher\u00e0 sul proprio sito tutte le informazioni necessarie.<\/p><p>La Societ\u00e0 non partecipa n\u00e9 riveste alcuna responsabilit\u00e0 nei rapporti giuridici che possono eventualmente stabilirsi tra Utente e Fornitori, le cui offerte possono essere riportato sul Sito web.<\/p><p>La Societ\u00e0 non interviene giuridicamente neppure a livello di contenuti (ovvero, a titolo esemplificativo e non esaustivo, non prepara n\u00e9 determina le condizioni, non accetta le proposte, non ne convalida i contenuti n\u00e9 ne attesta la correttezza o la legalit\u00e0).<\/p><p>Per questo motivo, la Societ\u00e0 consiglia a tutti i suoi Utenti che prima di acquistare qualsiasi prodotto o servizio offerto dai Fornitori, leggano attentamente e verifichino le condizioni complete, nonch\u00e9 cerchino, se necessario, consulenza legale ai fini di una corretta formalizzazione.<\/p><p>Wannme si impegna a mettere a disposizione del Fornitore le informazioni e la documentazione fornite dall\u2019Utente in relazione a un determinato prodotto o servizio di interesse di quest\u2019ultimo, nonch\u00e9 a mantenere la massima riservatezza in relazione a tali informazioni e documentazione.<\/p><p>Nel caso in cui l\u2019Utente sottoscriva un contratto con un Fornitore, Wannme conserver\u00e0 utte le informazioni e la documentazione fornite dall\u2019Utente (compresi i suoi dati personali) per l\u2019acquisto di tale prodotto o servizio fino a quando l\u2019Utente risulter\u00e0 registrato sul Sito web.<\/p><p>Nel caso in cui, una volta che l\u2019Utente ha fornito le informazioni e la documentazione, (i) non si giungesse alla sottoscrizione di un contratto con i Fornitori o (ii) al momento della sottoscrizione del contratto, l\u2019Utente esercitasse il diritto di cancellazione dei propri dati personali, Wannme bloccher\u00e0 tali dati personali per il periodo di prescrizione legale applicabile, trascorso il quale distrugger\u00e0 tutti i dati personali dell\u2019Utente.<\/p><h2>\u00a0<\/h2><h2>3. NORME DI UTILIZZO DEL SITO WEB E DEI SERVIZI<\/h2><p>L\u2019accesso alla landing page del Sito web \u00e8 gratuito per l\u2019Utente e il Fornitore e non richiede la previa sottoscrizione o registrazione.<\/p><p>Tuttavia, l\u2019utilizzo dei Servizi forniti attraverso il Sito web richiede la sottoscrizione, registrazione o stipula di un contratto da parte dell\u2019Utente e del Fornitore.<\/p><p>La prestazione di tali Servizi sar\u00e0 soggetta alla previa accettazione dei presenti Termini e condizioni.<\/p><p>Attraverso il Sito Web, la Societ\u00e0 fornisce all\u2019Utente l\u2019accesso e l\u2019utilizzo di vari Servizi, contenuti e informazioni generali messi a disposizione direttamente dai Fornitori tramite il Sito web o da questi trasmessi a Wannme, che si incarica poi di pubblicarli sul Sito web. Spetta, pertanto, all\u2019Utente utilizzare tali informazioni correttamente e per gli interessi che l\u2019Utente ritiene appropriati, nel pieno rispetto di quanto stabilito nelle condizioni applicabili.<\/p><p>In nessun caso, Wannme sar\u00e0 responsabile della veridicit\u00e0 e dell\u2019accuratezza delle informazioni e dei contenuti trasmessi dai Fornitori, indipendentemente dalla modalit\u00e0 di pubblicazione sul Sito Web.<\/p><p>L\u2019Utente e il Fornitore si impegnano a utilizzare il Sito web sempre in conformit\u00e0 con i presenti Termini e condizioni e con la legislazione vigente.<\/p><p>Per modificare i propri dati o il profilo di accesso, l\u2019Utente o il Fornitore deve utilizzare i tool di aggiornamento contenuti nel Sito web.<\/p><p>In particolare, a titolo esemplificativo ma non esaustivo, l\u2019Utente o il Fornitore, relativamente al Sito web, NON compieranno le seguenti azioni:<\/p><ul><li>Registrarsi o comunicare dati non veritieri, esatti, completi e\/o aggiornati.<\/li><\/ul><ul><li>Accedere al Sito web con il nome o la password di un altro Utente o Fornitore o impersonare qualsiasi persona o identit\u00e0.<\/li><\/ul><ul><li>Utilizzare il Sito web per usi diversi da quello personale e privato o per finalit\u00e0 diverse dal mero accesso privato e personale alle informazioni fornite dalla Societ\u00e0.<\/li><\/ul><ul><li>Limitare o impedire a qualsiasi altro Utente o Fornitore l\u2019uso e il godimento del Sito web.<\/li><\/ul><ul><li>Inviare o diffondere informazioni, codici o contenuti che possano ridurre, danneggiare, disturbare o impedire il normale utilizzo del Sito web da parte di qualsiasi Utente o Fornitore, e\/o che possano danneggiare o rovinare le apparecchiature o la propriet\u00e0 della Societ\u00e0, di fornitori terzi o di altri Utenti o Fornitori, inclusi, senza limitazione, applicazioni dannose, virus, bombe logiche, invio massivo di messaggi, ecc. La Societ\u00e0 si riserva il diritto di eliminare le informazioni inviate da un Utente o Fornitore, al fine di mantenere un\u2019ottima qualit\u00e0 di utilizzo del Sito web.<\/li><\/ul><ul><li>Introdurre o inserire, direttamente o indirettamente, pubblicit\u00e0 di qualsiasi tipo, propria o di terzi, sul Sito web o nella fornitura dei Servizi della Societ\u00e0 o inviare in qualsiasi modo comunicazioni commerciali di qualsiasi tipo ad altri Utenti o Fornitori, alla Societ\u00e0 o a terzi.<\/li><\/ul><ul><li>Memorizzare, scaricare o copiare i dati personali a cui l\u2019Utente o il Fornitore potrebbero accedere tramite il Sito Web, ad eccezione dei casi in cui la Societ\u00e0 lo consenta espressamente per fornire i Servizi.<\/li><\/ul><ul><li>Introdurre contenuti o dati che potrebbero essere offensivi per altri Utenti o Fornitori della Societ\u00e0, o per qualsiasi terza parte, o che violino le presenti condizioni, le condizioni specifiche di ciascun servizio o qualsiasi normativa eventualmente applicabile (ad esempio, in materia di protezione dei dati, propriet\u00e0 intellettuale).<\/li><\/ul><ul><li>Qualsiasi commento dovr\u00e0 rispettare le regole fondamentali di educazione e cortesia. \u00c8 necessario evitare l\u2019uso di un linguaggio aggressivo, offensivo, minaccioso o diffamatorio, cos\u00ec come ogni espressione che possa violare i diritti di altre persone.<\/li><\/ul><p>In ogni caso, l\u2019Utente o il Fornitore sar\u00e0 l\u2019unico responsabile per qualsiasi danno, diretto o indiretto, eventualmente subito da un terzo a causa della violazione delle condizioni qui riportate, nonch\u00e9 per i danni causati alla Societ\u00e0 da un uso improprio dei Servizi e dalla fornitura di dati non veritieri, accurati, completi e aggiornati.<\/p><p>Nel caso in cui la Societ\u00e0 venga a conoscenza con qualsiasi mezzo di un uso fraudolento o contrario alle condizioni legali del Sito web o dei Servizi da parte dell\u2019Utente o del Fornitore, si riserva il diritto di espellere l\u2019Utente e di vietargli l\u2019accesso e l\u2019uso del Sito web e dei Servizi, fermo restando il suo diritto a intraprendere le azioni legali previste dalla legge (risarcimento danni, ecc.).<\/p><p>L\u2019Utente o il Fornitore avr\u00e0 la possibilit\u00e0 di registrarsi sul sito della Societ\u00e0, indicando il proprio indirizzo e-mail.<\/p><p>Per completare la registrazione dovr\u00e0 creare una password, che si impegna a conservare in modo sicuro e riservato.<\/p><p>L\u2019e-mail corrisponder\u00e0 al nome dell\u2019Utente.<\/p><p>Nel caso in cui sia stato creato un nickname, quest\u2019 ultimo sar\u00e0 l\u2019identificazione pubblica e visibile a terzi, mentre l\u2019indirizzo e-mail si utilizzer\u00e0 esclusivamente per le comunicazioni con la Societ\u00e0.<\/p><p>L\u2019Utente \u00e8 tenuto a conservare e custodire in un luogo sicuro tali dati, di cui sar\u00e0 l\u2019unico responsabile.<\/p><p>Nell\u2019area Utente acceder\u00e0 con tale nome e password per poter gestire:<\/p><ul><li>Le notifiche che riceve dalla Societ\u00e0, oltre alle comunicazioni che pu\u00f2 ricevere via e-mail.<\/li><\/ul><ul><li>Gli avvisi, inviati dalla Societ\u00e0 contenenti novit\u00e0 circa prodotti finanziari e selezionati dall\u2019Utente, oltre alle comunicazioni che quest\u2019ultimo pu\u00f2 ricevere via e-mail.<\/li><\/ul><ul><li>L\u2019area privata di documentazione, dove l\u2019Utente pu\u00f2 caricare i documenti necessari per gestire un processo di finanziamento e rivederne lo stato.<\/li><\/ul><p>Messaggi, valutazioni, notizie e informazioni pubblicate dall\u2019Utente o dal Fornitore saranno responsabilit\u00e0 dei medesimi, mentre la Societ\u00e0 sar\u00e0 esente da qualsiasi danno che possa derivarne.<\/p><p>L\u2019Utente o il Fornitore dovr\u00e0 astenersi dal creare pi\u00f9 profili con indirizzi e-mail diversi.<\/p><p>Qualora fosse necessario modificare l\u2019indirizzo attuale, dovr\u00e0 contattare la Societ\u00e0 ai recapiti indicati nei presenti Termini e condizioni.<\/p><h2>\u00a0<\/h2><h2>4.<\/h2><h2>DATI PERSONALI<\/h2><p>Ai fini delle disposizioni del Regolamento generale sulla protezione dei dati 2016\/679, del 27 aprile 2016 (in prosieguo, GDPR) e di qualsiasi altra legislazione applicabile in materia di privacy in vigore in qualsiasi momento, la Societ\u00e0 informa gli utenti e qualsiasi terza parte che le fornisca i propri dati personali di disporre di una specifica\u00a0<a href=\"https:\/\/www.wannme.com\/politica-de-privacidad\/\" target=\"_blank\" rel=\"noopener noreferrer\">Informativa sulla privacy, consultabile facile clic qui<\/a><\/p><p>.<\/p><p>La Societ\u00e0 utilizza cookie.<\/p><p>Per ottenere ulteriori informazioni sull\u2019informativa sui cookie, fare clic sul seguente link:\u00a0<\/p><p><a href=\"https:\/\/www.wannme.com\/it\/cookie\/\" target=\"_blank\" rel=\"noopener noreferrer\">Informativa sui cookie<\/a>.<\/p><h2>\u00a0<\/h2><h2>5. DURATA E RISOLUZIONE<\/h2><p>L\u2019accesso e la messa a disposizione del Sito web hanno una durata indeterminata, fermo restando che i Servizi di interlocuzione tra Utente e Fornitore hanno una durata limitata all\u2019effettiva sottoscrizione del contratto tra Utente e Fornitore, se del caso.<\/p><p>Tuttavia, la Societ\u00e0 ha il diritto di risolvere, sospendere o interrompere unilateralmente, in qualsiasi momento e senza preavviso, l\u2019accesso e la messa a disposizione del Sito web e\/o la fornitura dei Servizi.<\/p><p>La durata e la risoluzione dei contratti che l\u2019Utente stipula con i Fornitori saranno regolate in base a quanto stabilito da entrambe le parti.<\/p><h2>\u00a0<\/h2><h2>6.\u00a0<span style=\"color: inherit; font-family: inherit; font-style: inherit; font-weight: inherit;\">ASPETTI GENERALI<\/span><\/h2><p>La Societ\u00e0 si riserva il diritto di modificare unilateralmente, in qualsiasi momento e senza preavviso, la presentazione e la configurazione del Sito web, nonch\u00e9 di aggiornare, modificare o eliminare le informazioni ivi contenute, i Servizi e le condizioni richieste per accedere o utilizzare il Sito web e i rispettivi Servizi.<\/p><p>L\u2019uso o l\u2019accesso al Sito web o ai Servizi implicher\u00e0 l\u2019accettazione delle nuove condizioni dal momento in cui si verificano.<\/p><p>La Societ\u00e0 si riserva il diritto di rivedere, in qualsiasi momento e senza preavviso, di propria iniziativa o su richiesta di terzi, i contenuti trasmessi, diffusi o resi disponibili a terzi dagli utenti e di impedirne la trasmissione, la diffusione o la messa a disposizione di terzi nel caso in cui, a suo parere, siano contrari alle disposizioni dei presenti Termini e condizioni applicabili.<\/p><p>Se una clausola dei presenti Termini e condizioni viene dichiarata, in tutto o in parte, nulla o inefficace, tale nullit\u00e0 o inefficacia riguarder\u00e0 solo tale disposizione o la parte di essa che \u00e8 nulla o inefficace, mentre le restanti condizioni legali rimarranno in vigore.<\/p><h2>\u00a0<\/h2><h2>7. LEGGE APPLICABILE E FORO COMPETENTE<\/h2><p>I presenti Termini e Condizioni sono regolati dalla legge spagnola.<\/p><p>Per la risoluzione dei conflitti, le parti si sottomettono, a loro scelta, alle autorit\u00e0 giudiziarie del domicilio dell\u2019Utente, rinunciando a qualsiasi altro foro.<\/p><\/div><\/div><\/div><\/div><\/div>\t\t\t\t\t\t\t\t<\/div>\n\t\t\t\t<\/div>\n\t\t\t\t\t<\/div>\n\t\t<\/div>\n\t\t\t\t\t<\/div>\n\t\t<\/section>\n\t\t\t\t<\/div>\n\t\t","protected":false},"excerpt":{"rendered":"<p>Termini e condizioni 1. CONDIZIONI LEGALI E LORO ACCETTAZIONE I presenti termini e condizioni legali (in prosieguo, i \u201cTermini e condizioni\u201d) regolano l\u2019accesso e l\u2019uso da parte degli utenti di Internet (in prosieguo, l\u2019\u201cUtente\u201d) del sito web \u00a0www.wannme.com (in prosieguo, &hellip; <a href=\"https:\/\/www.wannme.com\/it\/termini-e-condizioni\/\">Read More<\/a><\/p>\n","protected":false},"author":1,"featured_media":0,"parent":0,"menu_order":0,"comment_status":"closed","ping_status":"closed","template":"","meta":{"footnotes":""},"class_list":["post-18742","page","type-page","status-publish","hentry"],"yoast_head":"<!-- This site is optimized with the Yoast SEO plugin v27.5 - https:\/\/yoast.com\/product\/yoast-seo-wordpress\/ -->\n<title>Termini e condizioni - WANNME<\/title>\n<meta name=\"robots\" content=\"index, follow, max-snippet:-1, max-image-preview:large, max-video-preview:-1\" \/>\n<link rel=\"canonical\" href=\"https:\/\/www.wannme.com\/it\/termini-e-condizioni\/\" \/>\n<meta property=\"og:locale\" content=\"it_IT\" \/>\n<meta property=\"og:type\" content=\"article\" \/>\n<meta property=\"og:title\" content=\"Termini e condizioni - WANNME\" \/>\n<meta property=\"og:description\" content=\"Termini e condizioni 1. CONDIZIONI LEGALI E LORO ACCETTAZIONE I presenti termini e condizioni legali (in prosieguo, i \u201cTermini e condizioni\u201d) regolano l\u2019accesso e l\u2019uso da parte degli utenti di Internet (in prosieguo, l\u2019\u201cUtente\u201d) del sito web \u00a0www.wannme.com (in prosieguo, &hellip; Read More\" \/>\n<meta property=\"og:url\" content=\"https:\/\/www.wannme.com\/it\/termini-e-condizioni\/\" \/>\n<meta property=\"og:site_name\" content=\"WANNME\" \/>\n<meta property=\"article:modified_time\" content=\"2026-04-14T14:34:09+00:00\" \/>\n<meta property=\"og:image\" content=\"https:\/\/www.wannme.com\/wp-content\/uploads\/2024\/03\/Icono_Color.png\" \/>\n\t<meta property=\"og:image:width\" content=\"2340\" \/>\n\t<meta property=\"og:image:height\" content=\"810\" \/>\n\t<meta property=\"og:image:type\" content=\"image\/png\" \/>\n<meta name=\"twitter:card\" content=\"summary_large_image\" \/>\n<meta name=\"twitter:label1\" content=\"Tempo di lettura stimato\" \/>\n\t<meta name=\"twitter:data1\" content=\"11 minuti\" \/>\n<!-- \/ Yoast SEO plugin. -->","yoast_head_json":{"title":"Termini e condizioni - WANNME","robots":{"index":"index","follow":"follow","max-snippet":"max-snippet:-1","max-image-preview":"max-image-preview:large","max-video-preview":"max-video-preview:-1"},"canonical":"https:\/\/www.wannme.com\/it\/termini-e-condizioni\/","og_locale":"it_IT","og_type":"article","og_title":"Termini e condizioni - WANNME","og_description":"Termini e condizioni 1. CONDIZIONI LEGALI E LORO ACCETTAZIONE I presenti termini e condizioni legali (in prosieguo, i \u201cTermini e condizioni\u201d) regolano l\u2019accesso e l\u2019uso da parte degli utenti di Internet (in prosieguo, l\u2019\u201cUtente\u201d) del sito web \u00a0www.wannme.com (in prosieguo, &hellip; Read More","og_url":"https:\/\/www.wannme.com\/it\/termini-e-condizioni\/","og_site_name":"WANNME","article_modified_time":"2026-04-14T14:34:09+00:00","og_image":[{"width":2340,"height":810,"url":"https:\/\/www.wannme.com\/wp-content\/uploads\/2024\/03\/Icono_Color.png","type":"image\/png"}],"twitter_card":"summary_large_image","twitter_misc":{"Tempo di lettura stimato":"11 minuti"},"schema":{"@context":"https:\/\/schema.org","@graph":[{"@type":"WebPage","@id":"https:\/\/www.wannme.com\/it\/termini-e-condizioni\/","url":"https:\/\/www.wannme.com\/it\/termini-e-condizioni\/","name":"Termini e condizioni - WANNME","isPartOf":{"@id":"https:\/\/www.wannme.com\/it\/#website"},"datePublished":"2024-12-30T11:22:54+00:00","dateModified":"2026-04-14T14:34:09+00:00","breadcrumb":{"@id":"https:\/\/www.wannme.com\/it\/termini-e-condizioni\/#breadcrumb"},"inLanguage":"it-IT","potentialAction":[{"@type":"ReadAction","target":["https:\/\/www.wannme.com\/it\/termini-e-condizioni\/"]}]},{"@type":"BreadcrumbList","@id":"https:\/\/www.wannme.com\/it\/termini-e-condizioni\/#breadcrumb","itemListElement":[{"@type":"ListItem","position":1,"name":"Portada","item":"https:\/\/www.wannme.com\/it\/"},{"@type":"ListItem","position":2,"name":"Termini e condizioni"}]},{"@type":"WebSite","@id":"https:\/\/www.wannme.com\/it\/#website","url":"https:\/\/www.wannme.com\/it\/","name":"WANNME","description":"Vende m\u00e1s y cobra hoy","publisher":{"@id":"https:\/\/www.wannme.com\/it\/#organization"},"potentialAction":[{"@type":"SearchAction","target":{"@type":"EntryPoint","urlTemplate":"https:\/\/www.wannme.com\/it\/?s={search_term_string}"},"query-input":{"@type":"PropertyValueSpecification","valueRequired":true,"valueName":"search_term_string"}}],"inLanguage":"it-IT"},{"@type":"Organization","@id":"https:\/\/www.wannme.com\/it\/#organization","name":"Wannme","url":"https:\/\/www.wannme.com\/it\/","logo":{"@type":"ImageObject","inLanguage":"it-IT","@id":"https:\/\/www.wannme.com\/it\/#\/schema\/logo\/image\/","url":"https:\/\/www.wannme.com\/wp-content\/uploads\/2024\/05\/logo-white-wannme.png","contentUrl":"https:\/\/www.wannme.com\/wp-content\/uploads\/2024\/05\/logo-white-wannme.png","width":749,"height":103,"caption":"Wannme"},"image":{"@id":"https:\/\/www.wannme.com\/it\/#\/schema\/logo\/image\/"}}]}},"_links":{"self":[{"href":"https:\/\/www.wannme.com\/it\/wp-json\/wp\/v2\/pages\/18742","targetHints":{"allow":["GET"]}}],"collection":[{"href":"https:\/\/www.wannme.com\/it\/wp-json\/wp\/v2\/pages"}],"about":[{"href":"https:\/\/www.wannme.com\/it\/wp-json\/wp\/v2\/types\/page"}],"author":[{"embeddable":true,"href":"https:\/\/www.wannme.com\/it\/wp-json\/wp\/v2\/users\/1"}],"replies":[{"embeddable":true,"href":"https:\/\/www.wannme.com\/it\/wp-json\/wp\/v2\/comments?post=18742"}],"version-history":[{"count":10,"href":"https:\/\/www.wannme.com\/it\/wp-json\/wp\/v2\/pages\/18742\/revisions"}],"predecessor-version":[{"id":29677,"href":"https:\/\/www.wannme.com\/it\/wp-json\/wp\/v2\/pages\/18742\/revisions\/29677"}],"wp:attachment":[{"href":"https:\/\/www.wannme.com\/it\/wp-json\/wp\/v2\/media?parent=18742"}],"curies":[{"name":"wp","href":"https:\/\/api.w.org\/{rel}","templated":true}]}}