{"id":18744,"date":"2024-12-30T12:23:01","date_gmt":"2024-12-30T11:23:01","guid":{"rendered":"https:\/\/www.wannme.com\/informativa-sulla-privacy\/"},"modified":"2026-04-14T16:35:02","modified_gmt":"2026-04-14T14:35:02","slug":"informativa-sulla-privacy","status":"publish","type":"page","link":"https:\/\/www.wannme.com\/it\/informativa-sulla-privacy\/","title":{"rendered":"Informativa sulla privacy"},"content":{"rendered":"\t\t<div data-elementor-type=\"wp-page\" data-elementor-id=\"18744\" class=\"elementor elementor-18744 elementor-2957\" data-elementor-post-type=\"page\">\n\t\t\t\t\t\t<section class=\"elementor-section elementor-top-section elementor-element elementor-element-93e6a62 elementor-section-height-min-height elementor-section-boxed elementor-section-height-default elementor-section-items-middle\" data-id=\"93e6a62\" data-element_type=\"section\" data-e-type=\"section\" data-settings=\"{&quot;background_background&quot;:&quot;classic&quot;}\">\n\t\t\t\t\t\t\t<div class=\"elementor-background-overlay\"><\/div>\n\t\t\t\t\t\t\t<div class=\"elementor-container elementor-column-gap-default\">\n\t\t\t\t\t<div class=\"elementor-column elementor-col-100 elementor-top-column elementor-element elementor-element-cbc70cb\" data-id=\"cbc70cb\" data-element_type=\"column\" data-e-type=\"column\">\n\t\t\t<div class=\"elementor-widget-wrap elementor-element-populated\">\n\t\t\t\t\t\t<div class=\"elementor-element elementor-element-3abeb03 elementor-hidden-mobile elementor-widget elementor-widget-spacer\" data-id=\"3abeb03\" data-element_type=\"widget\" data-e-type=\"widget\" data-widget_type=\"spacer.default\">\n\t\t\t\t<div class=\"elementor-widget-container\">\n\t\t\t\t\t\t\t<div class=\"elementor-spacer\">\n\t\t\t<div class=\"elementor-spacer-inner\"><\/div>\n\t\t<\/div>\n\t\t\t\t\t\t<\/div>\n\t\t\t\t<\/div>\n\t\t\t\t<div class=\"elementor-element elementor-element-89daa02 elementor-widget__width-initial elementor-invisible elementor-widget elementor-widget-heading\" data-id=\"89daa02\" data-element_type=\"widget\" data-e-type=\"widget\" data-settings=\"{&quot;_animation&quot;:&quot;fadeIn&quot;,&quot;_animation_delay&quot;:100}\" data-widget_type=\"heading.default\">\n\t\t\t\t<div class=\"elementor-widget-container\">\n\t\t\t\t\t<h1 class=\"elementor-heading-title elementor-size-default\">Informativa sulla privacy<\/h1>\t\t\t\t<\/div>\n\t\t\t\t<\/div>\n\t\t\t\t<div class=\"elementor-element elementor-element-2a8f16a elementor-hidden-mobile elementor-widget elementor-widget-spacer\" data-id=\"2a8f16a\" data-element_type=\"widget\" data-e-type=\"widget\" data-widget_type=\"spacer.default\">\n\t\t\t\t<div class=\"elementor-widget-container\">\n\t\t\t\t\t\t\t<div class=\"elementor-spacer\">\n\t\t\t<div class=\"elementor-spacer-inner\"><\/div>\n\t\t<\/div>\n\t\t\t\t\t\t<\/div>\n\t\t\t\t<\/div>\n\t\t\t\t<div class=\"elementor-element elementor-element-af1250e elementor-widget elementor-widget-spacer\" data-id=\"af1250e\" data-element_type=\"widget\" data-e-type=\"widget\" data-widget_type=\"spacer.default\">\n\t\t\t\t<div class=\"elementor-widget-container\">\n\t\t\t\t\t\t\t<div class=\"elementor-spacer\">\n\t\t\t<div class=\"elementor-spacer-inner\"><\/div>\n\t\t<\/div>\n\t\t\t\t\t\t<\/div>\n\t\t\t\t<\/div>\n\t\t\t\t\t<\/div>\n\t\t<\/div>\n\t\t\t\t\t<\/div>\n\t\t<\/section>\n\t\t\t\t<section class=\"elementor-section elementor-top-section elementor-element elementor-element-ecfa858 elementor-section-boxed elementor-section-height-default elementor-section-height-default\" data-id=\"ecfa858\" data-element_type=\"section\" data-e-type=\"section\">\n\t\t\t\t\t\t<div class=\"elementor-container elementor-column-gap-default\">\n\t\t\t\t\t<div class=\"elementor-column elementor-col-100 elementor-top-column elementor-element elementor-element-b1d8656\" data-id=\"b1d8656\" data-element_type=\"column\" data-e-type=\"column\">\n\t\t\t<div class=\"elementor-widget-wrap elementor-element-populated\">\n\t\t\t\t\t\t<div class=\"elementor-element elementor-element-fe3ed52 elementor-widget elementor-widget-text-editor\" data-id=\"fe3ed52\" data-element_type=\"widget\" data-e-type=\"widget\" data-widget_type=\"text-editor.default\">\n\t\t\t\t<div class=\"elementor-widget-container\">\n\t\t\t\t\t\t\t\t\t<div class=\"et_pb_section et_pb_section_2 et_section_regular\">\n<div class=\"et_pb_row et_pb_row_1\">\n<div class=\"et_pb_column et_pb_column_4_4 et_pb_column_3 et_pb_css_mix_blend_mode_passthrough et-last-child\">\n<div class=\"et_pb_module et_pb_text et_pb_text_2 et_pb_text_align_justified et_pb_bg_layout_light\">\n<div class=\"et_pb_text_inner\">\n<div>Se sei un utente del sito web di WANNME MARKETPLACE, S.L. (in prosieguo, \u201cWANNME\u201d), queste informazioni sono di tuo interesse:<\/div>\n<div>\u00a0<\/div>\n<div>\n<h2>1. <\/h2>\n<\/div>\n<div>\n<h2>Chi \u00e8 il titolare del trattamento dei tuoi dati?<\/h2>\n<\/div>\n<div>\n<ul>\n<li>Identit\u00e0: <\/li>\n<\/ul>\n<\/div>\n<div>\n<ul>\n<li>WANNME MARKETPLACE, S.L. con C.F. spagnolo (CIF) n. B87935540<\/li>\n<\/ul>\n<\/div>\n<div>\n<ul>\n<li>Indirizzo postale: <\/li>\n<\/ul>\n<\/div>\n<div>\n<ul>\n<li>Avenida Manoteras n. 38, 28050 Madrid (Spagna)<\/li>\n<\/ul>\n<\/div>\n<div>\n<ul>\n<li>Telefono: <\/li>\n<\/ul>\n<\/div>\n<div>\n<ul>\n<li>910390250<\/li>\n<\/ul>\n<\/div>\n<div>\n<ul>\n<li>E-mail: privacy@wannme.com<\/li>\n<\/ul>\n<\/div>\n<div>\n<h2>2. <\/h2>\n<\/div>\n<div>\n<h2>Quando raccogliamo i tuoi dati personali?<\/h2>\n<\/div>\n<div>\n<p><strong>Tramite moduli di contatto<\/strong>: il sito web dispone di moduli che consentono agli utenti di contattare WANNME per consultare determinate questioni, ottenere informazioni o richiedere di essere contattati direttamente dai nostri consulenti. <\/p>\n<\/div>\n<div>\n<p>Tali moduli richiedono informazioni personali per l\u2019invio e, se necessario, verranno richieste ulteriori informazioni necessarie per risolvere la consultazione effettuata e fornire la risposta pi\u00f9 appropriata.<\/p>\n<\/div>\n<div>\n<p><strong>Al momento della creazione di un account utente<\/strong>: quando ci si iscrive all\u2019area privata del sito web si devono inserire dei dati identificativi per consentire la creazione dell\u2019utente. <\/p>\n<\/div>\n<div>\n<p>A questo punto, chiediamo anche l\u2019autorizzazione per l\u2019invio di comunicazioni commerciali. <\/p>\n<\/div>\n<div>\n<p>Quando una societ\u00e0 acquista i Servizi di Wannme diventa un Cliente Wannme e pu\u00f2 pertanto registrare e gestire pi\u00f9 utenti. In questi casi, sar\u00e0 il Cliente Wannme a collegare l\u2019utente ai dati personali.<\/p>\n<\/div>\n<div>\n<p><strong>Al momento dell\u2019acquisto dei servizi<\/strong>: dall\u2019area privata dell\u2019utente \u00e8 possibile fornire le informazioni aggiuntive necessarie per l\u2019acquisto dei servizi. <\/p>\n<\/div>\n<div>\n<p>Il trattamento dei dati personali effettuato sulla base dell\u2019acquisto dei servizi sar\u00e0 disciplinato da quanto indicato nei Termini e condizioni.<\/p>\n<\/div>\n<div>\n<p><strong>Durante l\u2019utilizzo della versione demo talvolta \u00e8 necessario compilare dei campi in cui vengono richiesti dati personali che servono a simulare gli incassi. <\/p>\n<\/div>\n<div>\n<p>Ricordiamo che in versione demo devono essere sempre utilizzati dati fittizi che servono a testare la funzionalit\u00e0 dei vari tool<\/strong>.<\/p>\n<h2>\u00a0<\/h2>\n<\/div>\n<div>\n<h2>3. <\/h2>\n<\/div>\n<div>\n<h2>Finalit\u00e0 e legittimit\u00e0 per l\u2019utilizzo dei tuoi dati<\/h2>\n<\/div>\n<div>\n<p>Nella tabella sottostante riportiamo le finalit\u00e0 per le quali possiamo utilizzare le informazioni personali forniteci e le mettiamo in relazione con la base di legittimazione che ci consente di effettuare il trattamento:<\/p>\n<\/div>\n<div>\n<table>\n<tbody>\n<tr>\n<th>Finalit\u00e0<\/th>\n<th>Base di liceit\u00e0<\/th>\n<\/tr>\n<\/tbody>\n<\/table>\n<\/div>\n<div>\n<table>\n<tbody>\n<tr>\n<td rowspan=\"2\">Gestire e risolvere richieste, consultazioni, lamentele e reclami inviatici tramite il modulo web o altri canali di contatto e che possono essere correlati al nostro sito web o ai servizi che offriamo.<\/td>\n<\/tr>\n<\/tbody>\n<\/table>\n<\/div>\n<div>\n<table>\n<tbody>\n<tr>\n<td>Il consenso prestato al momento dell\u2019invio della consultazione (articolo 6.1.a) GDPR)<\/td>\n<\/tr>\n<\/tbody>\n<\/table>\n<\/div>\n<div>\n<table>\n<tbody>\n<tr>\n<td>L\u2019esecuzione di un contratto di cui l\u2019interessato \u00e8 parte (art. 6.1.b) GDPR)<\/td>\n<\/tr>\n<\/tbody>\n<\/table>\n<\/div>\n<div>\n<table>\n<tbody>\n<tr>\n<td>Registrare l\u2019utente nella versione demo. I dati verranno utilizzati per configurarne il profilo e consentirgli di utilizzare le funzionalit\u00e0 della demo.<\/td>\n<\/tr>\n<\/tbody>\n<\/table>\n<\/div>\n<div>\n<table>\n<tbody>\n<tr>\n<td>Il consenso prestato al momento dell\u2019invio della consultazione (articolo 6.1.a) GDPR)<\/td>\n<\/tr>\n<\/tbody>\n<\/table>\n<\/div>\n<div>\n<table>\n<tbody>\n<tr>\n<td>Registrare l\u2019utente associato a un Cliente Wannme. Si utilizzeranno i dati per configurarne il profilo, per consentirgli di utilizzare le funzionalit\u00e0 acquistate e per associarle al Cliente Wannme.<\/td>\n<\/tr>\n<\/tbody>\n<\/table>\n<\/div>\n<div>\n<table>\n<tbody>\n<tr>\n<td>L\u2019esecuzione di un contratto di cui l\u2019interessato \u00e8 parte (art. 6.1.b) GDPR)<\/td>\n<\/tr>\n<\/tbody>\n<\/table>\n<\/div>\n<div>\n<table>\n<tbody>\n<tr>\n<td rowspan=\"3\">Nel caso in cui disponessimo di una base di liceit\u00e0 che ci autorizzi, tratteremo i tuoi dati per inviarti ulteriori informazioni, la nostra newsletter e comunicazioni commerciali nostre o dei collaboratori di cui forniamo i servizi e che potrebbero essere di tuo interesse.<\/td>\n<\/tr>\n<\/tbody>\n<\/table>\n<\/div>\n<div>\n<table>\n<tbody>\n<tr>\n<td>Quando sono soddisfatti i requisiti dell\u2019articolo 21.1 della Legge 34\/2002 (LSSI-CE) per l\u2019invio di comunicazioni commerciali elettroniche.<\/td>\n<\/tr>\n<\/tbody>\n<\/table>\n<\/div>\n<div>\n<table>\n<tbody>\n<tr>\n<td>Il consenso prestato per l\u2019invio di comunicazioni (art. 6.1.a) GDPR)<\/td>\n<\/tr>\n<\/tbody>\n<\/table>\n<\/div>\n<div>\n<table>\n<tbody>\n<tr>\n<td>La soddisfazione di interessi legittimi (art. 6.1.f) GDPR)<\/td>\n<\/tr>\n<\/tbody>\n<\/table>\n<\/div>\n<div>\n<table>\n<tbody>\n<tr>\n<td>Tratteremo le informazioni in modo tale da adempiere ai nostri obblighi legali e normativi, nonch\u00e9 rispettare eventuali decisioni giudiziarie o delle autorit\u00e0. <\/td>\n<\/tr>\n<\/tbody>\n<\/table>\n<\/div>\n<div>\n<table>\n<tbody>\n<tr>\n<td>Ci\u00f2 comprende la comunicazione dei tuoi dati personali alle forze armate o di sicurezza, ogni volta che abbiamo sospetti o indizi in merito a un\u2019azione che potrebbe costituire un illecito\/reato penale.<\/td>\n<\/tr>\n<\/tbody>\n<\/table>\n<\/div>\n<div>\n<table>\n<tbody>\n<tr>\n<td>Adempiere ai nostri obblighi di legge (art. 6.1.c) GDPR)<\/td>\n<\/tr>\n<\/tbody>\n<\/table>\n<\/div>\n<div>\n<table>\n<tbody>\n<tr>\n<td rowspan=\"2\">Gestione e risoluzione di consultazioni, lamentele e reclami inviatici e che possono essere correlati al nostro sito web o ai servizi che offriamo in relazione all\u2019esecuzione di un particolare contratto.<\/td>\n<\/tr>\n<\/tbody>\n<\/table>\n<\/div>\n<div>\n<table>\n<tbody>\n<tr>\n<td>Il consenso prestato al momento dell\u2019invio della consultazione (articolo 6.1.a) GDPR)<\/td>\n<\/tr>\n<\/tbody>\n<\/table>\n<\/div>\n<div>\n<table>\n<tbody>\n<tr>\n<td>L\u2019esecuzione di un contratto di cui l\u2019interessato \u00e8 parte (art. 6.1.b) GDPR)<\/td>\n<\/tr>\n<\/tbody>\n<\/table>\n<\/div>\n<div>\n<table>\n<tbody>\n<tr>\n<td>Invio di questionari e sondaggi per conoscere il grado di soddisfazione di utenti e clienti e migliorare la qualit\u00e0 dei nostri servizi.<\/td>\n<\/tr>\n<\/tbody>\n<\/table>\n<\/div>\n<div>\n<table>\n<tbody>\n<tr>\n<td>La soddisfazione di interessi legittimi (art. 6.1.f) GDPR)<\/td>\n<\/tr>\n<\/tbody>\n<\/table>\n<\/div>\n<div>\n<table>\n<tbody>\n<tr>\n<td>Analizzare le informazioni sulla nostra interazione con gli utenti per migliorare il nostro coinvolgimento e\/o condurre studi e statistiche al fine di migliorare il nostro funzionamento come azienda, i nostri servizi, nonch\u00e9 la nostra relazione ed esperienza con gli utenti e i clienti partecipanti.<\/td>\n<\/tr>\n<\/tbody>\n<\/table>\n<\/div>\n<div>\n<table>\n<tbody>\n<tr>\n<td>La soddisfazione di interessi legittimi (art. 6.1.f) GDPR)<\/td>\n<\/tr>\n<\/tbody>\n<\/table>\n<\/div>\n<div>\n<p>WANNME render\u00e0 anonimi i dati per un uso statistico degli stessi.<\/p>\n<\/div>\n<div>\n<p><strong>Nell\u2019ambito dell\u2019acquisto di Servizi, i dati personali che il Cliente Wannme fornisce per la richiesta di acquisto, cos\u00ec come quelli che inserisce nella piattaforma per gestire i pagamenti dei propri Clienti Finali, saranno utilizzati in conformit\u00e0 con quanto indicato nei Termini e condizioni.<\/strong><\/p>\n<h2>\u00a0<\/h2>\n<\/div>\n<div>\n<h2>4. <\/h2>\n<\/div>\n<div>\n<h2>Per quanto tempo conserviamo i dati personali?<\/h2>\n<\/div>\n<div>\n<p>I dati relativi a consultazioni, lamentele e reclami saranno conservati per il tempo necessario a rispondere ed eseguire le pratiche necessarie. <\/p>\n<\/div>\n<div>\n<p>Nel caso in cui siano legati a un\u2019esecuzione contrattuale, saranno vincolati al contratto in questione.<\/p>\n<\/div>\n<div>\n<p>Tratteremo i dati personali degli utenti registrati finch\u00e9 sono attivi. Una volta disdetto, si conserveranno i dati per il tempo necessario alla difesa da eventuali reclami e per adempiere agli obblighi legali eventualmente derivati.<\/p>\n<\/div>\n<div>\n<p>Gli account utente che rimangono inattivi per 3 anni verranno automaticamente cancellati.<\/p>\n<\/div>\n<div>\n<p>Se abbiamo la tua autorizzazione per l\u2019invio di comunicazioni, conserveremo i tuoi dati fino a quando non manifesti la tua volont\u00e0 di non ricevere pi\u00f9 queste comunicazioni. <\/p>\n<\/div>\n<div>\n<p>Ti ricordiamo che tutte le nostre comunicazioni commerciali contengono un link che ti permette di disiscriverti con un solo clic.<\/p>\n<\/div>\n<div>\n<p>In una qualsiasi delle situazioni di cui sopra, al termine di tali periodi, i dati saranno conservati bloccati per il periodo stabilito dalla legge in modo tale da poterci difendere da eventuali reclami e adempiere agli obblighi legali eventualmente sorti.<\/p>\n<h2>\u00a0<\/h2>\n<\/div>\n<div>\n<h2>5. <\/h2>\n<\/div>\n<div>\n<h2>A quali destinatari possono essere comunicati i dati?<\/h2>\n<\/div>\n<div>\n<p>I tuoi dati personali saranno trattati dal personale di WANNME. <\/p>\n<\/div>\n<div>\n<p>Si prevede di comunicarli alle pubbliche amministrazioni solo per l\u2019adempimento di obblighi di legge.<\/p>\n<\/div>\n<div>\n<p>WANNME condivide i dati solo con terze parti nell\u2019ambito della fornitura dei Servizi. Tali cessioni di dati sono riportate nei Termini e condizioni.<\/p>\n<h2>\u00a0<\/h2>\n<\/div>\n<div>\n<h2>6. <\/h2>\n<\/div>\n<div>\n<h2>Quali diritti hai se ci fornisci i tuoi dati personali?<\/h2>\n<\/div>\n<div>\n<p>Se trattiamo i tuoi dati devi sapere che ti spettano i seguenti diritti:<\/p>\n<\/div>\n<div>\n<ul>\n<li><u>Diritto di richiedere l\u2019accesso ai dati personali<\/u>: puoi chiedere se WANNME sta trattando i tuoi dati e, in caso affermativo, accedervi.<\/li>\n<\/ul>\n<\/div>\n<div>\n<ul>\n<li><u>Diritto di richiedere la rettifica se i dati sono inesatti o di completare i dati incompleti. <\/u><\/li>\n<\/ul>\n<\/div>\n<div>\n<ul>\n<li><u>Diritto di richiedere la cancellazione dei tuoi dati<\/u>.<\/li>\n<\/ul>\n<\/div>\n<div>\n<ul>\n<li><u>Diritto di richiedere la limitazione del loro trattamento<\/u>: in questo caso, WANNME li conserver\u00e0 solo per l\u2019esercizio o la difesa da reclami.<\/li>\n<\/ul>\n<\/div>\n<div>\n<ul>\n<li><u>Diritto di opporsi al trattamento<\/u>: smetteremo di trattare i dati personali, ad eccezione di quelli che vanno comunque trattati per motivi legittimi o per l\u2019esercizio o la difesa da possibili reclami.<\/li>\n<\/ul>\n<\/div>\n<div>\n<ul>\n<li><u>Diritto alla portabilit\u00e0 dei dati<\/u>: nel caso in cui desideri che i tuoi dati siano trattati da un altro titolare del trattamento, faciliteremo il trasferimento dei dati al nuovo titolare.<\/li>\n<\/ul>\n<\/div>\n<div>\n<ul>\n<li><u>Diritto a non essere oggetto di una decisione basata esclusivamente sul trattamento automatizzato dei tuoi dati personali. <\/u><\/li>\n<\/ul>\n<\/div>\n<div>\n<p>WANNME tratta i tuoi dati sulla base del consenso che ci fornisci. Devi sapere che hai il diritto di revocare detto consenso in qualsiasi momento, senza che ci\u00f2 vada a inficiare la liceit\u00e0 del trattamento effettuato prima della revoca.<\/p>\n<\/div>\n<div>\n<p>Per esercitare i tuoi diritti contattaci scrivendo all\u2019indirizzo e-mail <a href=\"mailto:privacy@wannme.com\">privacy@wannme.com<\/a> o all\u2019indirizzo postale indicato nel presente documento.<\/p>\n<\/div>\n<div>\n<p>Ogni volta che lo ritieni opportuno, puoi presentare un reclamo presso l\u2019agenzia spagnola per la protezione dei dati <a href=\"https:\/\/www.aepd.es\/\" target=\"_blank\" rel=\"noopener\">https:\/\/www.aepd.es\/<\/a><\/p>\n<\/div>\n<p>.<\/p>\n<div>\n<p>Ricorda che sei il responsabile dei dati che ci fornisci, che pertanto devono essere veritieri, accurati e sempre aggiornati.<\/p>\n<h2>\u00a0<\/h2>\n<\/div>\n<div>\n<h2>7. <\/h2>\n<\/div>\n<div>\n<h2>Come otteniamo i tuoi dati personali?<\/h2>\n<\/div>\n<div>\n<p>Se ti sei registrato come utente della piattaforma WANNME o hai utilizzato uno dei moduli di contatto, i dati che tratteremo saranno quelli che ci fornisci in relazione al tuo utente o al momento della compilazione del modulo.<\/p>\n<\/div>\n<div>\n<p>Se il tuo utente \u00e8 stato registrato per via del suo legame con un Cliente Wannme che usufruisce dei Servizi di WANNME, i dati saranno stati forniti dal Cliente Wannme al momento della registrazione dell\u2019utente.<\/p>\n<\/div>\n<div>\n<p>Il Cliente Wannme non potr\u00e0 includere dati personali di terzi senza una base di liceit\u00e0 che lo consenta, essendo il Cliente Wannme l\u2019unico responsabile della liceit\u00e0 dei dati che ha fornito.<\/p>\n<h2>\u00a0<\/h2>\n<\/div>\n<div>\n<h2>8.\u00a0<\/h2>\n<\/div>\n<div>\n<h2>Informazioni aggiuntive<\/h2>\n<\/div>\n<div>\n<p><u>Politica sull\u2019uso dei minori:<\/u> i nostri servizi sono rivolti esclusivamente a persone maggiorenni. <\/p>\n<\/div>\n<div>\n<p>In tal senso, non raccogliamo deliberatamente informazioni su minori. <\/p>\n<\/div>\n<div>\n<p>In ogni caso, qualora, in quanto genitore o rappresentante legale, ritenessi che tuo figlio o il soggetto da te tutelato ci abbia inviato dati personali, ti preghiamo di contattarci inviando un\u2019e-mail a \u00a0<a href=\"mailto:privacy@wannme.com\">privacy@wannme.com<\/a><\/p>\n<\/div>\n<p>.<\/p>\n<div>\n<p><u>Trasferimenti internazionali<\/u>: ti informiamo che WANNME non trasferisce i tuoi dati personali in un Paese al di fuori dello Spazio Economico Europeo (SEE). <\/p>\n<\/div>\n<div>\n<p>Tuttavia, qualora ci\u00f2 dovesse accadere, ci assicureremmo di disporre di un\u2019adeguata protezione dei dati personali attraverso l\u2019uso delle garanzie consentite dalla normativa, in particolare l\u2019uso delle clausole contrattuali tipo approvate dalla Commissione Europea.<\/p>\n<\/div>\n<div>\n<p><u>Modifiche<\/u>: utilizzeremo i tuoi dati personali solo come stabilito nel presente documento che \u00e8 in vigore nel momento in cui raccogliamo le tue informazioni. <\/p>\n<\/div>\n<div>\n<p>Qualora dovesse apportare una modifica al trattamento dei tuoi dati, WANNME te ne informer\u00e0 tempestivamente.<\/p>\n<\/div>\n<div>\n<p><u>Contattaci:<\/u> se in qualsiasi momento ritieni che non abbiamo rispettato le disposizioni stabilite nella presente Informativa sulla privacy, ti preghiamo di comunicarcelo inviando un\u2019e-mail a <a href=\"mailto:privacy@wannme.com\">privacy@wannme.com<\/a>. <\/p>\n<\/div>\n<div>\n<p>Se desideri risolvere un problema relativo alla privacy dei tuoi dati o hai domande relative alla presente Informativa sulla privacy, non esitare a contattarci. <\/p>\n<\/div>\n<div>\n<p>Saremo felici di aiutarti!<\/p>\n<h3>\u00a0<\/h3>\n<\/div>\n<div>\n<p id=\"comercios\"><strong>Data di aggiornamento: aprile 2022<\/strong><\/p>\n<\/div>\n<\/div>\n<\/div>\n<\/div>\n<\/div>\n<\/div>\n<div class=\"et_pb_section et_pb_section_4 et_pb_with_background et_section_regular et_pb_section--with-menu\">\n<div id=\"texto-footer\" class=\"et_pb_row et_pb_row_2 et_pb_row--with-menu et_pb_row_1-2_1-4_1-4\">\u00a0<\/div>\n<\/div>\n\t\t\t\t\t\t\t\t<\/div>\n\t\t\t\t<\/div>\n\t\t\t\t\t<\/div>\n\t\t<\/div>\n\t\t\t\t\t<\/div>\n\t\t<\/section>\n\t\t\t\t<\/div>\n\t\t","protected":false},"excerpt":{"rendered":"<p>Informativa sulla privacy Se sei un utente del sito web di WANNME MARKETPLACE, S.L. (in prosieguo, \u201cWANNME\u201d), queste informazioni sono di tuo interesse: \u00a0 1. Chi \u00e8 il titolare del trattamento dei tuoi dati? Identit\u00e0: WANNME MARKETPLACE, S.L. con C.F. &hellip; <a href=\"https:\/\/www.wannme.com\/it\/informativa-sulla-privacy\/\">Read More<\/a><\/p>\n","protected":false},"author":1,"featured_media":0,"parent":0,"menu_order":0,"comment_status":"closed","ping_status":"closed","template":"","meta":{"footnotes":""},"class_list":["post-18744","page","type-page","status-publish","hentry"],"yoast_head":"<!-- This site is optimized with the Yoast SEO plugin v27.5 - https:\/\/yoast.com\/product\/yoast-seo-wordpress\/ -->\n<title>Informativa sulla privacy - WANNME<\/title>\n<meta name=\"robots\" content=\"index, follow, max-snippet:-1, max-image-preview:large, max-video-preview:-1\" \/>\n<link rel=\"canonical\" href=\"https:\/\/www.wannme.com\/it\/informativa-sulla-privacy\/\" \/>\n<meta property=\"og:locale\" content=\"it_IT\" \/>\n<meta property=\"og:type\" content=\"article\" \/>\n<meta property=\"og:title\" content=\"Informativa sulla privacy - WANNME\" \/>\n<meta property=\"og:description\" content=\"Informativa sulla privacy Se sei un utente del sito web di WANNME MARKETPLACE, S.L. (in prosieguo, \u201cWANNME\u201d), queste informazioni sono di tuo interesse: \u00a0 1. Chi \u00e8 il titolare del trattamento dei tuoi dati? Identit\u00e0: WANNME MARKETPLACE, S.L. con C.F. &hellip; Read More\" \/>\n<meta property=\"og:url\" content=\"https:\/\/www.wannme.com\/it\/informativa-sulla-privacy\/\" \/>\n<meta property=\"og:site_name\" content=\"WANNME\" \/>\n<meta property=\"article:modified_time\" content=\"2026-04-14T14:35:02+00:00\" \/>\n<meta property=\"og:image\" content=\"https:\/\/www.wannme.com\/wp-content\/uploads\/2024\/03\/Icono_Color.png\" \/>\n\t<meta property=\"og:image:width\" content=\"2340\" \/>\n\t<meta property=\"og:image:height\" content=\"810\" \/>\n\t<meta property=\"og:image:type\" content=\"image\/png\" \/>\n<meta name=\"twitter:card\" content=\"summary_large_image\" \/>\n<meta name=\"twitter:label1\" content=\"Tempo di lettura stimato\" \/>\n\t<meta name=\"twitter:data1\" content=\"8 minuti\" \/>\n<!-- \/ Yoast SEO plugin. -->","yoast_head_json":{"title":"Informativa sulla privacy - WANNME","robots":{"index":"index","follow":"follow","max-snippet":"max-snippet:-1","max-image-preview":"max-image-preview:large","max-video-preview":"max-video-preview:-1"},"canonical":"https:\/\/www.wannme.com\/it\/informativa-sulla-privacy\/","og_locale":"it_IT","og_type":"article","og_title":"Informativa sulla privacy - WANNME","og_description":"Informativa sulla privacy Se sei un utente del sito web di WANNME MARKETPLACE, S.L. (in prosieguo, \u201cWANNME\u201d), queste informazioni sono di tuo interesse: \u00a0 1. Chi \u00e8 il titolare del trattamento dei tuoi dati? Identit\u00e0: WANNME MARKETPLACE, S.L. con C.F. &hellip; Read More","og_url":"https:\/\/www.wannme.com\/it\/informativa-sulla-privacy\/","og_site_name":"WANNME","article_modified_time":"2026-04-14T14:35:02+00:00","og_image":[{"width":2340,"height":810,"url":"https:\/\/www.wannme.com\/wp-content\/uploads\/2024\/03\/Icono_Color.png","type":"image\/png"}],"twitter_card":"summary_large_image","twitter_misc":{"Tempo di lettura stimato":"8 minuti"},"schema":{"@context":"https:\/\/schema.org","@graph":[{"@type":"WebPage","@id":"https:\/\/www.wannme.com\/it\/informativa-sulla-privacy\/","url":"https:\/\/www.wannme.com\/it\/informativa-sulla-privacy\/","name":"Informativa sulla privacy - WANNME","isPartOf":{"@id":"https:\/\/www.wannme.com\/it\/#website"},"datePublished":"2024-12-30T11:23:01+00:00","dateModified":"2026-04-14T14:35:02+00:00","breadcrumb":{"@id":"https:\/\/www.wannme.com\/it\/informativa-sulla-privacy\/#breadcrumb"},"inLanguage":"it-IT","potentialAction":[{"@type":"ReadAction","target":["https:\/\/www.wannme.com\/it\/informativa-sulla-privacy\/"]}]},{"@type":"BreadcrumbList","@id":"https:\/\/www.wannme.com\/it\/informativa-sulla-privacy\/#breadcrumb","itemListElement":[{"@type":"ListItem","position":1,"name":"Portada","item":"https:\/\/www.wannme.com\/it\/"},{"@type":"ListItem","position":2,"name":"Informativa sulla privacy"}]},{"@type":"WebSite","@id":"https:\/\/www.wannme.com\/it\/#website","url":"https:\/\/www.wannme.com\/it\/","name":"WANNME","description":"Vende m\u00e1s y cobra hoy","publisher":{"@id":"https:\/\/www.wannme.com\/it\/#organization"},"potentialAction":[{"@type":"SearchAction","target":{"@type":"EntryPoint","urlTemplate":"https:\/\/www.wannme.com\/it\/?s={search_term_string}"},"query-input":{"@type":"PropertyValueSpecification","valueRequired":true,"valueName":"search_term_string"}}],"inLanguage":"it-IT"},{"@type":"Organization","@id":"https:\/\/www.wannme.com\/it\/#organization","name":"Wannme","url":"https:\/\/www.wannme.com\/it\/","logo":{"@type":"ImageObject","inLanguage":"it-IT","@id":"https:\/\/www.wannme.com\/it\/#\/schema\/logo\/image\/","url":"https:\/\/www.wannme.com\/wp-content\/uploads\/2024\/05\/logo-white-wannme.png","contentUrl":"https:\/\/www.wannme.com\/wp-content\/uploads\/2024\/05\/logo-white-wannme.png","width":749,"height":103,"caption":"Wannme"},"image":{"@id":"https:\/\/www.wannme.com\/it\/#\/schema\/logo\/image\/"}}]}},"_links":{"self":[{"href":"https:\/\/www.wannme.com\/it\/wp-json\/wp\/v2\/pages\/18744","targetHints":{"allow":["GET"]}}],"collection":[{"href":"https:\/\/www.wannme.com\/it\/wp-json\/wp\/v2\/pages"}],"about":[{"href":"https:\/\/www.wannme.com\/it\/wp-json\/wp\/v2\/types\/page"}],"author":[{"embeddable":true,"href":"https:\/\/www.wannme.com\/it\/wp-json\/wp\/v2\/users\/1"}],"replies":[{"embeddable":true,"href":"https:\/\/www.wannme.com\/it\/wp-json\/wp\/v2\/comments?post=18744"}],"version-history":[{"count":7,"href":"https:\/\/www.wannme.com\/it\/wp-json\/wp\/v2\/pages\/18744\/revisions"}],"predecessor-version":[{"id":29680,"href":"https:\/\/www.wannme.com\/it\/wp-json\/wp\/v2\/pages\/18744\/revisions\/29680"}],"wp:attachment":[{"href":"https:\/\/www.wannme.com\/it\/wp-json\/wp\/v2\/media?parent=18744"}],"curies":[{"name":"wp","href":"https:\/\/api.w.org\/{rel}","templated":true}]}}