{"id":25376,"date":"2025-12-05T09:50:57","date_gmt":"2025-12-05T08:50:57","guid":{"rendered":"https:\/\/www.wannme.com\/sicurezza-2\/"},"modified":"2026-04-14T16:38:35","modified_gmt":"2026-04-14T14:38:35","slug":"sicurezza","status":"publish","type":"page","link":"https:\/\/www.wannme.com\/it\/sicurezza\/","title":{"rendered":"Sicurezza"},"content":{"rendered":"\t\t<div data-elementor-type=\"wp-page\" data-elementor-id=\"25376\" class=\"elementor elementor-25376 elementor-23400\" data-elementor-post-type=\"page\">\n\t\t\t\t<div class=\"elementor-element elementor-element-e8c41f1 e-flex e-con-boxed e-con e-parent\" data-id=\"e8c41f1\" data-element_type=\"container\" data-e-type=\"container\" data-settings=\"{&quot;background_background&quot;:&quot;classic&quot;}\">\n\t\t\t\t\t<div class=\"e-con-inner\">\n\t\t\t\t<div class=\"elementor-element elementor-element-180002a elementor-widget__width-initial elementor-widget elementor-widget-heading\" data-id=\"180002a\" data-element_type=\"widget\" data-e-type=\"widget\" data-widget_type=\"heading.default\">\n\t\t\t\t<div class=\"elementor-widget-container\">\n\t\t\t\t\t<h2 class=\"elementor-heading-title elementor-size-default\">La sicurezza come il tuo <br><span style=\"color:#F4C156\">pi\u00f9 grande alleato per la crescita<\/span><\/br><\/h2>\t\t\t\t<\/div>\n\t\t\t\t<\/div>\n\t\t\t\t\t<\/div>\n\t\t\t\t<\/div>\n\t\t<div class=\"elementor-element elementor-element-68e217b e-flex e-con-boxed e-con e-parent\" data-id=\"68e217b\" data-element_type=\"container\" data-e-type=\"container\">\n\t\t\t\t\t<div class=\"e-con-inner\">\n\t\t<div class=\"elementor-element elementor-element-54d443c e-con-full e-flex e-con e-child\" data-id=\"54d443c\" data-element_type=\"container\" data-e-type=\"container\">\n\t\t\t\t<div class=\"elementor-element elementor-element-ee2e8fa elementor-widget__width-initial elementor-widget elementor-widget-heading\" data-id=\"ee2e8fa\" data-element_type=\"widget\" data-e-type=\"widget\" data-widget_type=\"heading.default\">\n\t\t\t\t<div class=\"elementor-widget-container\">\n\t\t\t\t\t<h2 class=\"elementor-heading-title elementor-size-default\">Esplora l'ambiente sicuro di Wannme<\/h2>\t\t\t\t<\/div>\n\t\t\t\t<\/div>\n\t\t\t\t<\/div>\n\t\t<div class=\"elementor-element elementor-element-7d2dc98 e-con-full e-flex e-con e-child\" data-id=\"7d2dc98\" data-element_type=\"container\" data-e-type=\"container\">\n\t\t<div class=\"elementor-element elementor-element-c5f546a e-con-full e-flex e-con e-child\" data-id=\"c5f546a\" data-element_type=\"container\" data-e-type=\"container\" id=\"contenedor-hover\" data-settings=\"{&quot;background_background&quot;:&quot;classic&quot;}\">\n\t\t\t\t<div class=\"elementor-element elementor-element-58d735c elementor-view-stacked elementor-shape-circle elementor-widget elementor-widget-icon\" data-id=\"58d735c\" data-element_type=\"widget\" data-e-type=\"widget\" data-widget_type=\"icon.default\">\n\t\t\t\t<div class=\"elementor-widget-container\">\n\t\t\t\t\t\t\t<div class=\"elementor-icon-wrapper\">\n\t\t\t<div class=\"elementor-icon\">\n\t\t\t<i aria-hidden=\"true\" class=\"icon icon-carbon_gateway-security\"><\/i>\t\t\t<\/div>\n\t\t<\/div>\n\t\t\t\t\t\t<\/div>\n\t\t\t\t<\/div>\n\t\t\t\t<div class=\"elementor-element elementor-element-bcb80e4 elementor-widget__width-initial elementor-widget elementor-widget-heading\" data-id=\"bcb80e4\" data-element_type=\"widget\" data-e-type=\"widget\" data-widget_type=\"heading.default\">\n\t\t\t\t<div class=\"elementor-widget-container\">\n\t\t\t\t\t<h2 class=\"elementor-heading-title elementor-size-default\">Protezione sicura<\/h2>\t\t\t\t<\/div>\n\t\t\t\t<\/div>\n\t\t\t\t<div class=\"elementor-element elementor-element-32f2bba elementor-widget__width-initial elementor-widget elementor-widget-text-editor\" data-id=\"32f2bba\" data-element_type=\"widget\" data-e-type=\"widget\" data-widget_type=\"text-editor.default\">\n\t\t\t\t<div class=\"elementor-widget-container\">\n\t\t\t\t\t\t\t\t\t<p>Lavoriamo con i migliori per proteggerti<span style=\"text-decoration: underline;\"> da qualsiasi minaccia:<\/span> certificazioni, cloud, monitoraggio, audit, requisiti internazionali, protocolli, ecc.<\/p>\t\t\t\t\t\t\t\t<\/div>\n\t\t\t\t<\/div>\n\t\t\t\t<\/div>\n\t\t<div class=\"elementor-element elementor-element-618ed5d e-con-full e-flex e-con e-child\" data-id=\"618ed5d\" data-element_type=\"container\" data-e-type=\"container\" id=\"contenedor-hover\" data-settings=\"{&quot;background_background&quot;:&quot;classic&quot;}\">\n\t\t\t\t<div class=\"elementor-element elementor-element-edeffd7 elementor-view-stacked elementor-shape-circle elementor-widget elementor-widget-icon\" data-id=\"edeffd7\" data-element_type=\"widget\" data-e-type=\"widget\" data-widget_type=\"icon.default\">\n\t\t\t\t<div class=\"elementor-widget-container\">\n\t\t\t\t\t\t\t<div class=\"elementor-icon-wrapper\">\n\t\t\t<div class=\"elementor-icon\">\n\t\t\t<i aria-hidden=\"true\" class=\"icon icon-carbon_ibm-cloud-sysdig-secure\"><\/i>\t\t\t<\/div>\n\t\t<\/div>\n\t\t\t\t\t\t<\/div>\n\t\t\t\t<\/div>\n\t\t\t\t<div class=\"elementor-element elementor-element-fbbba6e elementor-widget__width-initial elementor-widget elementor-widget-heading\" data-id=\"fbbba6e\" data-element_type=\"widget\" data-e-type=\"widget\" data-widget_type=\"heading.default\">\n\t\t\t\t<div class=\"elementor-widget-container\">\n\t\t\t\t\t<h2 class=\"elementor-heading-title elementor-size-default\">Operazioni criptate<\/h2>\t\t\t\t<\/div>\n\t\t\t\t<\/div>\n\t\t\t\t<div class=\"elementor-element elementor-element-868db72 elementor-widget__width-initial elementor-widget elementor-widget-text-editor\" data-id=\"868db72\" data-element_type=\"widget\" data-e-type=\"widget\" data-widget_type=\"text-editor.default\">\n\t\t\t\t<div class=\"elementor-widget-container\">\n\t\t\t\t\t\t\t\t\t<p>Tutte le tue comunicazioni avvengono tramite protocollo SSL. Con la nostra tecnologia, crittografiamo le informazioni in entrata e in uscita dalla tua pagina per garantirne la sicurezza. <\/p>\t\t\t\t\t\t\t\t<\/div>\n\t\t\t\t<\/div>\n\t\t\t\t<\/div>\n\t\t<div class=\"elementor-element elementor-element-53ea841 e-con-full e-flex e-con e-child\" data-id=\"53ea841\" data-element_type=\"container\" data-e-type=\"container\" id=\"contenedor-hover\" data-settings=\"{&quot;background_background&quot;:&quot;classic&quot;}\">\n\t\t\t\t<div class=\"elementor-element elementor-element-57c51d0 elementor-view-stacked elementor-shape-circle elementor-widget elementor-widget-icon\" data-id=\"57c51d0\" data-element_type=\"widget\" data-e-type=\"widget\" data-widget_type=\"icon.default\">\n\t\t\t\t<div class=\"elementor-widget-container\">\n\t\t\t\t\t\t\t<div class=\"elementor-icon-wrapper\">\n\t\t\t<div class=\"elementor-icon\">\n\t\t\t<i aria-hidden=\"true\" class=\"icon icon-carbon_document-tasks\"><\/i>\t\t\t<\/div>\n\t\t<\/div>\n\t\t\t\t\t\t<\/div>\n\t\t\t\t<\/div>\n\t\t\t\t<div class=\"elementor-element elementor-element-3158146 elementor-widget__width-initial elementor-widget elementor-widget-heading\" data-id=\"3158146\" data-element_type=\"widget\" data-e-type=\"widget\" data-widget_type=\"heading.default\">\n\t\t\t\t<div class=\"elementor-widget-container\">\n\t\t\t\t\t<h2 class=\"elementor-heading-title elementor-size-default\">Sicurezza certificata<\/h2>\t\t\t\t<\/div>\n\t\t\t\t<\/div>\n\t\t\t\t<div class=\"elementor-element elementor-element-f523292 elementor-widget__width-initial elementor-widget elementor-widget-text-editor\" data-id=\"f523292\" data-element_type=\"widget\" data-e-type=\"widget\" data-widget_type=\"text-editor.default\">\n\t\t\t\t<div class=\"elementor-widget-container\">\n\t\t\t\t\t\t\t\t\t<p>Sicurezza &#8220;I servizi di Wannme sono stati sottoposti a audit da parte di un consulente di sicurezza qualificato (QSA) ottenendo la certificazione PCI-DSS (SAQ-A). Il PCI \u00e8 il forum mondiale aperto che regola gli standard di sicurezza del settore delle carte di pagamento. <\/p>\t\t\t\t\t\t\t\t<\/div>\n\t\t\t\t<\/div>\n\t\t\t\t<\/div>\n\t\t\t\t<\/div>\n\t\t<div class=\"elementor-element elementor-element-d3bdab5 e-con-full e-flex e-con e-child\" data-id=\"d3bdab5\" data-element_type=\"container\" data-e-type=\"container\">\n\t\t<div class=\"elementor-element elementor-element-45f0942 e-con-full e-flex e-con e-child\" data-id=\"45f0942\" data-element_type=\"container\" data-e-type=\"container\" id=\"contenedor-hover\" data-settings=\"{&quot;background_background&quot;:&quot;classic&quot;}\">\n\t\t\t\t<div class=\"elementor-element elementor-element-d594bd6 elementor-view-stacked elementor-shape-circle elementor-widget elementor-widget-icon\" data-id=\"d594bd6\" data-element_type=\"widget\" data-e-type=\"widget\" data-widget_type=\"icon.default\">\n\t\t\t\t<div class=\"elementor-widget-container\">\n\t\t\t\t\t\t\t<div class=\"elementor-icon-wrapper\">\n\t\t\t<div class=\"elementor-icon\">\n\t\t\t<i aria-hidden=\"true\" class=\"icon icon-carbon_cloud-services\"><\/i>\t\t\t<\/div>\n\t\t<\/div>\n\t\t\t\t\t\t<\/div>\n\t\t\t\t<\/div>\n\t\t\t\t<div class=\"elementor-element elementor-element-04d4260 elementor-widget__width-initial elementor-widget elementor-widget-heading\" data-id=\"04d4260\" data-element_type=\"widget\" data-e-type=\"widget\" data-widget_type=\"heading.default\">\n\t\t\t\t<div class=\"elementor-widget-container\">\n\t\t\t\t\t<h2 class=\"elementor-heading-title elementor-size-default\">Hosting in cloud<\/h2>\t\t\t\t<\/div>\n\t\t\t\t<\/div>\n\t\t\t\t<div class=\"elementor-element elementor-element-baeb92d elementor-widget__width-initial elementor-widget elementor-widget-text-editor\" data-id=\"baeb92d\" data-element_type=\"widget\" data-e-type=\"widget\" data-widget_type=\"text-editor.default\">\n\t\t\t\t<div class=\"elementor-widget-container\">\n\t\t\t\t\t\t\t\t\t<p>La tua azienda, nel cloud. La nostra infrastruttura cloud \u00e8 ospitata su Amazon AWS, per garantire la <span style=\"text-decoration: underline;\">disponibilit\u00e0 e la velocit\u00e0 di<\/span> cui la tua azienda ha bisogno per scalare. <\/p>\t\t\t\t\t\t\t\t<\/div>\n\t\t\t\t<\/div>\n\t\t\t\t<\/div>\n\t\t<div class=\"elementor-element elementor-element-53dc4dd e-con-full e-flex e-con e-child\" data-id=\"53dc4dd\" data-element_type=\"container\" data-e-type=\"container\" id=\"contenedor-hover\" data-settings=\"{&quot;background_background&quot;:&quot;classic&quot;}\">\n\t\t\t\t<div class=\"elementor-element elementor-element-15a805f elementor-view-stacked elementor-shape-circle elementor-widget elementor-widget-icon\" data-id=\"15a805f\" data-element_type=\"widget\" data-e-type=\"widget\" data-widget_type=\"icon.default\">\n\t\t\t\t<div class=\"elementor-widget-container\">\n\t\t\t\t\t\t\t<div class=\"elementor-icon-wrapper\">\n\t\t\t<div class=\"elementor-icon\">\n\t\t\t<i aria-hidden=\"true\" class=\"icon icon-carbon_security-services\"><\/i>\t\t\t<\/div>\n\t\t<\/div>\n\t\t\t\t\t\t<\/div>\n\t\t\t\t<\/div>\n\t\t\t\t<div class=\"elementor-element elementor-element-0095e48 elementor-widget__width-initial elementor-widget elementor-widget-heading\" data-id=\"0095e48\" data-element_type=\"widget\" data-e-type=\"widget\" data-widget_type=\"heading.default\">\n\t\t\t\t<div class=\"elementor-widget-container\">\n\t\t\t\t\t<h2 class=\"elementor-heading-title elementor-size-default\">Il tuo servizio, controllato<\/h2>\t\t\t\t<\/div>\n\t\t\t\t<\/div>\n\t\t\t\t<div class=\"elementor-element elementor-element-181a0c1 elementor-widget__width-initial elementor-widget elementor-widget-text-editor\" data-id=\"181a0c1\" data-element_type=\"widget\" data-e-type=\"widget\" data-widget_type=\"text-editor.default\">\n\t\t\t\t<div class=\"elementor-widget-container\">\n\t\t\t\t\t\t\t\t\t<p>La tua attivit\u00e0 \u00e8 protetta. Sia la nostra infrastruttura che i nostri processi sono controllati da societ\u00e0 di cybersecurity, che garantiscono la <span style=\"text-decoration: underline;\">conformit\u00e0 con tutte le normative e le misure di sicurezza<\/span> necessarie. <\/p>\t\t\t\t\t\t\t\t<\/div>\n\t\t\t\t<\/div>\n\t\t\t\t<\/div>\n\t\t<div class=\"elementor-element elementor-element-8407a1a e-con-full e-flex e-con e-child\" data-id=\"8407a1a\" data-element_type=\"container\" data-e-type=\"container\" id=\"contenedor-hover\" data-settings=\"{&quot;background_background&quot;:&quot;classic&quot;}\">\n\t\t\t\t<div class=\"elementor-element elementor-element-3b3c726 elementor-view-stacked elementor-shape-circle elementor-widget elementor-widget-icon\" data-id=\"3b3c726\" data-element_type=\"widget\" data-e-type=\"widget\" data-widget_type=\"icon.default\">\n\t\t\t\t<div class=\"elementor-widget-container\">\n\t\t\t\t\t\t\t<div class=\"elementor-icon-wrapper\">\n\t\t\t<div class=\"elementor-icon\">\n\t\t\t<i aria-hidden=\"true\" class=\"icon icon-carbon_cloud-alerting\"><\/i>\t\t\t<\/div>\n\t\t<\/div>\n\t\t\t\t\t\t<\/div>\n\t\t\t\t<\/div>\n\t\t\t\t<div class=\"elementor-element elementor-element-3f48e10 elementor-widget__width-initial elementor-widget elementor-widget-heading\" data-id=\"3f48e10\" data-element_type=\"widget\" data-e-type=\"widget\" data-widget_type=\"heading.default\">\n\t\t\t\t<div class=\"elementor-widget-container\">\n\t\t\t\t\t<h2 class=\"elementor-heading-title elementor-size-default\">Controllo antifrode completo<\/h2>\t\t\t\t<\/div>\n\t\t\t\t<\/div>\n\t\t\t\t<div class=\"elementor-element elementor-element-16c3ce2 elementor-widget__width-initial elementor-widget elementor-widget-text-editor\" data-id=\"16c3ce2\" data-element_type=\"widget\" data-e-type=\"widget\" data-widget_type=\"text-editor.default\">\n\t\t\t\t<div class=\"elementor-widget-container\">\n\t\t\t\t\t\t\t\t\t<p>Siamo conformi ai requisiti <span style=\"text-decoration: underline;\">PSD2 e al protocollo 3D Secure<\/span>, in modo che i tuoi pagamenti vengano eseguiti in modo sicuro e che vengano rilevate potenziali attivit\u00e0 fraudolente.<\/p>\t\t\t\t\t\t\t\t<\/div>\n\t\t\t\t<\/div>\n\t\t\t\t<\/div>\n\t\t\t\t<\/div>\n\t\t\t\t<div class=\"elementor-element elementor-element-4ee02f1 elementor-widget elementor-widget-button\" data-id=\"4ee02f1\" data-element_type=\"widget\" data-e-type=\"widget\" data-widget_type=\"button.default\">\n\t\t\t\t<div class=\"elementor-widget-container\">\n\t\t\t\t\t\t\t\t\t<div class=\"elementor-button-wrapper\">\n\t\t\t\t\t<a class=\"elementor-button elementor-button-link elementor-size-sm\" href=\"#elementor-action%3Aaction%3Dpopup%3Aopen%26settings%3DeyJpZCI6MjU2NzEsInRvZ2dsZSI6ZmFsc2V9\">\n\t\t\t\t\t\t<span class=\"elementor-button-content-wrapper\">\n\t\t\t\t\t\t\t\t\t<span class=\"elementor-button-text\">Operare in sicurezza<\/span>\n\t\t\t\t\t<\/span>\n\t\t\t\t\t<\/a>\n\t\t\t\t<\/div>\n\t\t\t\t\t\t\t\t<\/div>\n\t\t\t\t<\/div>\n\t\t\t\t\t<\/div>\n\t\t\t\t<\/div>\n\t\t\t\t<\/div>\n\t\t","protected":false},"excerpt":{"rendered":"<p>La sicurezza come il tuo pi\u00f9 grande alleato per la crescita Esplora l&#8217;ambiente sicuro di Wannme Protezione sicura Lavoriamo con i migliori per proteggerti da qualsiasi minaccia: certificazioni, cloud, monitoraggio, audit, requisiti internazionali, protocolli, ecc. Operazioni criptate Tutte le tue &hellip; <a href=\"https:\/\/www.wannme.com\/it\/sicurezza\/\">Read More<\/a><\/p>\n","protected":false},"author":8,"featured_media":0,"parent":0,"menu_order":0,"comment_status":"closed","ping_status":"closed","template":"","meta":{"footnotes":""},"class_list":["post-25376","page","type-page","status-publish","hentry"],"yoast_head":"<!-- This site is optimized with the Yoast SEO plugin v27.5 - https:\/\/yoast.com\/product\/yoast-seo-wordpress\/ -->\n<title>Sicurezza - WANNME<\/title>\n<meta name=\"robots\" content=\"index, follow, max-snippet:-1, max-image-preview:large, max-video-preview:-1\" \/>\n<link rel=\"canonical\" href=\"https:\/\/www.wannme.com\/it\/sicurezza\/\" \/>\n<meta property=\"og:locale\" content=\"it_IT\" \/>\n<meta property=\"og:type\" content=\"article\" \/>\n<meta property=\"og:title\" content=\"Sicurezza - WANNME\" \/>\n<meta property=\"og:description\" content=\"La sicurezza come il tuo pi\u00f9 grande alleato per la crescita Esplora l&#8217;ambiente sicuro di Wannme Protezione sicura Lavoriamo con i migliori per proteggerti da qualsiasi minaccia: certificazioni, cloud, monitoraggio, audit, requisiti internazionali, protocolli, ecc. Operazioni criptate Tutte le tue &hellip; Read More\" \/>\n<meta property=\"og:url\" content=\"https:\/\/www.wannme.com\/it\/sicurezza\/\" \/>\n<meta property=\"og:site_name\" content=\"WANNME\" \/>\n<meta property=\"article:modified_time\" content=\"2026-04-14T14:38:35+00:00\" \/>\n<meta property=\"og:image\" content=\"https:\/\/www.wannme.com\/wp-content\/uploads\/2024\/03\/Icono_Color.png\" \/>\n\t<meta property=\"og:image:width\" content=\"2340\" \/>\n\t<meta property=\"og:image:height\" content=\"810\" \/>\n\t<meta property=\"og:image:type\" content=\"image\/png\" \/>\n<meta name=\"twitter:card\" content=\"summary_large_image\" \/>\n<meta name=\"twitter:label1\" content=\"Tempo di lettura stimato\" \/>\n\t<meta name=\"twitter:data1\" content=\"1 minuto\" \/>\n<!-- \/ Yoast SEO plugin. -->","yoast_head_json":{"title":"Sicurezza - WANNME","robots":{"index":"index","follow":"follow","max-snippet":"max-snippet:-1","max-image-preview":"max-image-preview:large","max-video-preview":"max-video-preview:-1"},"canonical":"https:\/\/www.wannme.com\/it\/sicurezza\/","og_locale":"it_IT","og_type":"article","og_title":"Sicurezza - WANNME","og_description":"La sicurezza come il tuo pi\u00f9 grande alleato per la crescita Esplora l&#8217;ambiente sicuro di Wannme Protezione sicura Lavoriamo con i migliori per proteggerti da qualsiasi minaccia: certificazioni, cloud, monitoraggio, audit, requisiti internazionali, protocolli, ecc. Operazioni criptate Tutte le tue &hellip; Read More","og_url":"https:\/\/www.wannme.com\/it\/sicurezza\/","og_site_name":"WANNME","article_modified_time":"2026-04-14T14:38:35+00:00","og_image":[{"width":2340,"height":810,"url":"https:\/\/www.wannme.com\/wp-content\/uploads\/2024\/03\/Icono_Color.png","type":"image\/png"}],"twitter_card":"summary_large_image","twitter_misc":{"Tempo di lettura stimato":"1 minuto"},"schema":{"@context":"https:\/\/schema.org","@graph":[{"@type":"WebPage","@id":"https:\/\/www.wannme.com\/it\/sicurezza\/","url":"https:\/\/www.wannme.com\/it\/sicurezza\/","name":"Sicurezza - WANNME","isPartOf":{"@id":"https:\/\/www.wannme.com\/it\/#website"},"datePublished":"2025-12-05T08:50:57+00:00","dateModified":"2026-04-14T14:38:35+00:00","breadcrumb":{"@id":"https:\/\/www.wannme.com\/it\/sicurezza\/#breadcrumb"},"inLanguage":"it-IT","potentialAction":[{"@type":"ReadAction","target":["https:\/\/www.wannme.com\/it\/sicurezza\/"]}]},{"@type":"BreadcrumbList","@id":"https:\/\/www.wannme.com\/it\/sicurezza\/#breadcrumb","itemListElement":[{"@type":"ListItem","position":1,"name":"Portada","item":"https:\/\/www.wannme.com\/it\/"},{"@type":"ListItem","position":2,"name":"Sicurezza"}]},{"@type":"WebSite","@id":"https:\/\/www.wannme.com\/it\/#website","url":"https:\/\/www.wannme.com\/it\/","name":"WANNME","description":"Vende m\u00e1s y cobra hoy","publisher":{"@id":"https:\/\/www.wannme.com\/it\/#organization"},"potentialAction":[{"@type":"SearchAction","target":{"@type":"EntryPoint","urlTemplate":"https:\/\/www.wannme.com\/it\/?s={search_term_string}"},"query-input":{"@type":"PropertyValueSpecification","valueRequired":true,"valueName":"search_term_string"}}],"inLanguage":"it-IT"},{"@type":"Organization","@id":"https:\/\/www.wannme.com\/it\/#organization","name":"Wannme","url":"https:\/\/www.wannme.com\/it\/","logo":{"@type":"ImageObject","inLanguage":"it-IT","@id":"https:\/\/www.wannme.com\/it\/#\/schema\/logo\/image\/","url":"https:\/\/www.wannme.com\/wp-content\/uploads\/2024\/05\/logo-white-wannme.png","contentUrl":"https:\/\/www.wannme.com\/wp-content\/uploads\/2024\/05\/logo-white-wannme.png","width":749,"height":103,"caption":"Wannme"},"image":{"@id":"https:\/\/www.wannme.com\/it\/#\/schema\/logo\/image\/"}}]}},"_links":{"self":[{"href":"https:\/\/www.wannme.com\/it\/wp-json\/wp\/v2\/pages\/25376","targetHints":{"allow":["GET"]}}],"collection":[{"href":"https:\/\/www.wannme.com\/it\/wp-json\/wp\/v2\/pages"}],"about":[{"href":"https:\/\/www.wannme.com\/it\/wp-json\/wp\/v2\/types\/page"}],"author":[{"embeddable":true,"href":"https:\/\/www.wannme.com\/it\/wp-json\/wp\/v2\/users\/8"}],"replies":[{"embeddable":true,"href":"https:\/\/www.wannme.com\/it\/wp-json\/wp\/v2\/comments?post=25376"}],"version-history":[{"count":12,"href":"https:\/\/www.wannme.com\/it\/wp-json\/wp\/v2\/pages\/25376\/revisions"}],"predecessor-version":[{"id":29693,"href":"https:\/\/www.wannme.com\/it\/wp-json\/wp\/v2\/pages\/25376\/revisions\/29693"}],"wp:attachment":[{"href":"https:\/\/www.wannme.com\/it\/wp-json\/wp\/v2\/media?parent=25376"}],"curies":[{"name":"wp","href":"https:\/\/api.w.org\/{rel}","templated":true}]}}