{"id":25426,"date":"2025-12-05T09:51:36","date_gmt":"2025-12-05T08:51:36","guid":{"rendered":"https:\/\/www.wannme.com\/seguranca-2\/"},"modified":"2026-04-14T17:22:52","modified_gmt":"2026-04-14T15:22:52","slug":"seguranca","status":"publish","type":"page","link":"https:\/\/www.wannme.com\/pt-pt\/seguranca\/","title":{"rendered":"Seguran\u00e7a"},"content":{"rendered":"\t\t<div data-elementor-type=\"wp-page\" data-elementor-id=\"25426\" class=\"elementor elementor-25426 elementor-23400\" data-elementor-post-type=\"page\">\n\t\t\t\t<div class=\"elementor-element elementor-element-e8c41f1 e-flex e-con-boxed e-con e-parent\" data-id=\"e8c41f1\" data-element_type=\"container\" data-e-type=\"container\" data-settings=\"{&quot;background_background&quot;:&quot;classic&quot;}\">\n\t\t\t\t\t<div class=\"e-con-inner\">\n\t\t\t\t<div class=\"elementor-element elementor-element-180002a elementor-widget__width-initial elementor-widget elementor-widget-heading\" data-id=\"180002a\" data-element_type=\"widget\" data-e-type=\"widget\" data-widget_type=\"heading.default\">\n\t\t\t\t<div class=\"elementor-widget-container\">\n\t\t\t\t\t<h2 class=\"elementor-heading-title elementor-size-default\">A seguran\u00e7a como o seu<br><span style=\"color:#F4C156\">maior aliado para crescer<\/span><\/br><\/h2>\t\t\t\t<\/div>\n\t\t\t\t<\/div>\n\t\t\t\t\t<\/div>\n\t\t\t\t<\/div>\n\t\t<div class=\"elementor-element elementor-element-68e217b e-flex e-con-boxed e-con e-parent\" data-id=\"68e217b\" data-element_type=\"container\" data-e-type=\"container\">\n\t\t\t\t\t<div class=\"e-con-inner\">\n\t\t<div class=\"elementor-element elementor-element-54d443c e-con-full e-flex e-con e-child\" data-id=\"54d443c\" data-element_type=\"container\" data-e-type=\"container\">\n\t\t\t\t<div class=\"elementor-element elementor-element-ee2e8fa elementor-widget__width-initial elementor-widget elementor-widget-heading\" data-id=\"ee2e8fa\" data-element_type=\"widget\" data-e-type=\"widget\" data-widget_type=\"heading.default\">\n\t\t\t\t<div class=\"elementor-widget-container\">\n\t\t\t\t\t<h2 class=\"elementor-heading-title elementor-size-default\">Explora o ambiente seguro da Wannme<\/h2>\t\t\t\t<\/div>\n\t\t\t\t<\/div>\n\t\t\t\t<\/div>\n\t\t<div class=\"elementor-element elementor-element-7d2dc98 e-con-full e-flex e-con e-child\" data-id=\"7d2dc98\" data-element_type=\"container\" data-e-type=\"container\">\n\t\t<div class=\"elementor-element elementor-element-c5f546a e-con-full e-flex e-con e-child\" data-id=\"c5f546a\" data-element_type=\"container\" data-e-type=\"container\" id=\"contenedor-hover\" data-settings=\"{&quot;background_background&quot;:&quot;classic&quot;}\">\n\t\t\t\t<div class=\"elementor-element elementor-element-58d735c elementor-view-stacked elementor-shape-circle elementor-widget elementor-widget-icon\" data-id=\"58d735c\" data-element_type=\"widget\" data-e-type=\"widget\" data-widget_type=\"icon.default\">\n\t\t\t\t<div class=\"elementor-widget-container\">\n\t\t\t\t\t\t\t<div class=\"elementor-icon-wrapper\">\n\t\t\t<div class=\"elementor-icon\">\n\t\t\t<i aria-hidden=\"true\" class=\"icon icon-carbon_gateway-security\"><\/i>\t\t\t<\/div>\n\t\t<\/div>\n\t\t\t\t\t\t<\/div>\n\t\t\t\t<\/div>\n\t\t\t\t<div class=\"elementor-element elementor-element-bcb80e4 elementor-widget__width-initial elementor-widget elementor-widget-heading\" data-id=\"bcb80e4\" data-element_type=\"widget\" data-e-type=\"widget\" data-widget_type=\"heading.default\">\n\t\t\t\t<div class=\"elementor-widget-container\">\n\t\t\t\t\t<h2 class=\"elementor-heading-title elementor-size-default\">Prote\u00e7\u00e3o segura<\/h2>\t\t\t\t<\/div>\n\t\t\t\t<\/div>\n\t\t\t\t<div class=\"elementor-element elementor-element-32f2bba elementor-widget__width-initial elementor-widget elementor-widget-text-editor\" data-id=\"32f2bba\" data-element_type=\"widget\" data-e-type=\"widget\" data-widget_type=\"text-editor.default\">\n\t\t\t\t<div class=\"elementor-widget-container\">\n\t\t\t\t\t\t\t\t\t<p>Trabalhamos com os melhores para te proteger<span style=\"text-decoration: underline;\"> contra qualquer amea\u00e7a: certifica\u00e7\u00f5es, cloud, monitoriza\u00e7\u00e3o, auditorias, requisitos internacionais, protocolos, etc.<\/span><\/p>\t\t\t\t\t\t\t\t<\/div>\n\t\t\t\t<\/div>\n\t\t\t\t<\/div>\n\t\t<div class=\"elementor-element elementor-element-618ed5d e-con-full e-flex e-con e-child\" data-id=\"618ed5d\" data-element_type=\"container\" data-e-type=\"container\" id=\"contenedor-hover\" data-settings=\"{&quot;background_background&quot;:&quot;classic&quot;}\">\n\t\t\t\t<div class=\"elementor-element elementor-element-edeffd7 elementor-view-stacked elementor-shape-circle elementor-widget elementor-widget-icon\" data-id=\"edeffd7\" data-element_type=\"widget\" data-e-type=\"widget\" data-widget_type=\"icon.default\">\n\t\t\t\t<div class=\"elementor-widget-container\">\n\t\t\t\t\t\t\t<div class=\"elementor-icon-wrapper\">\n\t\t\t<div class=\"elementor-icon\">\n\t\t\t<i aria-hidden=\"true\" class=\"icon icon-carbon_ibm-cloud-sysdig-secure\"><\/i>\t\t\t<\/div>\n\t\t<\/div>\n\t\t\t\t\t\t<\/div>\n\t\t\t\t<\/div>\n\t\t\t\t<div class=\"elementor-element elementor-element-fbbba6e elementor-widget__width-initial elementor-widget elementor-widget-heading\" data-id=\"fbbba6e\" data-element_type=\"widget\" data-e-type=\"widget\" data-widget_type=\"heading.default\">\n\t\t\t\t<div class=\"elementor-widget-container\">\n\t\t\t\t\t<h2 class=\"elementor-heading-title elementor-size-default\">Opera\u00e7\u00f5es encriptadas<\/h2>\t\t\t\t<\/div>\n\t\t\t\t<\/div>\n\t\t\t\t<div class=\"elementor-element elementor-element-868db72 elementor-widget__width-initial elementor-widget elementor-widget-text-editor\" data-id=\"868db72\" data-element_type=\"widget\" data-e-type=\"widget\" data-widget_type=\"text-editor.default\">\n\t\t\t\t<div class=\"elementor-widget-container\">\n\t\t\t\t\t\t\t\t\t<p>Todas as suas comunica\u00e7\u00f5es s\u00e3o realizadas sob o <span style=\"text-decoration: underline;\">protocolo SSL<\/span>. Com a nossa tecnologia, criptografamos as informa\u00e7\u00f5es que entram e saem da sua p\u00e1gina para que sejam seguras. <\/p>\t\t\t\t\t\t\t\t<\/div>\n\t\t\t\t<\/div>\n\t\t\t\t<\/div>\n\t\t<div class=\"elementor-element elementor-element-53ea841 e-con-full e-flex e-con e-child\" data-id=\"53ea841\" data-element_type=\"container\" data-e-type=\"container\" id=\"contenedor-hover\" data-settings=\"{&quot;background_background&quot;:&quot;classic&quot;}\">\n\t\t\t\t<div class=\"elementor-element elementor-element-57c51d0 elementor-view-stacked elementor-shape-circle elementor-widget elementor-widget-icon\" data-id=\"57c51d0\" data-element_type=\"widget\" data-e-type=\"widget\" data-widget_type=\"icon.default\">\n\t\t\t\t<div class=\"elementor-widget-container\">\n\t\t\t\t\t\t\t<div class=\"elementor-icon-wrapper\">\n\t\t\t<div class=\"elementor-icon\">\n\t\t\t<i aria-hidden=\"true\" class=\"icon icon-carbon_document-tasks\"><\/i>\t\t\t<\/div>\n\t\t<\/div>\n\t\t\t\t\t\t<\/div>\n\t\t\t\t<\/div>\n\t\t\t\t<div class=\"elementor-element elementor-element-3158146 elementor-widget__width-initial elementor-widget elementor-widget-heading\" data-id=\"3158146\" data-element_type=\"widget\" data-e-type=\"widget\" data-widget_type=\"heading.default\">\n\t\t\t\t<div class=\"elementor-widget-container\">\n\t\t\t\t\t<h2 class=\"elementor-heading-title elementor-size-default\">Seguran\u00e7a certificada<\/h2>\t\t\t\t<\/div>\n\t\t\t\t<\/div>\n\t\t\t\t<div class=\"elementor-element elementor-element-f523292 elementor-widget__width-initial elementor-widget elementor-widget-text-editor\" data-id=\"f523292\" data-element_type=\"widget\" data-e-type=\"widget\" data-widget_type=\"text-editor.default\">\n\t\t\t\t<div class=\"elementor-widget-container\">\n\t\t\t\t\t\t\t\t\t<p>Seguran\u00e7a &#8220;Os servi\u00e7os da Wannme foram submetidos a <span style=\"text-decoration: underline;\">auditoria por um Assessor de Seguran\u00e7a Qualificado (QSA)<\/span>, obtendo a certifica\u00e7\u00e3o PCI-DSS (SAQ-A). O PCI \u00e9 o f\u00f3rum mundial aberto que regula os padr\u00f5es de seguran\u00e7a da Ind\u00fastria de Cart\u00f5es de Pagamento. <\/p>\t\t\t\t\t\t\t\t<\/div>\n\t\t\t\t<\/div>\n\t\t\t\t<\/div>\n\t\t\t\t<\/div>\n\t\t<div class=\"elementor-element elementor-element-d3bdab5 e-con-full e-flex e-con e-child\" data-id=\"d3bdab5\" data-element_type=\"container\" data-e-type=\"container\">\n\t\t<div class=\"elementor-element elementor-element-45f0942 e-con-full e-flex e-con e-child\" data-id=\"45f0942\" data-element_type=\"container\" data-e-type=\"container\" id=\"contenedor-hover\" data-settings=\"{&quot;background_background&quot;:&quot;classic&quot;}\">\n\t\t\t\t<div class=\"elementor-element elementor-element-d594bd6 elementor-view-stacked elementor-shape-circle elementor-widget elementor-widget-icon\" data-id=\"d594bd6\" data-element_type=\"widget\" data-e-type=\"widget\" data-widget_type=\"icon.default\">\n\t\t\t\t<div class=\"elementor-widget-container\">\n\t\t\t\t\t\t\t<div class=\"elementor-icon-wrapper\">\n\t\t\t<div class=\"elementor-icon\">\n\t\t\t<i aria-hidden=\"true\" class=\"icon icon-carbon_cloud-services\"><\/i>\t\t\t<\/div>\n\t\t<\/div>\n\t\t\t\t\t\t<\/div>\n\t\t\t\t<\/div>\n\t\t\t\t<div class=\"elementor-element elementor-element-04d4260 elementor-widget__width-initial elementor-widget elementor-widget-heading\" data-id=\"04d4260\" data-element_type=\"widget\" data-e-type=\"widget\" data-widget_type=\"heading.default\">\n\t\t\t\t<div class=\"elementor-widget-container\">\n\t\t\t\t\t<h2 class=\"elementor-heading-title elementor-size-default\">Alojamento em nuvem<\/h2>\t\t\t\t<\/div>\n\t\t\t\t<\/div>\n\t\t\t\t<div class=\"elementor-element elementor-element-baeb92d elementor-widget__width-initial elementor-widget elementor-widget-text-editor\" data-id=\"baeb92d\" data-element_type=\"widget\" data-e-type=\"widget\" data-widget_type=\"text-editor.default\">\n\t\t\t\t<div class=\"elementor-widget-container\">\n\t\t\t\t\t\t\t\t\t<p>O teu neg\u00f3cio, na nuvem. A nossa infraestrutura de Cloud est\u00e1 alojada na Amazon AWS, garantindo a <span style=\"text-decoration: underline;\">disponibilidade e a velocidade de<\/span> que o teu neg\u00f3cio necessita para escalar. <\/p>\t\t\t\t\t\t\t\t<\/div>\n\t\t\t\t<\/div>\n\t\t\t\t<\/div>\n\t\t<div class=\"elementor-element elementor-element-53dc4dd e-con-full e-flex e-con e-child\" data-id=\"53dc4dd\" data-element_type=\"container\" data-e-type=\"container\" id=\"contenedor-hover\" data-settings=\"{&quot;background_background&quot;:&quot;classic&quot;}\">\n\t\t\t\t<div class=\"elementor-element elementor-element-15a805f elementor-view-stacked elementor-shape-circle elementor-widget elementor-widget-icon\" data-id=\"15a805f\" data-element_type=\"widget\" data-e-type=\"widget\" data-widget_type=\"icon.default\">\n\t\t\t\t<div class=\"elementor-widget-container\">\n\t\t\t\t\t\t\t<div class=\"elementor-icon-wrapper\">\n\t\t\t<div class=\"elementor-icon\">\n\t\t\t<i aria-hidden=\"true\" class=\"icon icon-carbon_security-services\"><\/i>\t\t\t<\/div>\n\t\t<\/div>\n\t\t\t\t\t\t<\/div>\n\t\t\t\t<\/div>\n\t\t\t\t<div class=\"elementor-element elementor-element-0095e48 elementor-widget__width-initial elementor-widget elementor-widget-heading\" data-id=\"0095e48\" data-element_type=\"widget\" data-e-type=\"widget\" data-widget_type=\"heading.default\">\n\t\t\t\t<div class=\"elementor-widget-container\">\n\t\t\t\t\t<h2 class=\"elementor-heading-title elementor-size-default\">O teu servi\u00e7o, auditado<\/h2>\t\t\t\t<\/div>\n\t\t\t\t<\/div>\n\t\t\t\t<div class=\"elementor-element elementor-element-181a0c1 elementor-widget__width-initial elementor-widget elementor-widget-text-editor\" data-id=\"181a0c1\" data-element_type=\"widget\" data-e-type=\"widget\" data-widget_type=\"text-editor.default\">\n\t\t\t\t<div class=\"elementor-widget-container\">\n\t\t\t\t\t\t\t\t\t<p>O teu neg\u00f3cio est\u00e1 protegido. Tanto a nossa infraestrutura como os nossos processos s\u00e3o auditados por empresas de ciberseguran\u00e7a, garantindo <span style=\"text-decoration: underline;\">o cumprimento de todos os regulamentos e medidas de seguran\u00e7a<\/span> necess\u00e1rios. <\/p>\t\t\t\t\t\t\t\t<\/div>\n\t\t\t\t<\/div>\n\t\t\t\t<\/div>\n\t\t<div class=\"elementor-element elementor-element-8407a1a e-con-full e-flex e-con e-child\" data-id=\"8407a1a\" data-element_type=\"container\" data-e-type=\"container\" id=\"contenedor-hover\" data-settings=\"{&quot;background_background&quot;:&quot;classic&quot;}\">\n\t\t\t\t<div class=\"elementor-element elementor-element-3b3c726 elementor-view-stacked elementor-shape-circle elementor-widget elementor-widget-icon\" data-id=\"3b3c726\" data-element_type=\"widget\" data-e-type=\"widget\" data-widget_type=\"icon.default\">\n\t\t\t\t<div class=\"elementor-widget-container\">\n\t\t\t\t\t\t\t<div class=\"elementor-icon-wrapper\">\n\t\t\t<div class=\"elementor-icon\">\n\t\t\t<i aria-hidden=\"true\" class=\"icon icon-carbon_cloud-alerting\"><\/i>\t\t\t<\/div>\n\t\t<\/div>\n\t\t\t\t\t\t<\/div>\n\t\t\t\t<\/div>\n\t\t\t\t<div class=\"elementor-element elementor-element-3f48e10 elementor-widget__width-initial elementor-widget elementor-widget-heading\" data-id=\"3f48e10\" data-element_type=\"widget\" data-e-type=\"widget\" data-widget_type=\"heading.default\">\n\t\t\t\t<div class=\"elementor-widget-container\">\n\t\t\t\t\t<h2 class=\"elementor-heading-title elementor-size-default\">Controlo antifraude total<\/h2>\t\t\t\t<\/div>\n\t\t\t\t<\/div>\n\t\t\t\t<div class=\"elementor-element elementor-element-16c3ce2 elementor-widget__width-initial elementor-widget elementor-widget-text-editor\" data-id=\"16c3ce2\" data-element_type=\"widget\" data-e-type=\"widget\" data-widget_type=\"text-editor.default\">\n\t\t\t\t<div class=\"elementor-widget-container\">\n\t\t\t\t\t\t\t\t\t<p>Cumprimos os requisitos <span style=\"text-decoration: underline;\">PSD2 e o protocolo 3D Secure<\/span> para que os teus pagamentos sejam executados de forma segura e para que sejam detectadas potenciais actividades de fraude.<\/p>\t\t\t\t\t\t\t\t<\/div>\n\t\t\t\t<\/div>\n\t\t\t\t<\/div>\n\t\t\t\t<\/div>\n\t\t\t\t<div class=\"elementor-element elementor-element-4ee02f1 elementor-widget elementor-widget-button\" data-id=\"4ee02f1\" data-element_type=\"widget\" data-e-type=\"widget\" data-widget_type=\"button.default\">\n\t\t\t\t<div class=\"elementor-widget-container\">\n\t\t\t\t\t\t\t\t\t<div class=\"elementor-button-wrapper\">\n\t\t\t\t\t<a class=\"elementor-button elementor-button-link elementor-size-sm\" href=\"#elementor-action%3Aaction%3Dpopup%3Aopen%26settings%3DeyJpZCI6MjU2NjUsInRvZ2dsZSI6ZmFsc2V9\">\n\t\t\t\t\t\t<span class=\"elementor-button-content-wrapper\">\n\t\t\t\t\t\t\t\t\t<span class=\"elementor-button-text\">Trabalha com seguran\u00e7a<\/span>\n\t\t\t\t\t<\/span>\n\t\t\t\t\t<\/a>\n\t\t\t\t<\/div>\n\t\t\t\t\t\t\t\t<\/div>\n\t\t\t\t<\/div>\n\t\t\t\t\t<\/div>\n\t\t\t\t<\/div>\n\t\t\t\t<\/div>\n\t\t","protected":false},"excerpt":{"rendered":"<p>A seguran\u00e7a como o seumaior aliado para crescer Explora o ambiente seguro da Wannme Prote\u00e7\u00e3o segura Trabalhamos com os melhores para te proteger contra qualquer amea\u00e7a: certifica\u00e7\u00f5es, cloud, monitoriza\u00e7\u00e3o, auditorias, requisitos internacionais, protocolos, etc. Opera\u00e7\u00f5es encriptadas Todas as suas comunica\u00e7\u00f5es &hellip; <a href=\"https:\/\/www.wannme.com\/pt-pt\/seguranca\/\">Read More<\/a><\/p>\n","protected":false},"author":8,"featured_media":0,"parent":0,"menu_order":0,"comment_status":"closed","ping_status":"closed","template":"","meta":{"footnotes":""},"class_list":["post-25426","page","type-page","status-publish","hentry"],"yoast_head":"<!-- This site is optimized with the Yoast SEO plugin v27.5 - https:\/\/yoast.com\/product\/yoast-seo-wordpress\/ -->\n<title>Seguran\u00e7a - WANNME<\/title>\n<meta name=\"robots\" content=\"index, follow, max-snippet:-1, max-image-preview:large, max-video-preview:-1\" \/>\n<link rel=\"canonical\" href=\"https:\/\/www.wannme.com\/pt-pt\/seguranca\/\" \/>\n<meta property=\"og:locale\" content=\"pt_PT\" \/>\n<meta property=\"og:type\" content=\"article\" \/>\n<meta property=\"og:title\" content=\"Seguran\u00e7a - WANNME\" \/>\n<meta property=\"og:description\" content=\"A seguran\u00e7a como o seumaior aliado para crescer Explora o ambiente seguro da Wannme Prote\u00e7\u00e3o segura Trabalhamos com os melhores para te proteger contra qualquer amea\u00e7a: certifica\u00e7\u00f5es, cloud, monitoriza\u00e7\u00e3o, auditorias, requisitos internacionais, protocolos, etc. Opera\u00e7\u00f5es encriptadas Todas as suas comunica\u00e7\u00f5es &hellip; Read More\" \/>\n<meta property=\"og:url\" content=\"https:\/\/www.wannme.com\/pt-pt\/seguranca\/\" \/>\n<meta property=\"og:site_name\" content=\"WANNME\" \/>\n<meta property=\"article:modified_time\" content=\"2026-04-14T15:22:52+00:00\" \/>\n<meta property=\"og:image\" content=\"https:\/\/www.wannme.com\/wp-content\/uploads\/2024\/03\/Icono_Color.png\" \/>\n\t<meta property=\"og:image:width\" content=\"2340\" \/>\n\t<meta property=\"og:image:height\" content=\"810\" \/>\n\t<meta property=\"og:image:type\" content=\"image\/png\" \/>\n<meta name=\"twitter:card\" content=\"summary_large_image\" \/>\n<meta name=\"twitter:label1\" content=\"Tempo estimado de leitura\" \/>\n\t<meta name=\"twitter:data1\" content=\"1 minuto\" \/>\n<!-- \/ Yoast SEO plugin. -->","yoast_head_json":{"title":"Seguran\u00e7a - WANNME","robots":{"index":"index","follow":"follow","max-snippet":"max-snippet:-1","max-image-preview":"max-image-preview:large","max-video-preview":"max-video-preview:-1"},"canonical":"https:\/\/www.wannme.com\/pt-pt\/seguranca\/","og_locale":"pt_PT","og_type":"article","og_title":"Seguran\u00e7a - WANNME","og_description":"A seguran\u00e7a como o seumaior aliado para crescer Explora o ambiente seguro da Wannme Prote\u00e7\u00e3o segura Trabalhamos com os melhores para te proteger contra qualquer amea\u00e7a: certifica\u00e7\u00f5es, cloud, monitoriza\u00e7\u00e3o, auditorias, requisitos internacionais, protocolos, etc. Opera\u00e7\u00f5es encriptadas Todas as suas comunica\u00e7\u00f5es &hellip; Read More","og_url":"https:\/\/www.wannme.com\/pt-pt\/seguranca\/","og_site_name":"WANNME","article_modified_time":"2026-04-14T15:22:52+00:00","og_image":[{"width":2340,"height":810,"url":"https:\/\/www.wannme.com\/wp-content\/uploads\/2024\/03\/Icono_Color.png","type":"image\/png"}],"twitter_card":"summary_large_image","twitter_misc":{"Tempo estimado de leitura":"1 minuto"},"schema":{"@context":"https:\/\/schema.org","@graph":[{"@type":"WebPage","@id":"https:\/\/www.wannme.com\/pt-pt\/seguranca\/","url":"https:\/\/www.wannme.com\/pt-pt\/seguranca\/","name":"Seguran\u00e7a - WANNME","isPartOf":{"@id":"https:\/\/www.wannme.com\/pt-pt\/#website"},"datePublished":"2025-12-05T08:51:36+00:00","dateModified":"2026-04-14T15:22:52+00:00","breadcrumb":{"@id":"https:\/\/www.wannme.com\/pt-pt\/seguranca\/#breadcrumb"},"inLanguage":"pt-PT","potentialAction":[{"@type":"ReadAction","target":["https:\/\/www.wannme.com\/pt-pt\/seguranca\/"]}]},{"@type":"BreadcrumbList","@id":"https:\/\/www.wannme.com\/pt-pt\/seguranca\/#breadcrumb","itemListElement":[{"@type":"ListItem","position":1,"name":"Portada","item":"https:\/\/www.wannme.com\/pt-pt\/"},{"@type":"ListItem","position":2,"name":"Seguran\u00e7a"}]},{"@type":"WebSite","@id":"https:\/\/www.wannme.com\/pt-pt\/#website","url":"https:\/\/www.wannme.com\/pt-pt\/","name":"WANNME","description":"Vende m\u00e1s y cobra hoy","publisher":{"@id":"https:\/\/www.wannme.com\/pt-pt\/#organization"},"potentialAction":[{"@type":"SearchAction","target":{"@type":"EntryPoint","urlTemplate":"https:\/\/www.wannme.com\/pt-pt\/?s={search_term_string}"},"query-input":{"@type":"PropertyValueSpecification","valueRequired":true,"valueName":"search_term_string"}}],"inLanguage":"pt-PT"},{"@type":"Organization","@id":"https:\/\/www.wannme.com\/pt-pt\/#organization","name":"Wannme","url":"https:\/\/www.wannme.com\/pt-pt\/","logo":{"@type":"ImageObject","inLanguage":"pt-PT","@id":"https:\/\/www.wannme.com\/pt-pt\/#\/schema\/logo\/image\/","url":"https:\/\/www.wannme.com\/wp-content\/uploads\/2024\/05\/logo-white-wannme.png","contentUrl":"https:\/\/www.wannme.com\/wp-content\/uploads\/2024\/05\/logo-white-wannme.png","width":749,"height":103,"caption":"Wannme"},"image":{"@id":"https:\/\/www.wannme.com\/pt-pt\/#\/schema\/logo\/image\/"}}]}},"_links":{"self":[{"href":"https:\/\/www.wannme.com\/pt-pt\/wp-json\/wp\/v2\/pages\/25426","targetHints":{"allow":["GET"]}}],"collection":[{"href":"https:\/\/www.wannme.com\/pt-pt\/wp-json\/wp\/v2\/pages"}],"about":[{"href":"https:\/\/www.wannme.com\/pt-pt\/wp-json\/wp\/v2\/types\/page"}],"author":[{"embeddable":true,"href":"https:\/\/www.wannme.com\/pt-pt\/wp-json\/wp\/v2\/users\/8"}],"replies":[{"embeddable":true,"href":"https:\/\/www.wannme.com\/pt-pt\/wp-json\/wp\/v2\/comments?post=25426"}],"version-history":[{"count":11,"href":"https:\/\/www.wannme.com\/pt-pt\/wp-json\/wp\/v2\/pages\/25426\/revisions"}],"predecessor-version":[{"id":29780,"href":"https:\/\/www.wannme.com\/pt-pt\/wp-json\/wp\/v2\/pages\/25426\/revisions\/29780"}],"wp:attachment":[{"href":"https:\/\/www.wannme.com\/pt-pt\/wp-json\/wp\/v2\/media?parent=25426"}],"curies":[{"name":"wp","href":"https:\/\/api.w.org\/{rel}","templated":true}]}}