{"id":25542,"date":"2025-12-05T09:53:50","date_gmt":"2025-12-05T08:53:50","guid":{"rendered":"https:\/\/www.wannme.com\/parceiros-2\/"},"modified":"2026-04-14T17:19:31","modified_gmt":"2026-04-14T15:19:31","slug":"parceiros","status":"publish","type":"page","link":"https:\/\/www.wannme.com\/pt-pt\/parceiros\/","title":{"rendered":"Parceiros"},"content":{"rendered":"\t\t<div data-elementor-type=\"wp-page\" data-elementor-id=\"25542\" class=\"elementor elementor-25542 elementor-23712\" data-elementor-post-type=\"page\">\n\t\t\t\t<div class=\"elementor-element elementor-element-e8c41f1 e-flex e-con-boxed e-con e-parent\" data-id=\"e8c41f1\" data-element_type=\"container\" data-e-type=\"container\" data-settings=\"{&quot;background_background&quot;:&quot;classic&quot;}\">\n\t\t\t\t\t<div class=\"e-con-inner\">\n\t\t\t\t<div class=\"elementor-element elementor-element-180002a elementor-widget__width-initial elementor-widget elementor-widget-heading\" data-id=\"180002a\" data-element_type=\"widget\" data-e-type=\"widget\" data-widget_type=\"heading.default\">\n\t\t\t\t<div class=\"elementor-widget-container\">\n\t\t\t\t\t<h2 class=\"elementor-heading-title elementor-size-default\">Torna-te um parceiro<\/h2>\t\t\t\t<\/div>\n\t\t\t\t<\/div>\n\t\t\t\t\t<\/div>\n\t\t\t\t<\/div>\n\t\t<div class=\"elementor-element elementor-element-37c720a e-flex e-con-boxed e-con e-parent\" data-id=\"37c720a\" data-element_type=\"container\" data-e-type=\"container\">\n\t\t\t\t\t<div class=\"e-con-inner\">\n\t\t<div class=\"elementor-element elementor-element-fa9fe16 e-con-full e-flex e-con e-child\" data-id=\"fa9fe16\" data-element_type=\"container\" data-e-type=\"container\" data-settings=\"{&quot;background_background&quot;:&quot;classic&quot;}\">\n\t\t\t\t<\/div>\n\t\t<div class=\"elementor-element elementor-element-909e7ab e-con-full e-flex e-con e-child\" data-id=\"909e7ab\" data-element_type=\"container\" data-e-type=\"container\">\n\t\t\t\t<div class=\"elementor-element elementor-element-698c2e0 elementor-widget__width-initial elementor-widget elementor-widget-heading\" data-id=\"698c2e0\" data-element_type=\"widget\" data-e-type=\"widget\" data-widget_type=\"heading.default\">\n\t\t\t\t<div class=\"elementor-widget-container\">\n\t\t\t\t\t<h2 class=\"elementor-heading-title elementor-size-default\">Expande a tua <span style=\"color:#F4C156\">proposta de valor<\/span><\/h2>\t\t\t\t<\/div>\n\t\t\t\t<\/div>\n\t\t\t\t<div class=\"elementor-element elementor-element-7aa8bb0 elementor-widget__width-initial elementor-widget elementor-widget-text-editor\" data-id=\"7aa8bb0\" data-element_type=\"widget\" data-e-type=\"widget\" data-widget_type=\"text-editor.default\">\n\t\t\t\t<div class=\"elementor-widget-container\">\n\t\t\t\t\t\t\t\t\t<p>Com a integra\u00e7\u00e3o da Wannme, tens o poder de oferecer aos teus clientes um <strong>vasto leque de possibilidades<\/strong>, incluindo adiantamentos de dinheiro e diferentes op\u00e7\u00f5es de pagamento, desde cart\u00f5es a transfer\u00eancias banc\u00e1rias, carteiras a fluxos de cobran\u00e7a autom\u00e1tica, <strong>tudo numa experi\u00eancia unificada e segura<\/strong>.<\/p>\t\t\t\t\t\t\t\t<\/div>\n\t\t\t\t<\/div>\n\t\t\t\t<\/div>\n\t\t\t\t\t<\/div>\n\t\t\t\t<\/div>\n\t\t<div class=\"elementor-element elementor-element-68e217b e-flex e-con-boxed e-con e-parent\" data-id=\"68e217b\" data-element_type=\"container\" data-e-type=\"container\">\n\t\t\t\t\t<div class=\"e-con-inner\">\n\t\t<div class=\"elementor-element elementor-element-7d2dc98 e-con-full e-flex e-con e-child\" data-id=\"7d2dc98\" data-element_type=\"container\" data-e-type=\"container\">\n\t\t<div class=\"elementor-element elementor-element-c5f546a e-con-full e-flex e-con e-child\" data-id=\"c5f546a\" data-element_type=\"container\" data-e-type=\"container\" id=\"contenedor-hover-botones\" data-settings=\"{&quot;background_background&quot;:&quot;classic&quot;}\">\n\t\t<div class=\"elementor-element elementor-element-93c64ed e-con-full e-flex e-con e-child\" data-id=\"93c64ed\" data-element_type=\"container\" data-e-type=\"container\" data-settings=\"{&quot;background_background&quot;:&quot;classic&quot;}\">\n\t\t\t\t<\/div>\n\t\t\t\t<div class=\"elementor-element elementor-element-bcb80e4 elementor-widget__width-initial elementor-widget elementor-widget-heading\" data-id=\"bcb80e4\" data-element_type=\"widget\" data-e-type=\"widget\" data-widget_type=\"heading.default\">\n\t\t\t\t<div class=\"elementor-widget-container\">\n\t\t\t\t\t<h2 class=\"elementor-heading-title elementor-size-default\">O que queres oferecer aos teus clientes?<\/h2>\t\t\t\t<\/div>\n\t\t\t\t<\/div>\n\t\t<div class=\"elementor-element elementor-element-969d710 e-flex e-con-boxed e-con e-child\" data-id=\"969d710\" data-element_type=\"container\" data-e-type=\"container\">\n\t\t\t\t\t<div class=\"e-con-inner\">\n\t\t\t\t<div class=\"elementor-element elementor-element-56a8342 elementor-view-default elementor-widget elementor-widget-icon\" data-id=\"56a8342\" data-element_type=\"widget\" data-e-type=\"widget\" data-widget_type=\"icon.default\">\n\t\t\t\t<div class=\"elementor-widget-container\">\n\t\t\t\t\t\t\t<div class=\"elementor-icon-wrapper\">\n\t\t\t<div class=\"elementor-icon\">\n\t\t\t<svg xmlns=\"http:\/\/www.w3.org\/2000\/svg\" width=\"23\" height=\"23\" viewBox=\"0 0 23 23\" fill=\"none\"><rect width=\"23\" height=\"23\" rx=\"11.5\" fill=\"#F4C156\"><\/rect><path d=\"M10.0938 15.25L5.875 11.0313L6.53781 10.3684L10.0938 13.9239L16.4622 7.55594L17.125 8.21875L10.0938 15.25Z\" fill=\"#2E3F63\"><\/path><\/svg>\t\t\t<\/div>\n\t\t<\/div>\n\t\t\t\t\t\t<\/div>\n\t\t\t\t<\/div>\n\t\t\t\t<div class=\"elementor-element elementor-element-f523292 elementor-widget__width-initial elementor-widget elementor-widget-text-editor\" data-id=\"f523292\" data-element_type=\"widget\" data-e-type=\"widget\" data-widget_type=\"text-editor.default\">\n\t\t\t\t<div class=\"elementor-widget-container\">\n\t\t\t\t\t\t\t\t\t<p><strong>Liga-te a eles<\/strong>. Oferece aos teus clientes uma <a href=\"https:\/\/www.wannme.com\/servicios-de-cobro-online\/\" target=\"_blank\" rel=\"noopener\" data-fpl-component=\"primitive\">plataforma de pagamento<\/a> que simplifica os seus pagamentos e acelera o seu crescimento. <\/p>\t\t\t\t\t\t\t\t<\/div>\n\t\t\t\t<\/div>\n\t\t\t\t\t<\/div>\n\t\t\t\t<\/div>\n\t\t<div class=\"elementor-element elementor-element-75c35e4 e-flex e-con-boxed e-con e-child\" data-id=\"75c35e4\" data-element_type=\"container\" data-e-type=\"container\">\n\t\t\t\t\t<div class=\"e-con-inner\">\n\t\t\t\t<div class=\"elementor-element elementor-element-4dac0cb elementor-view-default elementor-widget elementor-widget-icon\" data-id=\"4dac0cb\" data-element_type=\"widget\" data-e-type=\"widget\" data-widget_type=\"icon.default\">\n\t\t\t\t<div class=\"elementor-widget-container\">\n\t\t\t\t\t\t\t<div class=\"elementor-icon-wrapper\">\n\t\t\t<div class=\"elementor-icon\">\n\t\t\t<svg xmlns=\"http:\/\/www.w3.org\/2000\/svg\" width=\"23\" height=\"23\" viewBox=\"0 0 23 23\" fill=\"none\"><rect width=\"23\" height=\"23\" rx=\"11.5\" fill=\"#F4C156\"><\/rect><path d=\"M10.0938 15.25L5.875 11.0313L6.53781 10.3684L10.0938 13.9239L16.4622 7.55594L17.125 8.21875L10.0938 15.25Z\" fill=\"#2E3F63\"><\/path><\/svg>\t\t\t<\/div>\n\t\t<\/div>\n\t\t\t\t\t\t<\/div>\n\t\t\t\t<\/div>\n\t\t\t\t<div class=\"elementor-element elementor-element-8612e37 elementor-widget__width-initial elementor-widget elementor-widget-text-editor\" data-id=\"8612e37\" data-element_type=\"widget\" data-e-type=\"widget\" data-widget_type=\"text-editor.default\">\n\t\t\t\t<div class=\"elementor-widget-container\">\n\t\t\t\t\t\t\t\t\t<p><strong>Fidelidade e for\u00e7a<\/strong>. D\u00e1 aos teus clientes um controlo total sobre o seu fluxo de caixa, oferecendo-lhes ferramentas autom\u00e1ticas <\/p>\t\t\t\t\t\t\t\t<\/div>\n\t\t\t\t<\/div>\n\t\t\t\t\t<\/div>\n\t\t\t\t<\/div>\n\t\t\t\t<\/div>\n\t\t<div class=\"elementor-element elementor-element-53ea841 e-con-full e-flex e-con e-child\" data-id=\"53ea841\" data-element_type=\"container\" data-e-type=\"container\" id=\"contenedor-hover-botones\" data-settings=\"{&quot;background_background&quot;:&quot;classic&quot;}\">\n\t\t<div class=\"elementor-element elementor-element-e1ab9fa e-con-full e-flex e-con e-child\" data-id=\"e1ab9fa\" data-element_type=\"container\" data-e-type=\"container\" data-settings=\"{&quot;background_background&quot;:&quot;classic&quot;}\">\n\t\t\t\t<\/div>\n\t\t\t\t<div class=\"elementor-element elementor-element-3158146 elementor-widget__width-initial elementor-widget elementor-widget-heading\" data-id=\"3158146\" data-element_type=\"widget\" data-e-type=\"widget\" data-widget_type=\"heading.default\">\n\t\t\t\t<div class=\"elementor-widget-container\">\n\t\t\t\t\t<h2 class=\"elementor-heading-title elementor-size-default\">Adiantamento de vendas<\/h2>\t\t\t\t<\/div>\n\t\t\t\t<\/div>\n\t\t<div class=\"elementor-element elementor-element-8548a48 e-flex e-con-boxed e-con e-child\" data-id=\"8548a48\" data-element_type=\"container\" data-e-type=\"container\">\n\t\t\t\t\t<div class=\"e-con-inner\">\n\t\t\t\t<div class=\"elementor-element elementor-element-288d95d elementor-view-default elementor-widget elementor-widget-icon\" data-id=\"288d95d\" data-element_type=\"widget\" data-e-type=\"widget\" data-widget_type=\"icon.default\">\n\t\t\t\t<div class=\"elementor-widget-container\">\n\t\t\t\t\t\t\t<div class=\"elementor-icon-wrapper\">\n\t\t\t<div class=\"elementor-icon\">\n\t\t\t<svg xmlns=\"http:\/\/www.w3.org\/2000\/svg\" width=\"23\" height=\"23\" viewBox=\"0 0 23 23\" fill=\"none\"><rect width=\"23\" height=\"23\" rx=\"11.5\" fill=\"#F4C156\"><\/rect><path d=\"M10.0938 15.25L5.875 11.0313L6.53781 10.3684L10.0938 13.9239L16.4622 7.55594L17.125 8.21875L10.0938 15.25Z\" fill=\"#2E3F63\"><\/path><\/svg>\t\t\t<\/div>\n\t\t<\/div>\n\t\t\t\t\t\t<\/div>\n\t\t\t\t<\/div>\n\t\t\t\t<div class=\"elementor-element elementor-element-039d0f5 elementor-widget__width-initial elementor-widget elementor-widget-text-editor\" data-id=\"039d0f5\" data-element_type=\"widget\" data-e-type=\"widget\" data-widget_type=\"text-editor.default\">\n\t\t\t\t<div class=\"elementor-widget-container\">\n\t\t\t\t\t\t\t\t\t<p><a href=\"https:\/\/www.wannme.com\/ecosistemas-marketplaces\/\"><strong>Cresce com os teus vendedores<\/strong>.<\/a> Com a nossa solu\u00e7\u00e3o, obt\u00e9m liquidez di\u00e1ria nos mercados.<\/p>\t\t\t\t\t\t\t\t<\/div>\n\t\t\t\t<\/div>\n\t\t\t\t\t<\/div>\n\t\t\t\t<\/div>\n\t\t<div class=\"elementor-element elementor-element-9027332 e-flex e-con-boxed e-con e-child\" data-id=\"9027332\" data-element_type=\"container\" data-e-type=\"container\">\n\t\t\t\t\t<div class=\"e-con-inner\">\n\t\t\t\t<div class=\"elementor-element elementor-element-866c53a elementor-view-default elementor-widget elementor-widget-icon\" data-id=\"866c53a\" data-element_type=\"widget\" data-e-type=\"widget\" data-widget_type=\"icon.default\">\n\t\t\t\t<div class=\"elementor-widget-container\">\n\t\t\t\t\t\t\t<div class=\"elementor-icon-wrapper\">\n\t\t\t<div class=\"elementor-icon\">\n\t\t\t<svg xmlns=\"http:\/\/www.w3.org\/2000\/svg\" width=\"23\" height=\"23\" viewBox=\"0 0 23 23\" fill=\"none\"><rect width=\"23\" height=\"23\" rx=\"11.5\" fill=\"#F4C156\"><\/rect><path d=\"M10.0938 15.25L5.875 11.0313L6.53781 10.3684L10.0938 13.9239L16.4622 7.55594L17.125 8.21875L10.0938 15.25Z\" fill=\"#2E3F63\"><\/path><\/svg>\t\t\t<\/div>\n\t\t<\/div>\n\t\t\t\t\t\t<\/div>\n\t\t\t\t<\/div>\n\t\t\t\t<div class=\"elementor-element elementor-element-a42ae76 elementor-widget__width-initial elementor-widget elementor-widget-text-editor\" data-id=\"a42ae76\" data-element_type=\"widget\" data-e-type=\"widget\" data-widget_type=\"text-editor.default\">\n\t\t\t\t<div class=\"elementor-widget-container\">\n\t\t\t\t\t\t\t\t\t<p><strong>Receber\u00e3o:<\/strong><\/p>\t\t\t\t\t\t\t\t<\/div>\n\t\t\t\t<\/div>\n\t\t\t\t\t<\/div>\n\t\t\t\t<\/div>\n\t\t\t\t<div class=\"elementor-element elementor-element-6a60da9 elementor-icon-list--layout-traditional elementor-list-item-link-full_width elementor-widget elementor-widget-icon-list\" data-id=\"6a60da9\" data-element_type=\"widget\" data-e-type=\"widget\" data-widget_type=\"icon-list.default\">\n\t\t\t\t<div class=\"elementor-widget-container\">\n\t\t\t\t\t\t\t<ul class=\"elementor-icon-list-items\">\n\t\t\t\t\t\t\t<li class=\"elementor-icon-list-item\">\n\t\t\t\t\t\t\t\t\t\t\t<span class=\"elementor-icon-list-icon\">\n\t\t\t\t\t\t\t<i aria-hidden=\"true\" class=\"icon icon-carbon_arrow-right\"><\/i>\t\t\t\t\t\t<\/span>\n\t\t\t\t\t\t\t\t\t\t<span class=\"elementor-icon-list-text\">Acesso em tempo real ao teu dinheiro<\/span>\n\t\t\t\t\t\t\t\t\t<\/li>\n\t\t\t\t\t\t\t\t<li class=\"elementor-icon-list-item\">\n\t\t\t\t\t\t\t\t\t\t\t<span class=\"elementor-icon-list-icon\">\n\t\t\t\t\t\t\t<i aria-hidden=\"true\" class=\"icon icon-carbon_arrow-right\"><\/i>\t\t\t\t\t\t<\/span>\n\t\t\t\t\t\t\t\t\t\t<span class=\"elementor-icon-list-text\">Mais vendas<\/span>\n\t\t\t\t\t\t\t\t\t<\/li>\n\t\t\t\t\t\t\t\t<li class=\"elementor-icon-list-item\">\n\t\t\t\t\t\t\t\t\t\t\t<span class=\"elementor-icon-list-icon\">\n\t\t\t\t\t\t\t<i aria-hidden=\"true\" class=\"icon icon-carbon_arrow-right\"><\/i>\t\t\t\t\t\t<\/span>\n\t\t\t\t\t\t\t\t\t\t<span class=\"elementor-icon-list-text\">Crescimento do neg\u00f3cio<\/span>\n\t\t\t\t\t\t\t\t\t<\/li>\n\t\t\t\t\t\t\t\t<li class=\"elementor-icon-list-item\">\n\t\t\t\t\t\t\t\t\t\t\t<span class=\"elementor-icon-list-icon\">\n\t\t\t\t\t\t\t<i aria-hidden=\"true\" class=\"icon icon-carbon_arrow-right\"><\/i>\t\t\t\t\t\t<\/span>\n\t\t\t\t\t\t\t\t\t\t<span class=\"elementor-icon-list-text\">N\u00e3o cobra taxas para o mercado<\/span>\n\t\t\t\t\t\t\t\t\t<\/li>\n\t\t\t\t\t\t<\/ul>\n\t\t\t\t\t\t<\/div>\n\t\t\t\t<\/div>\n\t\t\t\t<\/div>\n\t\t\t\t<\/div>\n\t\t\t\t<div class=\"elementor-element elementor-element-651fb69 elementor-widget elementor-widget-button\" data-id=\"651fb69\" data-element_type=\"widget\" data-e-type=\"widget\" data-widget_type=\"button.default\">\n\t\t\t\t<div class=\"elementor-widget-container\">\n\t\t\t\t\t\t\t\t\t<div class=\"elementor-button-wrapper\">\n\t\t\t\t\t<a class=\"elementor-button elementor-button-link elementor-size-sm\" href=\"#elementor-action%3Aaction%3Dpopup%3Aopen%26settings%3DeyJpZCI6MjU2NjUsInRvZ2dsZSI6ZmFsc2V9\">\n\t\t\t\t\t\t<span class=\"elementor-button-content-wrapper\">\n\t\t\t\t\t\t\t\t\t<span class=\"elementor-button-text\">Come\u00e7a a gerar mais receitas<\/span>\n\t\t\t\t\t<\/span>\n\t\t\t\t\t<\/a>\n\t\t\t\t<\/div>\n\t\t\t\t\t\t\t\t<\/div>\n\t\t\t\t<\/div>\n\t\t\t\t\t<\/div>\n\t\t\t\t<\/div>\n\t\t\t\t<\/div>\n\t\t","protected":false},"excerpt":{"rendered":"<p>Torna-te um parceiro Expande a tua proposta de valor Com a integra\u00e7\u00e3o da Wannme, tens o poder de oferecer aos teus clientes um vasto leque de possibilidades, incluindo adiantamentos de dinheiro e diferentes op\u00e7\u00f5es de pagamento, desde cart\u00f5es a transfer\u00eancias &hellip; <a href=\"https:\/\/www.wannme.com\/pt-pt\/parceiros\/\">Read More<\/a><\/p>\n","protected":false},"author":8,"featured_media":0,"parent":0,"menu_order":0,"comment_status":"closed","ping_status":"closed","template":"","meta":{"footnotes":""},"class_list":["post-25542","page","type-page","status-publish","hentry"],"yoast_head":"<!-- This site is optimized with the Yoast SEO plugin v27.5 - https:\/\/yoast.com\/product\/yoast-seo-wordpress\/ -->\n<title>Parceiros - WANNME<\/title>\n<meta name=\"robots\" content=\"index, follow, max-snippet:-1, max-image-preview:large, max-video-preview:-1\" \/>\n<link rel=\"canonical\" href=\"https:\/\/www.wannme.com\/pt-pt\/parceiros\/\" \/>\n<meta property=\"og:locale\" content=\"pt_PT\" \/>\n<meta property=\"og:type\" content=\"article\" \/>\n<meta property=\"og:title\" content=\"Parceiros - WANNME\" \/>\n<meta property=\"og:description\" content=\"Torna-te um parceiro Expande a tua proposta de valor Com a integra\u00e7\u00e3o da Wannme, tens o poder de oferecer aos teus clientes um vasto leque de possibilidades, incluindo adiantamentos de dinheiro e diferentes op\u00e7\u00f5es de pagamento, desde cart\u00f5es a transfer\u00eancias &hellip; Read More\" \/>\n<meta property=\"og:url\" content=\"https:\/\/www.wannme.com\/pt-pt\/parceiros\/\" \/>\n<meta property=\"og:site_name\" content=\"WANNME\" \/>\n<meta property=\"article:modified_time\" content=\"2026-04-14T15:19:31+00:00\" \/>\n<meta property=\"og:image\" content=\"https:\/\/www.wannme.com\/wp-content\/uploads\/2024\/03\/Icono_Color.png\" \/>\n\t<meta property=\"og:image:width\" content=\"2340\" \/>\n\t<meta property=\"og:image:height\" content=\"810\" \/>\n\t<meta property=\"og:image:type\" content=\"image\/png\" \/>\n<meta name=\"twitter:card\" content=\"summary_large_image\" \/>\n<meta name=\"twitter:label1\" content=\"Tempo estimado de leitura\" \/>\n\t<meta name=\"twitter:data1\" content=\"1 minuto\" \/>\n<!-- \/ Yoast SEO plugin. -->","yoast_head_json":{"title":"Parceiros - WANNME","robots":{"index":"index","follow":"follow","max-snippet":"max-snippet:-1","max-image-preview":"max-image-preview:large","max-video-preview":"max-video-preview:-1"},"canonical":"https:\/\/www.wannme.com\/pt-pt\/parceiros\/","og_locale":"pt_PT","og_type":"article","og_title":"Parceiros - WANNME","og_description":"Torna-te um parceiro Expande a tua proposta de valor Com a integra\u00e7\u00e3o da Wannme, tens o poder de oferecer aos teus clientes um vasto leque de possibilidades, incluindo adiantamentos de dinheiro e diferentes op\u00e7\u00f5es de pagamento, desde cart\u00f5es a transfer\u00eancias &hellip; Read More","og_url":"https:\/\/www.wannme.com\/pt-pt\/parceiros\/","og_site_name":"WANNME","article_modified_time":"2026-04-14T15:19:31+00:00","og_image":[{"width":2340,"height":810,"url":"https:\/\/www.wannme.com\/wp-content\/uploads\/2024\/03\/Icono_Color.png","type":"image\/png"}],"twitter_card":"summary_large_image","twitter_misc":{"Tempo estimado de leitura":"1 minuto"},"schema":{"@context":"https:\/\/schema.org","@graph":[{"@type":"WebPage","@id":"https:\/\/www.wannme.com\/pt-pt\/parceiros\/","url":"https:\/\/www.wannme.com\/pt-pt\/parceiros\/","name":"Parceiros - WANNME","isPartOf":{"@id":"https:\/\/www.wannme.com\/pt-pt\/#website"},"datePublished":"2025-12-05T08:53:50+00:00","dateModified":"2026-04-14T15:19:31+00:00","breadcrumb":{"@id":"https:\/\/www.wannme.com\/pt-pt\/parceiros\/#breadcrumb"},"inLanguage":"pt-PT","potentialAction":[{"@type":"ReadAction","target":["https:\/\/www.wannme.com\/pt-pt\/parceiros\/"]}]},{"@type":"BreadcrumbList","@id":"https:\/\/www.wannme.com\/pt-pt\/parceiros\/#breadcrumb","itemListElement":[{"@type":"ListItem","position":1,"name":"Portada","item":"https:\/\/www.wannme.com\/pt-pt\/"},{"@type":"ListItem","position":2,"name":"Parceiros"}]},{"@type":"WebSite","@id":"https:\/\/www.wannme.com\/pt-pt\/#website","url":"https:\/\/www.wannme.com\/pt-pt\/","name":"WANNME","description":"Vende m\u00e1s y cobra hoy","publisher":{"@id":"https:\/\/www.wannme.com\/pt-pt\/#organization"},"potentialAction":[{"@type":"SearchAction","target":{"@type":"EntryPoint","urlTemplate":"https:\/\/www.wannme.com\/pt-pt\/?s={search_term_string}"},"query-input":{"@type":"PropertyValueSpecification","valueRequired":true,"valueName":"search_term_string"}}],"inLanguage":"pt-PT"},{"@type":"Organization","@id":"https:\/\/www.wannme.com\/pt-pt\/#organization","name":"Wannme","url":"https:\/\/www.wannme.com\/pt-pt\/","logo":{"@type":"ImageObject","inLanguage":"pt-PT","@id":"https:\/\/www.wannme.com\/pt-pt\/#\/schema\/logo\/image\/","url":"https:\/\/www.wannme.com\/wp-content\/uploads\/2024\/05\/logo-white-wannme.png","contentUrl":"https:\/\/www.wannme.com\/wp-content\/uploads\/2024\/05\/logo-white-wannme.png","width":749,"height":103,"caption":"Wannme"},"image":{"@id":"https:\/\/www.wannme.com\/pt-pt\/#\/schema\/logo\/image\/"}}]}},"_links":{"self":[{"href":"https:\/\/www.wannme.com\/pt-pt\/wp-json\/wp\/v2\/pages\/25542","targetHints":{"allow":["GET"]}}],"collection":[{"href":"https:\/\/www.wannme.com\/pt-pt\/wp-json\/wp\/v2\/pages"}],"about":[{"href":"https:\/\/www.wannme.com\/pt-pt\/wp-json\/wp\/v2\/types\/page"}],"author":[{"embeddable":true,"href":"https:\/\/www.wannme.com\/pt-pt\/wp-json\/wp\/v2\/users\/8"}],"replies":[{"embeddable":true,"href":"https:\/\/www.wannme.com\/pt-pt\/wp-json\/wp\/v2\/comments?post=25542"}],"version-history":[{"count":12,"href":"https:\/\/www.wannme.com\/pt-pt\/wp-json\/wp\/v2\/pages\/25542\/revisions"}],"predecessor-version":[{"id":29774,"href":"https:\/\/www.wannme.com\/pt-pt\/wp-json\/wp\/v2\/pages\/25542\/revisions\/29774"}],"wp:attachment":[{"href":"https:\/\/www.wannme.com\/pt-pt\/wp-json\/wp\/v2\/media?parent=25542"}],"curies":[{"name":"wp","href":"https:\/\/api.w.org\/{rel}","templated":true}]}}