{"id":29150,"date":"2026-04-09T18:05:33","date_gmt":"2026-04-09T16:05:33","guid":{"rendered":"https:\/\/www.wannme.com\/?page_id=29150"},"modified":"2026-04-14T17:03:49","modified_gmt":"2026-04-14T15:03:49","slug":"aviso-legal","status":"publish","type":"page","link":"https:\/\/www.wannme.com\/pt-pt\/aviso-legal\/","title":{"rendered":"Aviso Legal"},"content":{"rendered":"\t\t<div data-elementor-type=\"wp-page\" data-elementor-id=\"29150\" class=\"elementor elementor-29150 elementor-2922\" data-elementor-post-type=\"page\">\n\t\t\t\t\t\t<section class=\"elementor-section elementor-top-section elementor-element elementor-element-93e6a62 elementor-section-height-min-height elementor-section-boxed elementor-section-height-default elementor-section-items-middle\" data-id=\"93e6a62\" data-element_type=\"section\" data-e-type=\"section\" data-settings=\"{&quot;background_background&quot;:&quot;classic&quot;}\">\n\t\t\t\t\t\t\t<div class=\"elementor-background-overlay\"><\/div>\n\t\t\t\t\t\t\t<div class=\"elementor-container elementor-column-gap-default\">\n\t\t\t\t\t<div class=\"elementor-column elementor-col-100 elementor-top-column elementor-element elementor-element-cbc70cb\" data-id=\"cbc70cb\" data-element_type=\"column\" data-e-type=\"column\">\n\t\t\t<div class=\"elementor-widget-wrap elementor-element-populated\">\n\t\t\t\t\t\t<div class=\"elementor-element elementor-element-3abeb03 elementor-hidden-mobile elementor-widget elementor-widget-spacer\" data-id=\"3abeb03\" data-element_type=\"widget\" data-e-type=\"widget\" data-widget_type=\"spacer.default\">\n\t\t\t\t<div class=\"elementor-widget-container\">\n\t\t\t\t\t\t\t<div class=\"elementor-spacer\">\n\t\t\t<div class=\"elementor-spacer-inner\"><\/div>\n\t\t<\/div>\n\t\t\t\t\t\t<\/div>\n\t\t\t\t<\/div>\n\t\t\t\t<div class=\"elementor-element elementor-element-89daa02 elementor-widget__width-initial elementor-invisible elementor-widget elementor-widget-heading\" data-id=\"89daa02\" data-element_type=\"widget\" data-e-type=\"widget\" data-settings=\"{&quot;_animation&quot;:&quot;fadeIn&quot;,&quot;_animation_delay&quot;:100}\" data-widget_type=\"heading.default\">\n\t\t\t\t<div class=\"elementor-widget-container\">\n\t\t\t\t\t<h1 class=\"elementor-heading-title elementor-size-default\">Aviso Legal<\/h1>\t\t\t\t<\/div>\n\t\t\t\t<\/div>\n\t\t\t\t<div class=\"elementor-element elementor-element-2a8f16a elementor-hidden-mobile elementor-widget elementor-widget-spacer\" data-id=\"2a8f16a\" data-element_type=\"widget\" data-e-type=\"widget\" data-widget_type=\"spacer.default\">\n\t\t\t\t<div class=\"elementor-widget-container\">\n\t\t\t\t\t\t\t<div class=\"elementor-spacer\">\n\t\t\t<div class=\"elementor-spacer-inner\"><\/div>\n\t\t<\/div>\n\t\t\t\t\t\t<\/div>\n\t\t\t\t<\/div>\n\t\t\t\t\t<\/div>\n\t\t<\/div>\n\t\t\t\t\t<\/div>\n\t\t<\/section>\n\t\t\t\t<section class=\"elementor-section elementor-top-section elementor-element elementor-element-ecfa858 elementor-section-boxed elementor-section-height-default elementor-section-height-default\" data-id=\"ecfa858\" data-element_type=\"section\" data-e-type=\"section\">\n\t\t\t\t\t\t<div class=\"elementor-container elementor-column-gap-default\">\n\t\t\t\t\t<div class=\"elementor-column elementor-col-100 elementor-top-column elementor-element elementor-element-b1d8656\" data-id=\"b1d8656\" data-element_type=\"column\" data-e-type=\"column\">\n\t\t\t<div class=\"elementor-widget-wrap elementor-element-populated\">\n\t\t\t\t\t\t<div class=\"elementor-element elementor-element-fe3ed52 elementor-widget__width-initial elementor-widget elementor-widget-text-editor\" data-id=\"fe3ed52\" data-element_type=\"widget\" data-e-type=\"widget\" data-widget_type=\"text-editor.default\">\n\t\t\t\t<div class=\"elementor-widget-container\">\n\t\t\t\t\t\t\t\t\t<div class=\"et_pb_section et_pb_section_2 et_section_regular\"><div class=\"et_pb_row et_pb_row_1\"><div class=\"et_pb_column et_pb_column_4_4 et_pb_column_3 et_pb_css_mix_blend_mode_passthrough et-last-child\"><div class=\"et_pb_module et_pb_text et_pb_text_2 et_pb_text_align_justified et_pb_bg_layout_light\"><div class=\"et_pb_text_inner\"><h2 data-path-to-node=\"2\">1.- TITULARIDADE DO S\u00cdTIO WEB E DADOS DE CONTACTO<\/h2><p data-path-to-node=\"3\">Em cumprimento da Lei 34\/2002, de 11 de julho, de Servi\u00e7os da Sociedade da Informa\u00e7\u00e3o e Com\u00e9rcio Eletr\u00f3nico (LSSICE), os utilizadores (os \u00abUtilizadores\u00bb) do s\u00edtio web <a class=\"ng-star-inserted\" href=\"https:\/\/www.wannme.com\" target=\"_blank\" rel=\"noopener\">www.wannme.com<\/a> (doravante, o \u00abS\u00edtio Web\u00bb) s\u00e3o informados de que a WANNME MARKETPLACE, S.L.U. (doravante, a \u00abSociedade\u00bb ou \u00abWANNME\u00bb) \u00e9 propriet\u00e1ria do referido s\u00edtio web, sendo os seus dados os seguintes:<\/p><ul data-path-to-node=\"4\"><li><p data-path-to-node=\"4,0,0\"><b data-path-to-node=\"4,0,0\" data-index-in-node=\"0\">Denomina\u00e7\u00e3o Social:<\/b> WANNME MARKETPLACE, S.L.U.<\/p><\/li><li><p data-path-to-node=\"4,1,0\"><b data-path-to-node=\"4,1,0\" data-index-in-node=\"0\">NIF:<\/b> B87935540<\/p><\/li><li><p data-path-to-node=\"4,2,0\"><b data-path-to-node=\"4,2,0\" data-index-in-node=\"0\">Nome Comercial:<\/b> Wannme<\/p><\/li><li><p data-path-to-node=\"4,3,0\"><b data-path-to-node=\"4,3,0\" data-index-in-node=\"0\">Sede:<\/b> Avenida Manoteras n\u00ba 38, Madrid (Espanha).<\/p><\/li><li><p data-path-to-node=\"4,4,0\"><b data-path-to-node=\"4,4,0\" data-index-in-node=\"0\">Inscri\u00e7\u00e3o no Registo Mercantil de Madrid:<\/b> Tomo 36429, Livro 0, Folio 153, Sec\u00e7\u00e3o 8\u00aa, Folha M-654496.<\/p><\/li><li><p data-path-to-node=\"4,5,0\"><b data-path-to-node=\"4,5,0\" data-index-in-node=\"0\">Telefone e e-mail de contacto:<\/b> 910390250 e hola@wannme.com<\/p><\/li><\/ul><h2 data-path-to-node=\"5\">2.- CONDI\u00c7\u00d5ES GERAIS DE UTILIZA\u00c7\u00c3O<\/h2><ul data-path-to-node=\"6\"><li><p data-path-to-node=\"6,0,0\">O Utilizador acede voluntariamente a este S\u00edtio Web, o que implica que o utilizar\u00e1 em conformidade com o presente aviso legal, a lei, a moral, a boa-f\u00e9 e\/ou os bons costumes.<\/p><\/li><li><p data-path-to-node=\"6,1,0\">A utiliza\u00e7\u00e3o deste S\u00edtio Web pressup\u00f5e a aceita\u00e7\u00e3o deste aviso legal.<\/p><\/li><li><p data-path-to-node=\"6,2,0\">Parte das p\u00e1ginas web deste S\u00edtio Web podem ser visitadas livremente pelos utilizadores.<\/p><\/li><li><p data-path-to-node=\"6,3,0\">Para aceder \u00e0s p\u00e1ginas da web que cont\u00eam a demonstra\u00e7\u00e3o (demo) gratuita e permitem contratar os servi\u00e7os da WANNME, \u00e9 necess\u00e1ria a cria\u00e7\u00e3o de uma conta e o registo como utilizador. Para se registar, ser\u00e1 necess\u00e1rio aceitar os termos e condi\u00e7\u00f5es correspondentes.<\/p><\/li><\/ul><h2 data-path-to-node=\"7\">3.- PROPRIEDADE INTELECTUAL E INDUSTRIAL<\/h2><p data-path-to-node=\"8\">Todos os conte\u00fados e elementos do S\u00edtio Web, incluindo, a t\u00edtulo enunciativo e n\u00e3o limitativo, textos, desenhos, marcas, nomes de dom\u00ednio, log\u00f3tipos, gr\u00e1ficos, anima\u00e7\u00f5es, c\u00f3digos-fonte, aplica\u00e7\u00f5es ou qualquer outro elemento s\u00e3o da titularidade da Sociedade ou dos seus licenciantes. A sua reprodu\u00e7\u00e3o, transforma\u00e7\u00e3o, distribui\u00e7\u00e3o ou comunica\u00e7\u00e3o p\u00fablica, bem como qualquer outro ato de disposi\u00e7\u00e3o, ficam terminantemente proibidos, a menos que se disponha da correspondente autoriza\u00e7\u00e3o da Sociedade. Os Utilizadores disp\u00f5em apenas de um direito de utiliza\u00e7\u00e3o estritamente privado, exclusivamente para a finalidade de desfrutar do S\u00edtio Web.<\/p><p data-path-to-node=\"9\">A Sociedade oferece ao Utilizador, relativamente a qualquer programa ou aplica\u00e7\u00e3o inform\u00e1tica (\u00abSoftware\u00bb), bem como relativamente aos conte\u00fados do mesmo a que possa aceder atrav\u00e9s do S\u00edtio Web, uma autoriza\u00e7\u00e3o de utiliza\u00e7\u00e3o pessoal e intransmiss\u00edvel para usar o Software e os conte\u00fados com o fim exclusivo de utilizar o S\u00edtio Web. Em qualquer caso, fica terminantemente proibida a c\u00f3pia, transforma\u00e7\u00e3o, distribui\u00e7\u00e3o, comunica\u00e7\u00e3o p\u00fablica ou qualquer outro ato de disposi\u00e7\u00e3o ou modifica\u00e7\u00e3o sobre o Software e o conte\u00fado, a menos que se disponha da correspondente autoriza\u00e7\u00e3o da Sociedade ou do seu correspondente titular.<\/p><p data-path-to-node=\"10\">O Utilizador compromete-se a utilizar os conte\u00fados e elementos a que aceda atrav\u00e9s do S\u00edtio Web para seu pr\u00f3prio uso e necessidades, e a n\u00e3o realizar, em caso algum, uma explora\u00e7\u00e3o comercial, direta ou indireta, dos mesmos. \u00c9 expressamente proibido suprimir, iludir ou manipular quaisquer dados ou marcas de identifica\u00e7\u00e3o dos direitos do titular do S\u00edtio Web ou dos seus titulares incorporados nos conte\u00fados. O acesso aos conte\u00fados inseridos no S\u00edtio Web n\u00e3o sup\u00f5e uma autoriza\u00e7\u00e3o, por parte da Sociedade, para al\u00e9m da especificamente concedida nesta cl\u00e1usula.<\/p><h2 data-path-to-node=\"11\">4. EXCLUS\u00c3O DE GARANTIAS E DE RESPONSABILIDADE<\/h2><h3 data-path-to-node=\"12\">4.1.- Exclus\u00e3o de garantias e de responsabilidade do S\u00edtio Web<\/h3><p data-path-to-node=\"13\">O S\u00edtio Web \u00e9 fornecido ao Utilizador \u00abtal como est\u00e1\u00bb, pelo que o acesso e\/ou utiliza\u00e7\u00e3o do S\u00edtio Web, bem como a solicita\u00e7\u00e3o de informa\u00e7\u00e3o, s\u00e3o sempre realizados sob a responsabilidade do Utilizador e atendendo \u00e0s condi\u00e7\u00f5es que a Sociedade estabelecer em cada momento. O Utilizador manter\u00e1 a Sociedade indemne e indemniz\u00e1-la-\u00e1 por quaisquer danos ou preju\u00edzos que esta possa sofrer devido \u00e0 utiliza\u00e7\u00e3o indevida do S\u00edtio Web pelo Utilizador.<\/p><p data-path-to-node=\"14\">A informa\u00e7\u00e3o fornecida pelo S\u00edtio Web foi elaborada ou obtida de fontes consideradas seguras. No entanto, a Sociedade n\u00e3o pode garantir a fiabilidade e corre\u00e7\u00e3o da informa\u00e7\u00e3o fornecida por terceiros, uma vez que a Sociedade n\u00e3o disp\u00f5e de controlo sobre a mesma.<\/p><p data-path-to-node=\"15\">At\u00e9 ao limite m\u00e1ximo permitido por lei, a Sociedade n\u00e3o aceita qualquer tipo de responsabilidade por qualquer perda ou dano (incluindo, sem car\u00e1ter limitativo, qualquer tipo de dano ou perda direta, indireta ou consequencial, perda de neg\u00f3cio, dados \u2013 inclu\u00eddos os do Utilizador \u2013, contratos ou lucros, perdas ou danos relacionados com programas ou equipamentos inform\u00e1ticos) que possam surgir pelo acesso ou utiliza\u00e7\u00e3o ou pela impossibilidade de aceder ou utilizar o S\u00edtio Web ou qualquer parte do mesmo, qualquer que seja a causa, incluindo a inexatid\u00e3o das informa\u00e7\u00f5es contidas no S\u00edtio Web, os danos que o acesso ao S\u00edtio Web possa produzir ao Utilizador, incluindo problemas de liga\u00e7\u00e3o, entre outros.<\/p><p data-path-to-node=\"16\">Da mesma forma, a Sociedade tamb\u00e9m n\u00e3o se responsabiliza pelos atos ou conte\u00fados de terceiros colaboradores aos quais se possa aceder atrav\u00e9s do S\u00edtio Web. Al\u00e9m disso, a Sociedade n\u00e3o assume qualquer responsabilidade decorrente da falta de veracidade, corre\u00e7\u00e3o ou precis\u00e3o da informa\u00e7\u00e3o ou qualquer outra informa\u00e7\u00e3o prestada por terceiros atrav\u00e9s do S\u00edtio Web (incluindo fornecedores terceiros, outros participantes ou Utilizadores, colaboradores da Sociedade, entre outros).<\/p><h3 data-path-to-node=\"17\">4.2.- Exclus\u00e3o de garantias e de responsabilidade por manuten\u00e7\u00e3o do S\u00edtio Web<\/h3><p data-path-to-node=\"18\">Embora tenham sido adotadas todas as medidas de seguran\u00e7a necess\u00e1rias, a Sociedade n\u00e3o garante que o Software ou outros elementos, ficheiros ou conte\u00fados do S\u00edtio Web n\u00e3o contenham qualquer erro, que o seu acesso ou utiliza\u00e7\u00e3o seja ininterrupto, ou que n\u00e3o possam estar infetados por v\u00edrus ou por qualquer outro elemento que tenha propriedades destrutivas ou prejudiciais, e, portanto, a Sociedade n\u00e3o aceita qualquer responsabilidade a este respeito. Em caso de realiza\u00e7\u00e3o de opera\u00e7\u00f5es de manuten\u00e7\u00e3o, repara\u00e7\u00e3o, atualiza\u00e7\u00e3o ou melhoria do S\u00edtio Web ou de qualquer um dos seus elementos, a Sociedade reserva-se o direito de suspender temporariamente e sem necessidade de aviso pr\u00e9vio o acesso ao presente S\u00edtio Web. No entanto, a Sociedade envidar\u00e1 os seus melhores esfor\u00e7os para que tais opera\u00e7\u00f5es interfiram o menos poss\u00edvel na utiliza\u00e7\u00e3o do S\u00edtio Web.<\/p><h3 data-path-to-node=\"19\">4.3 Exclus\u00e3o de garantias e de responsabilidade pelo acesso a sites de terceiros<\/h3><p data-path-to-node=\"20\">O S\u00edtio Web poder\u00e1 disponibilizar aos Utilizadores liga\u00e7\u00f5es (links) para s\u00edtios web pertencentes a terceiros, com o fim de facilitar a pesquisa e o acesso \u00e0 informa\u00e7\u00e3o dispon\u00edvel na Internet. A Sociedade n\u00e3o controla previamente, aprova, nem torna seus os atos, servi\u00e7os, informa\u00e7\u00f5es, dados, ficheiros, produtos e qualquer tipo de material existente nos sites de terceiros. O Utilizador, portanto, deve agir com extrema prud\u00eancia na avalia\u00e7\u00e3o e utiliza\u00e7\u00e3o dos servi\u00e7os, informa\u00e7\u00f5es, dados, ficheiros, produtos e qualquer tipo de material existente nos sites de terceiros.<\/p><p data-path-to-node=\"21\">A Sociedade n\u00e3o garante nem assume qualquer tipo de responsabilidade pela utiliza\u00e7\u00e3o, acesso ou quaisquer danos causados ao Utilizador pela utiliza\u00e7\u00e3o dos s\u00edtios web ou servi\u00e7os prestados por terceiros e recomenda consultar e rever as condi\u00e7\u00f5es de utiliza\u00e7\u00e3o e de privacidade de quaisquer s\u00edtios web cujas liga\u00e7\u00f5es possam ser encontradas no presente S\u00edtio Web antes de realizar qualquer solicita\u00e7\u00e3o ou utiliza\u00e7\u00e3o dos servi\u00e7os.<\/p><h3 data-path-to-node=\"22\">4.4 Utiliza\u00e7\u00e3o de conte\u00fados por terceiros<\/h3><p data-path-to-node=\"23\">A Sociedade n\u00e3o garante que outros utilizadores ou terceiros colaboradores utilizem o S\u00edtio Web e os seus conte\u00fados devidamente e de conformidade com o disposto no presente Aviso Legal, na lei, na moral e bons costumes geralmente aceites e na ordem p\u00fablica, nem que o fa\u00e7am de forma diligente e prudente.<\/p><p data-path-to-node=\"24\">Por isso, n\u00e3o aceita qualquer responsabilidade sobre a conduta dos Utilizadores ou Fornecedores ou sobre a utiliza\u00e7\u00e3o que os mesmos fa\u00e7am da informa\u00e7\u00e3o ou conte\u00fados do S\u00edtio Web.<\/p><h3 data-path-to-node=\"25\">4.5 Opini\u00f5es dos Utilizadores<\/h3><p data-path-to-node=\"26\">A Sociedade n\u00e3o se responsabiliza pelas opini\u00f5es expressas pelos seus Utilizadores.<\/p><h2 data-path-to-node=\"27\">5. PUBLICIDADE<\/h2><p data-path-to-node=\"28\">Parte do S\u00edtio Web pode alojar conte\u00fados publicit\u00e1rios ou ser patrocinado. Os anunciantes e patrocinadores s\u00e3o os \u00fanicos respons\u00e1veis por assegurar que o material enviado para inclus\u00e3o no S\u00edtio Web cumpre as leis que, em cada caso, possam ser aplic\u00e1veis. A Sociedade n\u00e3o ser\u00e1 respons\u00e1vel por qualquer erro, inexatid\u00e3o ou irregularidade que os conte\u00fados publicit\u00e1rios ou dos patrocinadores possam conter.<\/p><p data-path-to-node=\"29\">Em todo o caso, para interpor qualquer reclama\u00e7\u00e3o relacionada com os conte\u00fados publicit\u00e1rios inseridos neste S\u00edtio Web, podem dirigir-se \u00e0 pessoa de contacto indicada no presente Aviso Legal.<\/p><h2 data-path-to-node=\"30\">6. GERAL<\/h2><p data-path-to-node=\"31\">A Sociedade reserva-se o direito de modificar unilateralmente, em qualquer momento e sem aviso pr\u00e9vio, a apresenta\u00e7\u00e3o e configura\u00e7\u00e3o do S\u00edtio Web, bem como de atualizar, modificar ou eliminar a informa\u00e7\u00e3o contida no S\u00edtio Web e as condi\u00e7\u00f5es exigidas para aceder ou utilizar o S\u00edtio Web. A utiliza\u00e7\u00e3o ou o acesso ao S\u00edtio Web implicar\u00e1 a aceita\u00e7\u00e3o das novas condi\u00e7\u00f5es a partir do momento em que ocorram.<\/p><p data-path-to-node=\"32\">A Sociedade reserva-se o direito de rever, em qualquer momento e sem aviso pr\u00e9vio, por iniciativa pr\u00f3pria ou a pedido de terceiros, conte\u00fados transmitidos, difundidos ou colocados \u00e0 disposi\u00e7\u00e3o de terceiros pelos Utilizadores e de impedir a sua transmiss\u00e3o, difus\u00e3o ou coloca\u00e7\u00e3o \u00e0 disposi\u00e7\u00e3o de terceiros no caso de, no seu entender, n\u00e3o serem procedentes.<\/p><h2 data-path-to-node=\"33\">7. LEGISLA\u00c7\u00c3O APLIC\u00c1VEL E RESOLU\u00c7\u00c3O DE CONFLITOS<\/h2><p data-path-to-node=\"34\">As condi\u00e7\u00f5es deste S\u00edtio Web e as rela\u00e7\u00f5es entre o utilizador e a WANNME reger-se-\u00e3o pela legisla\u00e7\u00e3o e jurisdi\u00e7\u00e3o espanhola. Para dirimir qualquer discrep\u00e2ncia que possa surgir entre o utilizador e a WANNME, ambas as partes submetem-se aos Ju\u00edzos e Tribunais da cidade de Madrid (Espanha), desde que n\u00e3o prevale\u00e7a o foro do utilizador<\/p><\/div><\/div><\/div><\/div><\/div>\t\t\t\t\t\t\t\t<\/div>\n\t\t\t\t<\/div>\n\t\t\t\t\t<\/div>\n\t\t<\/div>\n\t\t\t\t\t<\/div>\n\t\t<\/section>\n\t\t\t\t<\/div>\n\t\t","protected":false},"excerpt":{"rendered":"<p>Aviso Legal 1.- TITULARIDADE DO S\u00cdTIO WEB E DADOS DE CONTACTO Em cumprimento da Lei 34\/2002, de 11 de julho, de Servi\u00e7os da Sociedade da Informa\u00e7\u00e3o e Com\u00e9rcio Eletr\u00f3nico (LSSICE), os utilizadores (os \u00abUtilizadores\u00bb) do s\u00edtio web www.wannme.com (doravante, o &hellip; <a href=\"https:\/\/www.wannme.com\/pt-pt\/aviso-legal\/\">Read More<\/a><\/p>\n","protected":false},"author":9,"featured_media":0,"parent":0,"menu_order":0,"comment_status":"closed","ping_status":"closed","template":"","meta":{"footnotes":""},"class_list":["post-29150","page","type-page","status-publish","hentry"],"yoast_head":"<!-- This site is optimized with the Yoast SEO plugin v27.4 - https:\/\/yoast.com\/product\/yoast-seo-wordpress\/ -->\n<title>Aviso Legal - WANNME<\/title>\n<meta name=\"robots\" content=\"index, follow, max-snippet:-1, max-image-preview:large, max-video-preview:-1\" \/>\n<link rel=\"canonical\" href=\"https:\/\/www.wannme.com\/pt-pt\/aviso-legal\/\" \/>\n<meta property=\"og:locale\" content=\"pt_PT\" \/>\n<meta property=\"og:type\" content=\"article\" \/>\n<meta property=\"og:title\" content=\"Aviso Legal - WANNME\" \/>\n<meta property=\"og:description\" content=\"Aviso Legal 1.- TITULARIDADE DO S\u00cdTIO WEB E DADOS DE CONTACTO Em cumprimento da Lei 34\/2002, de 11 de julho, de Servi\u00e7os da Sociedade da Informa\u00e7\u00e3o e Com\u00e9rcio Eletr\u00f3nico (LSSICE), os utilizadores (os \u00abUtilizadores\u00bb) do s\u00edtio web www.wannme.com (doravante, o &hellip; Read More\" \/>\n<meta property=\"og:url\" content=\"https:\/\/www.wannme.com\/pt-pt\/aviso-legal\/\" \/>\n<meta property=\"og:site_name\" content=\"WANNME\" \/>\n<meta property=\"article:modified_time\" content=\"2026-04-14T15:03:49+00:00\" \/>\n<meta property=\"og:image\" content=\"https:\/\/www.wannme.com\/wp-content\/uploads\/2024\/03\/Icono_Color.png\" \/>\n\t<meta property=\"og:image:width\" content=\"2340\" \/>\n\t<meta property=\"og:image:height\" content=\"810\" \/>\n\t<meta property=\"og:image:type\" content=\"image\/png\" \/>\n<meta name=\"twitter:card\" content=\"summary_large_image\" \/>\n<meta name=\"twitter:label1\" content=\"Tempo estimado de leitura\" \/>\n\t<meta name=\"twitter:data1\" content=\"8 minutos\" \/>\n<!-- \/ Yoast SEO plugin. -->","yoast_head_json":{"title":"Aviso Legal - WANNME","robots":{"index":"index","follow":"follow","max-snippet":"max-snippet:-1","max-image-preview":"max-image-preview:large","max-video-preview":"max-video-preview:-1"},"canonical":"https:\/\/www.wannme.com\/pt-pt\/aviso-legal\/","og_locale":"pt_PT","og_type":"article","og_title":"Aviso Legal - WANNME","og_description":"Aviso Legal 1.- TITULARIDADE DO S\u00cdTIO WEB E DADOS DE CONTACTO Em cumprimento da Lei 34\/2002, de 11 de julho, de Servi\u00e7os da Sociedade da Informa\u00e7\u00e3o e Com\u00e9rcio Eletr\u00f3nico (LSSICE), os utilizadores (os \u00abUtilizadores\u00bb) do s\u00edtio web www.wannme.com (doravante, o &hellip; Read More","og_url":"https:\/\/www.wannme.com\/pt-pt\/aviso-legal\/","og_site_name":"WANNME","article_modified_time":"2026-04-14T15:03:49+00:00","og_image":[{"width":2340,"height":810,"url":"https:\/\/www.wannme.com\/wp-content\/uploads\/2024\/03\/Icono_Color.png","type":"image\/png"}],"twitter_card":"summary_large_image","twitter_misc":{"Tempo estimado de leitura":"8 minutos"},"schema":{"@context":"https:\/\/schema.org","@graph":[{"@type":"WebPage","@id":"https:\/\/www.wannme.com\/pt-pt\/aviso-legal\/","url":"https:\/\/www.wannme.com\/pt-pt\/aviso-legal\/","name":"Aviso Legal - WANNME","isPartOf":{"@id":"https:\/\/www.wannme.com\/pt-pt\/#website"},"datePublished":"2026-04-09T16:05:33+00:00","dateModified":"2026-04-14T15:03:49+00:00","breadcrumb":{"@id":"https:\/\/www.wannme.com\/pt-pt\/aviso-legal\/#breadcrumb"},"inLanguage":"pt-PT","potentialAction":[{"@type":"ReadAction","target":["https:\/\/www.wannme.com\/pt-pt\/aviso-legal\/"]}]},{"@type":"BreadcrumbList","@id":"https:\/\/www.wannme.com\/pt-pt\/aviso-legal\/#breadcrumb","itemListElement":[{"@type":"ListItem","position":1,"name":"Portada","item":"https:\/\/www.wannme.com\/pt-pt\/"},{"@type":"ListItem","position":2,"name":"Aviso Legal"}]},{"@type":"WebSite","@id":"https:\/\/www.wannme.com\/pt-pt\/#website","url":"https:\/\/www.wannme.com\/pt-pt\/","name":"WANNME","description":"Vende m\u00e1s y cobra hoy","publisher":{"@id":"https:\/\/www.wannme.com\/pt-pt\/#organization"},"potentialAction":[{"@type":"SearchAction","target":{"@type":"EntryPoint","urlTemplate":"https:\/\/www.wannme.com\/pt-pt\/?s={search_term_string}"},"query-input":{"@type":"PropertyValueSpecification","valueRequired":true,"valueName":"search_term_string"}}],"inLanguage":"pt-PT"},{"@type":"Organization","@id":"https:\/\/www.wannme.com\/pt-pt\/#organization","name":"Wannme","url":"https:\/\/www.wannme.com\/pt-pt\/","logo":{"@type":"ImageObject","inLanguage":"pt-PT","@id":"https:\/\/www.wannme.com\/pt-pt\/#\/schema\/logo\/image\/","url":"https:\/\/www.wannme.com\/wp-content\/uploads\/2024\/05\/logo-white-wannme.png","contentUrl":"https:\/\/www.wannme.com\/wp-content\/uploads\/2024\/05\/logo-white-wannme.png","width":749,"height":103,"caption":"Wannme"},"image":{"@id":"https:\/\/www.wannme.com\/pt-pt\/#\/schema\/logo\/image\/"}}]}},"_links":{"self":[{"href":"https:\/\/www.wannme.com\/pt-pt\/wp-json\/wp\/v2\/pages\/29150","targetHints":{"allow":["GET"]}}],"collection":[{"href":"https:\/\/www.wannme.com\/pt-pt\/wp-json\/wp\/v2\/pages"}],"about":[{"href":"https:\/\/www.wannme.com\/pt-pt\/wp-json\/wp\/v2\/types\/page"}],"author":[{"embeddable":true,"href":"https:\/\/www.wannme.com\/pt-pt\/wp-json\/wp\/v2\/users\/9"}],"replies":[{"embeddable":true,"href":"https:\/\/www.wannme.com\/pt-pt\/wp-json\/wp\/v2\/comments?post=29150"}],"version-history":[{"count":7,"href":"https:\/\/www.wannme.com\/pt-pt\/wp-json\/wp\/v2\/pages\/29150\/revisions"}],"predecessor-version":[{"id":29756,"href":"https:\/\/www.wannme.com\/pt-pt\/wp-json\/wp\/v2\/pages\/29150\/revisions\/29756"}],"wp:attachment":[{"href":"https:\/\/www.wannme.com\/pt-pt\/wp-json\/wp\/v2\/media?parent=29150"}],"curies":[{"name":"wp","href":"https:\/\/api.w.org\/{rel}","templated":true}]}}